{"id":6741,"date":"2025-12-16T10:07:54","date_gmt":"2025-12-16T09:07:54","guid":{"rendered":"https:\/\/fluxlasers.eu\/producto\/packung-40-a4-eva-schaumstoffplatten\/"},"modified":"2025-12-16T10:07:54","modified_gmt":"2025-12-16T09:07:54","slug":"packung-40-a4-eva-schaumstoffplatten","status":"publish","type":"product","link":"https:\/\/fluxlasers.eu\/de\/produkt\/packung-40-a4-eva-schaumstoffplatten\/","title":{"rendered":"Packung 40 A4 EVA-Schaumstoffplatten"},"content":{"rendered":"<p>Flexible EVA-Schaumstoffplatten im A4-Format, perfekt f\u00fcr Bastelarbeiten, kreative Projekte, leichte Beschilderung und den Schulgebrauch. Weiches, widerstandsf\u00e4higes Material, das sich sowohl manuell als auch mit Laser (je nach Leistung) leicht schneiden l\u00e4sst. In verschiedenen Farben erh\u00e4ltlich.  <\/p>\n","protected":false},"excerpt":{"rendered":"<p>40 flexible EVA-Schaumstoffplatten im A4-Format<\/p>\n","protected":false},"featured_media":4329,"comment_status":"closed","ping_status":"closed","template":"","meta":[],"product_brand":[],"product_cat":[321],"product_tag":[],"class_list":{"0":"post-6741","1":"product","2":"type-product","3":"status-publish","4":"has-post-thumbnail","6":"product_cat-verbrauchsmaterialien","8":"first","9":"instock","10":"taxable","11":"shipping-taxable","12":"purchasable","13":"product-type-simple"},"yoast_head":"<!-- This site is optimized with the Yoast SEO plugin v27.0 - https:\/\/yoast.com\/product\/yoast-seo-wordpress\/ -->\n<title>Packung 40 A4 EVA-Schaumstoffplatten - Flux - Bomedia<\/title>\n<meta name=\"robots\" content=\"index, follow, max-snippet:-1, max-image-preview:large, max-video-preview:-1\" \/>\n<link rel=\"canonical\" href=\"https:\/\/fluxlasers.eu\/de\/produkt\/packung-40-a4-eva-schaumstoffplatten\/\" \/>\n<meta property=\"og:locale\" content=\"de_DE\" \/>\n<meta property=\"og:type\" content=\"article\" \/>\n<meta property=\"og:title\" content=\"Packung 40 A4 EVA-Schaumstoffplatten - Flux - Bomedia\" \/>\n<meta property=\"og:description\" content=\"40 flexible EVA-Schaumstoffplatten im A4-Format\" \/>\n<meta property=\"og:url\" content=\"https:\/\/fluxlasers.eu\/de\/produkt\/packung-40-a4-eva-schaumstoffplatten\/\" \/>\n<meta property=\"og:site_name\" content=\"Flux - Bomedia\" \/>\n<meta property=\"og:image\" content=\"https:\/\/fluxlasers.eu\/wp-content\/uploads\/2025\/12\/goma-eva-2.jpeg\" \/>\n\t<meta property=\"og:image:width\" content=\"800\" \/>\n\t<meta property=\"og:image:height\" content=\"800\" \/>\n\t<meta property=\"og:image:type\" content=\"image\/jpeg\" \/>\n<meta name=\"twitter:card\" content=\"summary_large_image\" \/>\n<script type=\"application\/ld+json\" class=\"yoast-schema-graph\">{\"@context\":\"https:\/\/schema.org\",\"@graph\":[{\"@type\":\"WebPage\",\"@id\":\"https:\/\/fluxlasers.eu\/de\/produkt\/packung-40-a4-eva-schaumstoffplatten\/\",\"url\":\"https:\/\/fluxlasers.eu\/de\/produkt\/packung-40-a4-eva-schaumstoffplatten\/\",\"name\":\"Packung 40 A4 EVA-Schaumstoffplatten - Flux - Bomedia\",\"isPartOf\":{\"@id\":\"https:\/\/fluxlasers.eu\/de\/#website\"},\"primaryImageOfPage\":{\"@id\":\"https:\/\/fluxlasers.eu\/de\/produkt\/packung-40-a4-eva-schaumstoffplatten\/#primaryimage\"},\"image\":{\"@id\":\"https:\/\/fluxlasers.eu\/de\/produkt\/packung-40-a4-eva-schaumstoffplatten\/#primaryimage\"},\"thumbnailUrl\":\"https:\/\/fluxlasers.eu\/wp-content\/uploads\/2025\/12\/goma-eva-2.jpeg\",\"datePublished\":\"2025-12-16T09:07:54+00:00\",\"breadcrumb\":{\"@id\":\"https:\/\/fluxlasers.eu\/de\/produkt\/packung-40-a4-eva-schaumstoffplatten\/#breadcrumb\"},\"inLanguage\":\"de\",\"potentialAction\":[{\"@type\":\"ReadAction\",\"target\":[\"https:\/\/fluxlasers.eu\/de\/produkt\/packung-40-a4-eva-schaumstoffplatten\/\"]}]},{\"@type\":\"ImageObject\",\"inLanguage\":\"de\",\"@id\":\"https:\/\/fluxlasers.eu\/de\/produkt\/packung-40-a4-eva-schaumstoffplatten\/#primaryimage\",\"url\":\"https:\/\/fluxlasers.eu\/wp-content\/uploads\/2025\/12\/goma-eva-2.jpeg\",\"contentUrl\":\"https:\/\/fluxlasers.eu\/wp-content\/uploads\/2025\/12\/goma-eva-2.jpeg\",\"width\":800,\"height\":800},{\"@type\":\"BreadcrumbList\",\"@id\":\"https:\/\/fluxlasers.eu\/de\/produkt\/packung-40-a4-eva-schaumstoffplatten\/#breadcrumb\",\"itemListElement\":[{\"@type\":\"ListItem\",\"position\":1,\"name\":\"Portada\",\"item\":\"https:\/\/fluxlasers.eu\/de\/startseite\/\"},{\"@type\":\"ListItem\",\"position\":2,\"name\":\"Shop\",\"item\":\"https:\/\/fluxlasers.eu\/de\/shop\/\"},{\"@type\":\"ListItem\",\"position\":3,\"name\":\"Packung 40 A4 EVA-Schaumstoffplatten\"}]},{\"@type\":\"WebSite\",\"@id\":\"https:\/\/fluxlasers.eu\/de\/#website\",\"url\":\"https:\/\/fluxlasers.eu\/de\/\",\"name\":\"Flux - Bomedia\",\"description\":\"Lasercutter und -gravierer\",\"publisher\":{\"@id\":\"https:\/\/fluxlasers.eu\/de\/#organization\"},\"potentialAction\":[{\"@type\":\"SearchAction\",\"target\":{\"@type\":\"EntryPoint\",\"urlTemplate\":\"https:\/\/fluxlasers.eu\/de\/?s={search_term_string}\"},\"query-input\":{\"@type\":\"PropertyValueSpecification\",\"valueRequired\":true,\"valueName\":\"search_term_string\"}}],\"inLanguage\":\"de\"},{\"@type\":\"Organization\",\"@id\":\"https:\/\/fluxlasers.eu\/de\/#organization\",\"name\":\"Fluxlasers Espa\u00f1a\",\"url\":\"https:\/\/fluxlasers.eu\/de\/\",\"logo\":{\"@type\":\"ImageObject\",\"inLanguage\":\"de\",\"@id\":\"https:\/\/fluxlasers.eu\/de\/#\/schema\/logo\/image\/\",\"url\":\"https:\/\/fluxlasers.eu\/wp-content\/uploads\/2021\/03\/logofluxspainc.png\",\"contentUrl\":\"https:\/\/fluxlasers.eu\/wp-content\/uploads\/2021\/03\/logofluxspainc.png\",\"width\":350,\"height\":217,\"caption\":\"Fluxlasers Espa\u00f1a\"},\"image\":{\"@id\":\"https:\/\/fluxlasers.eu\/de\/#\/schema\/logo\/image\/\"}}]}<\/script>\n<!-- \/ Yoast SEO plugin. -->","yoast_head_json":{"title":"Packung 40 A4 EVA-Schaumstoffplatten - Flux - Bomedia","robots":{"index":"index","follow":"follow","max-snippet":"max-snippet:-1","max-image-preview":"max-image-preview:large","max-video-preview":"max-video-preview:-1"},"canonical":"https:\/\/fluxlasers.eu\/de\/produkt\/packung-40-a4-eva-schaumstoffplatten\/","og_locale":"de_DE","og_type":"article","og_title":"Packung 40 A4 EVA-Schaumstoffplatten - Flux - Bomedia","og_description":"40 flexible EVA-Schaumstoffplatten im A4-Format","og_url":"https:\/\/fluxlasers.eu\/de\/produkt\/packung-40-a4-eva-schaumstoffplatten\/","og_site_name":"Flux - Bomedia","og_image":[{"width":800,"height":800,"url":"https:\/\/fluxlasers.eu\/wp-content\/uploads\/2025\/12\/goma-eva-2.jpeg","type":"image\/jpeg"}],"twitter_card":"summary_large_image","schema":{"@context":"https:\/\/schema.org","@graph":[{"@type":"WebPage","@id":"https:\/\/fluxlasers.eu\/de\/produkt\/packung-40-a4-eva-schaumstoffplatten\/","url":"https:\/\/fluxlasers.eu\/de\/produkt\/packung-40-a4-eva-schaumstoffplatten\/","name":"Packung 40 A4 EVA-Schaumstoffplatten - Flux - Bomedia","isPartOf":{"@id":"https:\/\/fluxlasers.eu\/de\/#website"},"primaryImageOfPage":{"@id":"https:\/\/fluxlasers.eu\/de\/produkt\/packung-40-a4-eva-schaumstoffplatten\/#primaryimage"},"image":{"@id":"https:\/\/fluxlasers.eu\/de\/produkt\/packung-40-a4-eva-schaumstoffplatten\/#primaryimage"},"thumbnailUrl":"https:\/\/fluxlasers.eu\/wp-content\/uploads\/2025\/12\/goma-eva-2.jpeg","datePublished":"2025-12-16T09:07:54+00:00","breadcrumb":{"@id":"https:\/\/fluxlasers.eu\/de\/produkt\/packung-40-a4-eva-schaumstoffplatten\/#breadcrumb"},"inLanguage":"de","potentialAction":[{"@type":"ReadAction","target":["https:\/\/fluxlasers.eu\/de\/produkt\/packung-40-a4-eva-schaumstoffplatten\/"]}]},{"@type":"ImageObject","inLanguage":"de","@id":"https:\/\/fluxlasers.eu\/de\/produkt\/packung-40-a4-eva-schaumstoffplatten\/#primaryimage","url":"https:\/\/fluxlasers.eu\/wp-content\/uploads\/2025\/12\/goma-eva-2.jpeg","contentUrl":"https:\/\/fluxlasers.eu\/wp-content\/uploads\/2025\/12\/goma-eva-2.jpeg","width":800,"height":800},{"@type":"BreadcrumbList","@id":"https:\/\/fluxlasers.eu\/de\/produkt\/packung-40-a4-eva-schaumstoffplatten\/#breadcrumb","itemListElement":[{"@type":"ListItem","position":1,"name":"Portada","item":"https:\/\/fluxlasers.eu\/de\/startseite\/"},{"@type":"ListItem","position":2,"name":"Shop","item":"https:\/\/fluxlasers.eu\/de\/shop\/"},{"@type":"ListItem","position":3,"name":"Packung 40 A4 EVA-Schaumstoffplatten"}]},{"@type":"WebSite","@id":"https:\/\/fluxlasers.eu\/de\/#website","url":"https:\/\/fluxlasers.eu\/de\/","name":"Flux - Bomedia","description":"Lasercutter und -gravierer","publisher":{"@id":"https:\/\/fluxlasers.eu\/de\/#organization"},"potentialAction":[{"@type":"SearchAction","target":{"@type":"EntryPoint","urlTemplate":"https:\/\/fluxlasers.eu\/de\/?s={search_term_string}"},"query-input":{"@type":"PropertyValueSpecification","valueRequired":true,"valueName":"search_term_string"}}],"inLanguage":"de"},{"@type":"Organization","@id":"https:\/\/fluxlasers.eu\/de\/#organization","name":"Fluxlasers Espa\u00f1a","url":"https:\/\/fluxlasers.eu\/de\/","logo":{"@type":"ImageObject","inLanguage":"de","@id":"https:\/\/fluxlasers.eu\/de\/#\/schema\/logo\/image\/","url":"https:\/\/fluxlasers.eu\/wp-content\/uploads\/2021\/03\/logofluxspainc.png","contentUrl":"https:\/\/fluxlasers.eu\/wp-content\/uploads\/2021\/03\/logofluxspainc.png","width":350,"height":217,"caption":"Fluxlasers Espa\u00f1a"},"image":{"@id":"https:\/\/fluxlasers.eu\/de\/#\/schema\/logo\/image\/"}}]}},"_links":{"self":[{"href":"https:\/\/fluxlasers.eu\/de\/wp-json\/wp\/v2\/product\/6741","targetHints":{"allow":["GET"]}}],"collection":[{"href":"https:\/\/fluxlasers.eu\/de\/wp-json\/wp\/v2\/product"}],"about":[{"href":"https:\/\/fluxlasers.eu\/de\/wp-json\/wp\/v2\/types\/product"}],"replies":[{"embeddable":true,"href":"https:\/\/fluxlasers.eu\/de\/wp-json\/wp\/v2\/comments?post=6741"}],"wp:featuredmedia":[{"embeddable":true,"href":"https:\/\/fluxlasers.eu\/de\/wp-json\/wp\/v2\/media\/4329"}],"wp:attachment":[{"href":"https:\/\/fluxlasers.eu\/de\/wp-json\/wp\/v2\/media?parent=6741"}],"wp:term":[{"taxonomy":"product_brand","embeddable":true,"href":"https:\/\/fluxlasers.eu\/de\/wp-json\/wp\/v2\/product_brand?post=6741"},{"taxonomy":"product_cat","embeddable":true,"href":"https:\/\/fluxlasers.eu\/de\/wp-json\/wp\/v2\/product_cat?post=6741"},{"taxonomy":"product_tag","embeddable":true,"href":"https:\/\/fluxlasers.eu\/de\/wp-json\/wp\/v2\/product_tag?post=6741"}],"curies":[{"name":"wp","href":"https:\/\/api.w.org\/{rel}","templated":true}]}}