{"id":10788,"date":"2025-12-16T10:00:47","date_gmt":"2025-12-16T09:00:47","guid":{"rendered":"https:\/\/fluxlasers.eu\/producto\/pack-mit-50-mdf-platten-a4-3-mm-geeignet-fuer-laserschnitt\/"},"modified":"2025-12-16T10:00:47","modified_gmt":"2025-12-16T09:00:47","slug":"pack-mit-50-mdf-platten-a4-3-mm-geeignet-fuer-laserschnitt","status":"publish","type":"product","link":"https:\/\/fluxlasers.eu\/de\/produkt\/pack-mit-50-mdf-platten-a4-3-mm-geeignet-fuer-laserschnitt\/","title":{"rendered":"Pack mit 50 MDF-Platten A4 3 mm \u2013 geeignet f\u00fcr Laserschnitt"},"content":{"rendered":"<p>MDF-Platten mit 3 mm St\u00e4rke im A4-Format, speziell geeignet f\u00fcr Laser-Schneid- und Gravurarbeiten. Glatte, homogene Oberfl\u00e4che, ideal f\u00fcr Beschriftungsprojekte, Modelle, Dekoration und Prototyping. Hervorragende Ma\u00dfhaltigkeit und sauberes Finish nach dem Schnitt.  <\/p>\n","protected":false},"excerpt":{"rendered":"<p>50 MDF-Platten mit 3 mm St\u00e4rke im A4-Format<\/p>\n","protected":false},"featured_media":4323,"comment_status":"closed","ping_status":"closed","template":"","meta":[],"product_brand":[],"product_cat":[321],"product_tag":[],"class_list":{"0":"post-10788","1":"product","2":"type-product","3":"status-publish","4":"has-post-thumbnail","6":"product_cat-verbrauchsmaterialien","8":"first","9":"instock","10":"taxable","11":"shipping-taxable","12":"purchasable","13":"product-type-simple"},"yoast_head":"<!-- This site is optimized with the Yoast SEO plugin v27.0 - https:\/\/yoast.com\/product\/yoast-seo-wordpress\/ -->\n<title>Pack mit 50 MDF-Platten A4 3 mm \u2013 geeignet f\u00fcr Laserschnitt - Flux - Bomedia<\/title>\n<meta name=\"robots\" content=\"index, follow, max-snippet:-1, max-image-preview:large, max-video-preview:-1\" \/>\n<link rel=\"canonical\" href=\"https:\/\/fluxlasers.eu\/de\/produkt\/pack-mit-50-mdf-platten-a4-3-mm-geeignet-fuer-laserschnitt\/\" \/>\n<meta property=\"og:locale\" content=\"de_DE\" \/>\n<meta property=\"og:type\" content=\"article\" \/>\n<meta property=\"og:title\" content=\"Pack mit 50 MDF-Platten A4 3 mm \u2013 geeignet f\u00fcr Laserschnitt - Flux - Bomedia\" \/>\n<meta property=\"og:description\" content=\"50 MDF-Platten mit 3 mm St\u00e4rke im A4-Format\" \/>\n<meta property=\"og:url\" content=\"https:\/\/fluxlasers.eu\/de\/produkt\/pack-mit-50-mdf-platten-a4-3-mm-geeignet-fuer-laserschnitt\/\" \/>\n<meta property=\"og:site_name\" content=\"Flux - Bomedia\" \/>\n<meta property=\"og:image\" content=\"https:\/\/fluxlasers.eu\/wp-content\/uploads\/2025\/12\/50-mdf.jpg\" \/>\n\t<meta property=\"og:image:width\" content=\"1500\" \/>\n\t<meta property=\"og:image:height\" content=\"1139\" \/>\n\t<meta property=\"og:image:type\" content=\"image\/jpeg\" \/>\n<meta name=\"twitter:card\" content=\"summary_large_image\" \/>\n<script type=\"application\/ld+json\" class=\"yoast-schema-graph\">{\"@context\":\"https:\/\/schema.org\",\"@graph\":[{\"@type\":\"WebPage\",\"@id\":\"https:\/\/fluxlasers.eu\/de\/produkt\/pack-mit-50-mdf-platten-a4-3-mm-geeignet-fuer-laserschnitt\/\",\"url\":\"https:\/\/fluxlasers.eu\/de\/produkt\/pack-mit-50-mdf-platten-a4-3-mm-geeignet-fuer-laserschnitt\/\",\"name\":\"Pack mit 50 MDF-Platten A4 3 mm \u2013 geeignet f\u00fcr Laserschnitt - Flux - Bomedia\",\"isPartOf\":{\"@id\":\"https:\/\/fluxlasers.eu\/de\/#website\"},\"primaryImageOfPage\":{\"@id\":\"https:\/\/fluxlasers.eu\/de\/produkt\/pack-mit-50-mdf-platten-a4-3-mm-geeignet-fuer-laserschnitt\/#primaryimage\"},\"image\":{\"@id\":\"https:\/\/fluxlasers.eu\/de\/produkt\/pack-mit-50-mdf-platten-a4-3-mm-geeignet-fuer-laserschnitt\/#primaryimage\"},\"thumbnailUrl\":\"https:\/\/fluxlasers.eu\/wp-content\/uploads\/2025\/12\/50-mdf.jpg\",\"datePublished\":\"2025-12-16T09:00:47+00:00\",\"breadcrumb\":{\"@id\":\"https:\/\/fluxlasers.eu\/de\/produkt\/pack-mit-50-mdf-platten-a4-3-mm-geeignet-fuer-laserschnitt\/#breadcrumb\"},\"inLanguage\":\"de\",\"potentialAction\":[{\"@type\":\"ReadAction\",\"target\":[\"https:\/\/fluxlasers.eu\/de\/produkt\/pack-mit-50-mdf-platten-a4-3-mm-geeignet-fuer-laserschnitt\/\"]}]},{\"@type\":\"ImageObject\",\"inLanguage\":\"de\",\"@id\":\"https:\/\/fluxlasers.eu\/de\/produkt\/pack-mit-50-mdf-platten-a4-3-mm-geeignet-fuer-laserschnitt\/#primaryimage\",\"url\":\"https:\/\/fluxlasers.eu\/wp-content\/uploads\/2025\/12\/50-mdf.jpg\",\"contentUrl\":\"https:\/\/fluxlasers.eu\/wp-content\/uploads\/2025\/12\/50-mdf.jpg\",\"width\":1500,\"height\":1139},{\"@type\":\"BreadcrumbList\",\"@id\":\"https:\/\/fluxlasers.eu\/de\/produkt\/pack-mit-50-mdf-platten-a4-3-mm-geeignet-fuer-laserschnitt\/#breadcrumb\",\"itemListElement\":[{\"@type\":\"ListItem\",\"position\":1,\"name\":\"Portada\",\"item\":\"https:\/\/fluxlasers.eu\/de\/startseite\/\"},{\"@type\":\"ListItem\",\"position\":2,\"name\":\"Shop\",\"item\":\"https:\/\/fluxlasers.eu\/de\/shop\/\"},{\"@type\":\"ListItem\",\"position\":3,\"name\":\"Pack mit 50 MDF-Platten A4 3 mm \u2013 geeignet f\u00fcr Laserschnitt\"}]},{\"@type\":\"WebSite\",\"@id\":\"https:\/\/fluxlasers.eu\/de\/#website\",\"url\":\"https:\/\/fluxlasers.eu\/de\/\",\"name\":\"Flux - Bomedia\",\"description\":\"Lasercutter und -gravierer\",\"publisher\":{\"@id\":\"https:\/\/fluxlasers.eu\/de\/#organization\"},\"potentialAction\":[{\"@type\":\"SearchAction\",\"target\":{\"@type\":\"EntryPoint\",\"urlTemplate\":\"https:\/\/fluxlasers.eu\/de\/?s={search_term_string}\"},\"query-input\":{\"@type\":\"PropertyValueSpecification\",\"valueRequired\":true,\"valueName\":\"search_term_string\"}}],\"inLanguage\":\"de\"},{\"@type\":\"Organization\",\"@id\":\"https:\/\/fluxlasers.eu\/de\/#organization\",\"name\":\"Fluxlasers Espa\u00f1a\",\"url\":\"https:\/\/fluxlasers.eu\/de\/\",\"logo\":{\"@type\":\"ImageObject\",\"inLanguage\":\"de\",\"@id\":\"https:\/\/fluxlasers.eu\/de\/#\/schema\/logo\/image\/\",\"url\":\"https:\/\/fluxlasers.eu\/wp-content\/uploads\/2021\/03\/logofluxspainc.png\",\"contentUrl\":\"https:\/\/fluxlasers.eu\/wp-content\/uploads\/2021\/03\/logofluxspainc.png\",\"width\":350,\"height\":217,\"caption\":\"Fluxlasers Espa\u00f1a\"},\"image\":{\"@id\":\"https:\/\/fluxlasers.eu\/de\/#\/schema\/logo\/image\/\"}}]}<\/script>\n<!-- \/ Yoast SEO plugin. -->","yoast_head_json":{"title":"Pack mit 50 MDF-Platten A4 3 mm \u2013 geeignet f\u00fcr Laserschnitt - Flux - Bomedia","robots":{"index":"index","follow":"follow","max-snippet":"max-snippet:-1","max-image-preview":"max-image-preview:large","max-video-preview":"max-video-preview:-1"},"canonical":"https:\/\/fluxlasers.eu\/de\/produkt\/pack-mit-50-mdf-platten-a4-3-mm-geeignet-fuer-laserschnitt\/","og_locale":"de_DE","og_type":"article","og_title":"Pack mit 50 MDF-Platten A4 3 mm \u2013 geeignet f\u00fcr Laserschnitt - Flux - Bomedia","og_description":"50 MDF-Platten mit 3 mm St\u00e4rke im A4-Format","og_url":"https:\/\/fluxlasers.eu\/de\/produkt\/pack-mit-50-mdf-platten-a4-3-mm-geeignet-fuer-laserschnitt\/","og_site_name":"Flux - Bomedia","og_image":[{"width":1500,"height":1139,"url":"https:\/\/fluxlasers.eu\/wp-content\/uploads\/2025\/12\/50-mdf.jpg","type":"image\/jpeg"}],"twitter_card":"summary_large_image","schema":{"@context":"https:\/\/schema.org","@graph":[{"@type":"WebPage","@id":"https:\/\/fluxlasers.eu\/de\/produkt\/pack-mit-50-mdf-platten-a4-3-mm-geeignet-fuer-laserschnitt\/","url":"https:\/\/fluxlasers.eu\/de\/produkt\/pack-mit-50-mdf-platten-a4-3-mm-geeignet-fuer-laserschnitt\/","name":"Pack mit 50 MDF-Platten A4 3 mm \u2013 geeignet f\u00fcr Laserschnitt - Flux - Bomedia","isPartOf":{"@id":"https:\/\/fluxlasers.eu\/de\/#website"},"primaryImageOfPage":{"@id":"https:\/\/fluxlasers.eu\/de\/produkt\/pack-mit-50-mdf-platten-a4-3-mm-geeignet-fuer-laserschnitt\/#primaryimage"},"image":{"@id":"https:\/\/fluxlasers.eu\/de\/produkt\/pack-mit-50-mdf-platten-a4-3-mm-geeignet-fuer-laserschnitt\/#primaryimage"},"thumbnailUrl":"https:\/\/fluxlasers.eu\/wp-content\/uploads\/2025\/12\/50-mdf.jpg","datePublished":"2025-12-16T09:00:47+00:00","breadcrumb":{"@id":"https:\/\/fluxlasers.eu\/de\/produkt\/pack-mit-50-mdf-platten-a4-3-mm-geeignet-fuer-laserschnitt\/#breadcrumb"},"inLanguage":"de","potentialAction":[{"@type":"ReadAction","target":["https:\/\/fluxlasers.eu\/de\/produkt\/pack-mit-50-mdf-platten-a4-3-mm-geeignet-fuer-laserschnitt\/"]}]},{"@type":"ImageObject","inLanguage":"de","@id":"https:\/\/fluxlasers.eu\/de\/produkt\/pack-mit-50-mdf-platten-a4-3-mm-geeignet-fuer-laserschnitt\/#primaryimage","url":"https:\/\/fluxlasers.eu\/wp-content\/uploads\/2025\/12\/50-mdf.jpg","contentUrl":"https:\/\/fluxlasers.eu\/wp-content\/uploads\/2025\/12\/50-mdf.jpg","width":1500,"height":1139},{"@type":"BreadcrumbList","@id":"https:\/\/fluxlasers.eu\/de\/produkt\/pack-mit-50-mdf-platten-a4-3-mm-geeignet-fuer-laserschnitt\/#breadcrumb","itemListElement":[{"@type":"ListItem","position":1,"name":"Portada","item":"https:\/\/fluxlasers.eu\/de\/startseite\/"},{"@type":"ListItem","position":2,"name":"Shop","item":"https:\/\/fluxlasers.eu\/de\/shop\/"},{"@type":"ListItem","position":3,"name":"Pack mit 50 MDF-Platten A4 3 mm \u2013 geeignet f\u00fcr Laserschnitt"}]},{"@type":"WebSite","@id":"https:\/\/fluxlasers.eu\/de\/#website","url":"https:\/\/fluxlasers.eu\/de\/","name":"Flux - Bomedia","description":"Lasercutter und -gravierer","publisher":{"@id":"https:\/\/fluxlasers.eu\/de\/#organization"},"potentialAction":[{"@type":"SearchAction","target":{"@type":"EntryPoint","urlTemplate":"https:\/\/fluxlasers.eu\/de\/?s={search_term_string}"},"query-input":{"@type":"PropertyValueSpecification","valueRequired":true,"valueName":"search_term_string"}}],"inLanguage":"de"},{"@type":"Organization","@id":"https:\/\/fluxlasers.eu\/de\/#organization","name":"Fluxlasers Espa\u00f1a","url":"https:\/\/fluxlasers.eu\/de\/","logo":{"@type":"ImageObject","inLanguage":"de","@id":"https:\/\/fluxlasers.eu\/de\/#\/schema\/logo\/image\/","url":"https:\/\/fluxlasers.eu\/wp-content\/uploads\/2021\/03\/logofluxspainc.png","contentUrl":"https:\/\/fluxlasers.eu\/wp-content\/uploads\/2021\/03\/logofluxspainc.png","width":350,"height":217,"caption":"Fluxlasers Espa\u00f1a"},"image":{"@id":"https:\/\/fluxlasers.eu\/de\/#\/schema\/logo\/image\/"}}]}},"_links":{"self":[{"href":"https:\/\/fluxlasers.eu\/de\/wp-json\/wp\/v2\/product\/10788","targetHints":{"allow":["GET"]}}],"collection":[{"href":"https:\/\/fluxlasers.eu\/de\/wp-json\/wp\/v2\/product"}],"about":[{"href":"https:\/\/fluxlasers.eu\/de\/wp-json\/wp\/v2\/types\/product"}],"replies":[{"embeddable":true,"href":"https:\/\/fluxlasers.eu\/de\/wp-json\/wp\/v2\/comments?post=10788"}],"wp:featuredmedia":[{"embeddable":true,"href":"https:\/\/fluxlasers.eu\/de\/wp-json\/wp\/v2\/media\/4323"}],"wp:attachment":[{"href":"https:\/\/fluxlasers.eu\/de\/wp-json\/wp\/v2\/media?parent=10788"}],"wp:term":[{"taxonomy":"product_brand","embeddable":true,"href":"https:\/\/fluxlasers.eu\/de\/wp-json\/wp\/v2\/product_brand?post=10788"},{"taxonomy":"product_cat","embeddable":true,"href":"https:\/\/fluxlasers.eu\/de\/wp-json\/wp\/v2\/product_cat?post=10788"},{"taxonomy":"product_tag","embeddable":true,"href":"https:\/\/fluxlasers.eu\/de\/wp-json\/wp\/v2\/product_tag?post=10788"}],"curies":[{"name":"wp","href":"https:\/\/api.w.org\/{rel}","templated":true}]}}