{"id":10775,"date":"2025-12-11T10:37:41","date_gmt":"2025-12-11T09:37:41","guid":{"rendered":"https:\/\/fluxlasers.eu\/producto\/chuck-rotary-add-on-beamo\/"},"modified":"2025-12-11T10:37:41","modified_gmt":"2025-12-11T09:37:41","slug":"chuck-rotary-add-on-beamo","status":"publish","type":"product","link":"https:\/\/fluxlasers.eu\/de\/produkt\/chuck-rotary-add-on-beamo\/","title":{"rendered":"Chuck Rotary Add-on \u2013 Beamo"},"content":{"rendered":"<h3 style=\"text-align: center;\" data-start=\"285\" data-end=\"344\">360\u00b0-Rotationsgravur f\u00fcr Zylinder, Ringe und Kugeln<\/h3>\n<p style=\"text-align: center;\" data-start=\"346\" data-end=\"782\">Das <strong data-start=\"349\" data-end=\"378\">beamo Chuck Rotary Add-on<\/strong> verwandelt Ihr FLUX beamo in ein professionelles Rotationsgravurwerkzeug, das Ihnen pr\u00e4zises Rundum-Gravieren auf zylindrischen Objekten, Ringen und Kugeln erm\u00f6glicht. Dank seiner austauschbaren Backen \u2013 gerade, L-f\u00f6rmig und sechseckig \u2013 passt es sich einer Vielzahl von Durchmessern und Formen an und bietet einen stabilen Halt sowie ein perfektes Ergebnis, selbst bei empfindlichen oder unregelm\u00e4\u00dfig geformten Werkst\u00fccken. <\/p>\n<p style=\"text-align: center;\" data-start=\"784\" data-end=\"940\">Ideal zur Personalisierung von Flaschen, Thermobechern, Ringen, dekorativen Kugeln, Kleinteilen und Handarbeiten, die ein professionelles Finish erfordern.<\/p>\n<hr data-start=\"942\" data-end=\"945\">\n<h2 style=\"text-align: center;\" data-start=\"947\" data-end=\"986\"><strong data-start=\"950\" data-end=\"986\">Vielseitigkeit in Gr\u00f6\u00dfen und Formen<\/strong><\/h2>\n<p style=\"text-align: center;\" data-start=\"988\" data-end=\"1148\">Das Chuck Rotary f\u00fcr beamo erm\u00f6glicht einen Gravurdurchmesser von <strong data-start=\"1064\" data-end=\"1078\">1 bis 145 mm<\/strong> f\u00fcr Zylinder, von <strong data-start=\"1096\" data-end=\"1111\">11 bis 145 mm<\/strong> f\u00fcr Ringe und von <strong data-start=\"1130\" data-end=\"1145\">25 bis 130 mm<\/strong> f\u00fcr Kugeln.<\/p>\n<p style=\"text-align: center;\" data-start=\"1150\" data-end=\"1324\">Seine <strong data-start=\"1153\" data-end=\"1196\">maximale Gravurl\u00e4nge betr\u00e4gt 260 mm<\/strong>, was es zu einer idealen L\u00f6sung f\u00fcr kompakte Objekte, kleine Beh\u00e4lter und mittelgro\u00dfe zylindrische Werkst\u00fccke macht.<\/p>\n<p style=\"text-align: center;\" data-start=\"1326\" data-end=\"1442\">Sein Neigungsbereich von <strong data-start=\"1354\" data-end=\"1369\">\u201330\u00b0 bis 180\u00b0<\/strong> bietet mehr Flexibilit\u00e4t, um das Werkst\u00fcck im exakten Winkel zu positionieren.<\/p>\n<hr data-start=\"1444\" data-end=\"1447\">\n<h2 style=\"text-align: center;\" data-start=\"1449\" data-end=\"1488\"><strong data-start=\"1452\" data-end=\"1488\">F\u00fcr breitere Objekte konzipiert<\/strong><\/h2>\n<p style=\"text-align: center;\" data-start=\"1490\" data-end=\"1727\">F\u00fcr breite Beh\u00e4lter \u2013 insbesondere solche mit Griffen, dicken W\u00e4nden oder gr\u00f6\u00dferem Durchmesser \u2013 wird die Verwendung des <a href=\"https:\/\/fluxlasers.eu\/de\/producto\/riser-stands\/\"><strong data-start=\"1610\" data-end=\"1626\">Riser Add-on<\/strong><\/a> empfohlen, das das Spannfutter anhebt und den notwendigen Rotationsraum f\u00fcr st\u00f6rungsfreies Arbeiten bietet.<\/p>\n<hr data-start=\"1729\" data-end=\"1732\">\n<h2 style=\"text-align: center;\" data-start=\"1734\" data-end=\"1794\"><strong data-start=\"1737\" data-end=\"1794\">Technische Spezifikationen \u2013 Beamo Chuck Rotary Add-on<\/strong><\/h2>\n<p style=\"text-align: center;\" data-start=\"1796\" data-end=\"2093\">Abmessungen: 300 \u00d7 103 \u00d7 125 mm<br data-start=\"1827\" data-end=\"1830\">Gewicht: 1,65 kg<br data-start=\"1843\" data-end=\"1846\">Maximales Spannfuttergewicht: 1,50 kg<br data-start=\"1878\" data-end=\"1881\">Neigungswinkel: \u201330\u00b0 bis 180\u00b0<br data-start=\"1915\" data-end=\"1918\">Gravurdurchmesser f\u00fcr Zylinder: 1\u2013145 mm<br data-start=\"1962\" data-end=\"1965\">Gravurdurchmesser f\u00fcr Ringe: 11\u2013145 mm<br data-start=\"2008\" data-end=\"2011\">Gravurdurchmesser f\u00fcr Kugeln: 25\u2013130 mm<br data-start=\"2054\" data-end=\"2057\">Maximale Gravurl\u00e4nge: 260 mm<\/p>\n","protected":false},"excerpt":{"rendered":"<p>Das <strong data-start=\"2154\" data-end=\"2183\">beamo Chuck Rotary Add-on<\/strong> erm\u00f6glicht die vollst\u00e4ndige Rotationsgravur auf Zylindern, Ringen und Kugeln mit Durchmessern von bis zu 145 mm und L\u00e4ngen von bis zu 260 mm. Seine austauschbaren Backen garantieren Pr\u00e4zision und Vielseitigkeit und es kann mit dem <a href=\"https:\/\/fluxlasers.eu\/de\/producto\/riser-stands\/\"><strong data-start=\"2406\" data-end=\"2422\">Riser Add-on<\/strong><\/a> kombiniert werden, um auch breitere Werkst\u00fccke ohne Einschr\u00e4nkungen zu bearbeiten. <\/p>\n","protected":false},"featured_media":4299,"comment_status":"closed","ping_status":"closed","template":"","meta":[],"product_brand":[],"product_cat":[314,313],"product_tag":[],"class_list":{"0":"post-10775","1":"product","2":"type-product","3":"status-publish","4":"has-post-thumbnail","6":"product_cat-beamo-zubehor","7":"product_cat-zubehor","9":"first","10":"instock","11":"taxable","12":"shipping-taxable","13":"product-type-simple"},"yoast_head":"<!-- This site is optimized with the Yoast SEO plugin v27.0 - https:\/\/yoast.com\/product\/yoast-seo-wordpress\/ -->\n<title>Chuck Rotary Add-on \u2013 Beamo - Flux - Bomedia<\/title>\n<meta name=\"robots\" content=\"index, follow, max-snippet:-1, max-image-preview:large, max-video-preview:-1\" \/>\n<link rel=\"canonical\" href=\"https:\/\/fluxlasers.eu\/de\/produkt\/chuck-rotary-add-on-beamo\/\" \/>\n<meta property=\"og:locale\" content=\"de_DE\" \/>\n<meta property=\"og:type\" content=\"article\" \/>\n<meta property=\"og:title\" content=\"Chuck Rotary Add-on \u2013 Beamo - Flux - Bomedia\" \/>\n<meta property=\"og:description\" content=\"Das beamo Chuck Rotary Add-on erm\u00f6glicht die vollst\u00e4ndige Rotationsgravur auf Zylindern, Ringen und Kugeln mit Durchmessern von bis zu 145 mm und L\u00e4ngen von bis zu 260 mm. Seine austauschbaren Backen garantieren Pr\u00e4zision und Vielseitigkeit und es kann mit dem Riser Add-on kombiniert werden, um auch breitere Werkst\u00fccke ohne Einschr\u00e4nkungen zu bearbeiten.\" \/>\n<meta property=\"og:url\" content=\"https:\/\/fluxlasers.eu\/de\/produkt\/chuck-rotary-add-on-beamo\/\" \/>\n<meta property=\"og:site_name\" content=\"Flux - Bomedia\" \/>\n<meta property=\"og:image\" content=\"https:\/\/fluxlasers.eu\/wp-content\/uploads\/2025\/12\/Beambox_II_Chuck_Rotary_5533092e-0e89-4817-bee8-061c59141f991.png\" \/>\n\t<meta property=\"og:image:width\" content=\"823\" \/>\n\t<meta property=\"og:image:height\" content=\"823\" \/>\n\t<meta property=\"og:image:type\" content=\"image\/png\" \/>\n<meta name=\"twitter:card\" content=\"summary_large_image\" \/>\n<meta name=\"twitter:label1\" content=\"Gesch\u00e4tzte Lesezeit\" \/>\n\t<meta name=\"twitter:data1\" content=\"1\u00a0Minute\" \/>\n<script type=\"application\/ld+json\" class=\"yoast-schema-graph\">{\"@context\":\"https:\/\/schema.org\",\"@graph\":[{\"@type\":\"WebPage\",\"@id\":\"https:\/\/fluxlasers.eu\/de\/produkt\/chuck-rotary-add-on-beamo\/\",\"url\":\"https:\/\/fluxlasers.eu\/de\/produkt\/chuck-rotary-add-on-beamo\/\",\"name\":\"Chuck Rotary Add-on \u2013 Beamo - Flux - Bomedia\",\"isPartOf\":{\"@id\":\"https:\/\/fluxlasers.eu\/de\/#website\"},\"primaryImageOfPage\":{\"@id\":\"https:\/\/fluxlasers.eu\/de\/produkt\/chuck-rotary-add-on-beamo\/#primaryimage\"},\"image\":{\"@id\":\"https:\/\/fluxlasers.eu\/de\/produkt\/chuck-rotary-add-on-beamo\/#primaryimage\"},\"thumbnailUrl\":\"https:\/\/fluxlasers.eu\/wp-content\/uploads\/2025\/12\/Beambox_II_Chuck_Rotary_5533092e-0e89-4817-bee8-061c59141f991.png\",\"datePublished\":\"2025-12-11T09:37:41+00:00\",\"breadcrumb\":{\"@id\":\"https:\/\/fluxlasers.eu\/de\/produkt\/chuck-rotary-add-on-beamo\/#breadcrumb\"},\"inLanguage\":\"de\",\"potentialAction\":[{\"@type\":\"ReadAction\",\"target\":[\"https:\/\/fluxlasers.eu\/de\/produkt\/chuck-rotary-add-on-beamo\/\"]}]},{\"@type\":\"ImageObject\",\"inLanguage\":\"de\",\"@id\":\"https:\/\/fluxlasers.eu\/de\/produkt\/chuck-rotary-add-on-beamo\/#primaryimage\",\"url\":\"https:\/\/fluxlasers.eu\/wp-content\/uploads\/2025\/12\/Beambox_II_Chuck_Rotary_5533092e-0e89-4817-bee8-061c59141f991.png\",\"contentUrl\":\"https:\/\/fluxlasers.eu\/wp-content\/uploads\/2025\/12\/Beambox_II_Chuck_Rotary_5533092e-0e89-4817-bee8-061c59141f991.png\",\"width\":823,\"height\":823},{\"@type\":\"BreadcrumbList\",\"@id\":\"https:\/\/fluxlasers.eu\/de\/produkt\/chuck-rotary-add-on-beamo\/#breadcrumb\",\"itemListElement\":[{\"@type\":\"ListItem\",\"position\":1,\"name\":\"Portada\",\"item\":\"https:\/\/fluxlasers.eu\/de\/startseite\/\"},{\"@type\":\"ListItem\",\"position\":2,\"name\":\"Shop\",\"item\":\"https:\/\/fluxlasers.eu\/de\/shop\/\"},{\"@type\":\"ListItem\",\"position\":3,\"name\":\"Chuck Rotary Add-on \u2013 Beamo\"}]},{\"@type\":\"WebSite\",\"@id\":\"https:\/\/fluxlasers.eu\/de\/#website\",\"url\":\"https:\/\/fluxlasers.eu\/de\/\",\"name\":\"Flux - Bomedia\",\"description\":\"Lasercutter und -gravierer\",\"publisher\":{\"@id\":\"https:\/\/fluxlasers.eu\/de\/#organization\"},\"potentialAction\":[{\"@type\":\"SearchAction\",\"target\":{\"@type\":\"EntryPoint\",\"urlTemplate\":\"https:\/\/fluxlasers.eu\/de\/?s={search_term_string}\"},\"query-input\":{\"@type\":\"PropertyValueSpecification\",\"valueRequired\":true,\"valueName\":\"search_term_string\"}}],\"inLanguage\":\"de\"},{\"@type\":\"Organization\",\"@id\":\"https:\/\/fluxlasers.eu\/de\/#organization\",\"name\":\"Fluxlasers Espa\u00f1a\",\"url\":\"https:\/\/fluxlasers.eu\/de\/\",\"logo\":{\"@type\":\"ImageObject\",\"inLanguage\":\"de\",\"@id\":\"https:\/\/fluxlasers.eu\/de\/#\/schema\/logo\/image\/\",\"url\":\"https:\/\/fluxlasers.eu\/wp-content\/uploads\/2021\/03\/logofluxspainc.png\",\"contentUrl\":\"https:\/\/fluxlasers.eu\/wp-content\/uploads\/2021\/03\/logofluxspainc.png\",\"width\":350,\"height\":217,\"caption\":\"Fluxlasers Espa\u00f1a\"},\"image\":{\"@id\":\"https:\/\/fluxlasers.eu\/de\/#\/schema\/logo\/image\/\"}}]}<\/script>\n<!-- \/ Yoast SEO plugin. -->","yoast_head_json":{"title":"Chuck Rotary Add-on \u2013 Beamo - Flux - Bomedia","robots":{"index":"index","follow":"follow","max-snippet":"max-snippet:-1","max-image-preview":"max-image-preview:large","max-video-preview":"max-video-preview:-1"},"canonical":"https:\/\/fluxlasers.eu\/de\/produkt\/chuck-rotary-add-on-beamo\/","og_locale":"de_DE","og_type":"article","og_title":"Chuck Rotary Add-on \u2013 Beamo - Flux - Bomedia","og_description":"Das beamo Chuck Rotary Add-on erm\u00f6glicht die vollst\u00e4ndige Rotationsgravur auf Zylindern, Ringen und Kugeln mit Durchmessern von bis zu 145 mm und L\u00e4ngen von bis zu 260 mm. Seine austauschbaren Backen garantieren Pr\u00e4zision und Vielseitigkeit und es kann mit dem Riser Add-on kombiniert werden, um auch breitere Werkst\u00fccke ohne Einschr\u00e4nkungen zu bearbeiten.","og_url":"https:\/\/fluxlasers.eu\/de\/produkt\/chuck-rotary-add-on-beamo\/","og_site_name":"Flux - Bomedia","og_image":[{"width":823,"height":823,"url":"https:\/\/fluxlasers.eu\/wp-content\/uploads\/2025\/12\/Beambox_II_Chuck_Rotary_5533092e-0e89-4817-bee8-061c59141f991.png","type":"image\/png"}],"twitter_card":"summary_large_image","twitter_misc":{"Gesch\u00e4tzte Lesezeit":"1\u00a0Minute"},"schema":{"@context":"https:\/\/schema.org","@graph":[{"@type":"WebPage","@id":"https:\/\/fluxlasers.eu\/de\/produkt\/chuck-rotary-add-on-beamo\/","url":"https:\/\/fluxlasers.eu\/de\/produkt\/chuck-rotary-add-on-beamo\/","name":"Chuck Rotary Add-on \u2013 Beamo - Flux - Bomedia","isPartOf":{"@id":"https:\/\/fluxlasers.eu\/de\/#website"},"primaryImageOfPage":{"@id":"https:\/\/fluxlasers.eu\/de\/produkt\/chuck-rotary-add-on-beamo\/#primaryimage"},"image":{"@id":"https:\/\/fluxlasers.eu\/de\/produkt\/chuck-rotary-add-on-beamo\/#primaryimage"},"thumbnailUrl":"https:\/\/fluxlasers.eu\/wp-content\/uploads\/2025\/12\/Beambox_II_Chuck_Rotary_5533092e-0e89-4817-bee8-061c59141f991.png","datePublished":"2025-12-11T09:37:41+00:00","breadcrumb":{"@id":"https:\/\/fluxlasers.eu\/de\/produkt\/chuck-rotary-add-on-beamo\/#breadcrumb"},"inLanguage":"de","potentialAction":[{"@type":"ReadAction","target":["https:\/\/fluxlasers.eu\/de\/produkt\/chuck-rotary-add-on-beamo\/"]}]},{"@type":"ImageObject","inLanguage":"de","@id":"https:\/\/fluxlasers.eu\/de\/produkt\/chuck-rotary-add-on-beamo\/#primaryimage","url":"https:\/\/fluxlasers.eu\/wp-content\/uploads\/2025\/12\/Beambox_II_Chuck_Rotary_5533092e-0e89-4817-bee8-061c59141f991.png","contentUrl":"https:\/\/fluxlasers.eu\/wp-content\/uploads\/2025\/12\/Beambox_II_Chuck_Rotary_5533092e-0e89-4817-bee8-061c59141f991.png","width":823,"height":823},{"@type":"BreadcrumbList","@id":"https:\/\/fluxlasers.eu\/de\/produkt\/chuck-rotary-add-on-beamo\/#breadcrumb","itemListElement":[{"@type":"ListItem","position":1,"name":"Portada","item":"https:\/\/fluxlasers.eu\/de\/startseite\/"},{"@type":"ListItem","position":2,"name":"Shop","item":"https:\/\/fluxlasers.eu\/de\/shop\/"},{"@type":"ListItem","position":3,"name":"Chuck Rotary Add-on \u2013 Beamo"}]},{"@type":"WebSite","@id":"https:\/\/fluxlasers.eu\/de\/#website","url":"https:\/\/fluxlasers.eu\/de\/","name":"Flux - Bomedia","description":"Lasercutter und -gravierer","publisher":{"@id":"https:\/\/fluxlasers.eu\/de\/#organization"},"potentialAction":[{"@type":"SearchAction","target":{"@type":"EntryPoint","urlTemplate":"https:\/\/fluxlasers.eu\/de\/?s={search_term_string}"},"query-input":{"@type":"PropertyValueSpecification","valueRequired":true,"valueName":"search_term_string"}}],"inLanguage":"de"},{"@type":"Organization","@id":"https:\/\/fluxlasers.eu\/de\/#organization","name":"Fluxlasers Espa\u00f1a","url":"https:\/\/fluxlasers.eu\/de\/","logo":{"@type":"ImageObject","inLanguage":"de","@id":"https:\/\/fluxlasers.eu\/de\/#\/schema\/logo\/image\/","url":"https:\/\/fluxlasers.eu\/wp-content\/uploads\/2021\/03\/logofluxspainc.png","contentUrl":"https:\/\/fluxlasers.eu\/wp-content\/uploads\/2021\/03\/logofluxspainc.png","width":350,"height":217,"caption":"Fluxlasers Espa\u00f1a"},"image":{"@id":"https:\/\/fluxlasers.eu\/de\/#\/schema\/logo\/image\/"}}]}},"_links":{"self":[{"href":"https:\/\/fluxlasers.eu\/de\/wp-json\/wp\/v2\/product\/10775","targetHints":{"allow":["GET"]}}],"collection":[{"href":"https:\/\/fluxlasers.eu\/de\/wp-json\/wp\/v2\/product"}],"about":[{"href":"https:\/\/fluxlasers.eu\/de\/wp-json\/wp\/v2\/types\/product"}],"replies":[{"embeddable":true,"href":"https:\/\/fluxlasers.eu\/de\/wp-json\/wp\/v2\/comments?post=10775"}],"wp:featuredmedia":[{"embeddable":true,"href":"https:\/\/fluxlasers.eu\/de\/wp-json\/wp\/v2\/media\/4299"}],"wp:attachment":[{"href":"https:\/\/fluxlasers.eu\/de\/wp-json\/wp\/v2\/media?parent=10775"}],"wp:term":[{"taxonomy":"product_brand","embeddable":true,"href":"https:\/\/fluxlasers.eu\/de\/wp-json\/wp\/v2\/product_brand?post=10775"},{"taxonomy":"product_cat","embeddable":true,"href":"https:\/\/fluxlasers.eu\/de\/wp-json\/wp\/v2\/product_cat?post=10775"},{"taxonomy":"product_tag","embeddable":true,"href":"https:\/\/fluxlasers.eu\/de\/wp-json\/wp\/v2\/product_tag?post=10775"}],"curies":[{"name":"wp","href":"https:\/\/api.w.org\/{rel}","templated":true}]}}