{"id":10696,"date":"2025-12-11T09:15:44","date_gmt":"2025-12-11T08:15:44","guid":{"rendered":"https:\/\/fluxlasers.eu\/producto\/auto-feeder-add-on-beambox-ii\/"},"modified":"2025-12-11T09:15:44","modified_gmt":"2025-12-11T08:15:44","slug":"auto-feeder-add-on-beambox-ii","status":"publish","type":"product","link":"https:\/\/fluxlasers.eu\/de\/produkt\/auto-feeder-add-on-beambox-ii\/","title":{"rendered":"Auto Feeder Add-on \u2013 Beambox II"},"content":{"rendered":"<h2 style=\"text-align: center;\" data-start=\"111\" data-end=\"147\">Beambox II \u2013 Auto Feeder Add-on<\/h2>\n<h3 style=\"text-align: center;\" data-start=\"148\" data-end=\"204\">Automatischer Materialvorschub f\u00fcr eine kontinuierliche Produktion<\/h3>\n<p style=\"text-align: center;\" data-start=\"206\" data-end=\"489\">Mit dem <strong data-start=\"213\" data-end=\"235\">Auto Feeder Add-on<\/strong> f\u00fcr Beambox II k\u00f6nnen Sie endlich wirklich <em data-start=\"285\" data-end=\"303\">\u00fcber den Tellerrand blicken<\/em>. Optimieren Sie Ihren Workflow mit einem reibungslosen automatischen Materialvorschub, pr\u00e4ziser Ausrichtung und kontinuierlicher Produktion, wodurch Ausfallzeiten reduziert und jeder Durchlauf schneller und effizienter wird. <\/p>\n<p style=\"text-align: center;\" data-start=\"491\" data-end=\"768\">Dieses Modul ist darauf ausgelegt, lange und schwere Materialien mit voller Stabilit\u00e4t zu handhaben und den Materialvorschub w\u00e4hrend des gesamten Prozesses perfekt ausgerichtet zu halten. Ideal f\u00fcr lange Serien, wiederholte Produktionen oder Arbeiten, bei denen Pr\u00e4zision und Konstanz entscheidend sind. <\/p>\n<p data-start=\"491\" data-end=\"768\"><img decoding=\"async\" class=\"aligncenter size-large wp-image-4290\" src=\"https:\/\/fluxlasers.eu\/wp-content\/uploads\/2025\/12\/%E6%95%88%E6%9E%9C%E5%9C%96-%E6%9C%A8%E6%9D%BF-1024x698.jpg\" alt=\"\" width=\"750\" height=\"511\"><\/p>\n<hr data-start=\"770\" data-end=\"773\">\n<h3 style=\"text-align: center;\" data-start=\"775\" data-end=\"824\">Perfekte Handhabung langer und breiter Materialien<\/h3>\n<p style=\"text-align: center;\" data-start=\"826\" data-end=\"1171\">Der Auto Feeder unterst\u00fctzt Materialien bis zu <strong data-start=\"868\" data-end=\"887\">350 mm Breite<\/strong> mit dem Standardpaket und bis zu <strong data-start=\"918\" data-end=\"937\">525 mm Breite<\/strong> in Kombination mit dem <strong data-start=\"963\" data-end=\"990\">Extension Pocket Add-on<\/strong> und dem Auto Feeder Extension Pack.<br data-start=\"1023\" data-end=\"1026\">Arbeiten Sie kontinuierlich mit Vinyl, Karton, d\u00fcnnen H\u00f6lzern, Acryl und anderen flachen Materialien, ohne das Werkst\u00fcck jedes Mal neu positionieren zu m\u00fcssen.<\/p>\n<p data-start=\"826\" data-end=\"1171\"><img decoding=\"async\" class=\"aligncenter size-large wp-image-4289\" src=\"https:\/\/fluxlasers.eu\/wp-content\/uploads\/2025\/12\/autofeederjobs-1024x512.jpg\" alt=\"\" width=\"750\" height=\"375\" srcset=\"https:\/\/fluxlasers.eu\/wp-content\/uploads\/2025\/12\/autofeederjobs-1024x512.jpg 1024w, https:\/\/fluxlasers.eu\/wp-content\/uploads\/2025\/12\/autofeederjobs-300x150.jpg 300w, https:\/\/fluxlasers.eu\/wp-content\/uploads\/2025\/12\/autofeederjobs-768x384.jpg 768w, https:\/\/fluxlasers.eu\/wp-content\/uploads\/2025\/12\/autofeederjobs-1536x768.jpg 1536w, https:\/\/fluxlasers.eu\/wp-content\/uploads\/2025\/12\/autofeederjobs-600x300.jpg 600w, https:\/\/fluxlasers.eu\/wp-content\/uploads\/2025\/12\/autofeederjobs.jpg 1920w\" sizes=\"(max-width: 750px) 100vw, 750px\" \/><\/p>\n<hr data-start=\"1173\" data-end=\"1176\">\n<h3 style=\"text-align: center;\" data-start=\"1178\" data-end=\"1233\">Flexible Materialst\u00e4rke und mehr Optionen mit Extension Pocket<\/h3>\n<p style=\"text-align: center;\" data-start=\"1237\" data-end=\"1302\"><strong data-start=\"1237\" data-end=\"1284\">Maximale Materialst\u00e4rke (Standardpaket):<\/strong> bis zu <strong data-start=\"1291\" data-end=\"1300\">14 mm<\/strong><\/p>\n<p style=\"text-align: center;\" data-start=\"1305\" data-end=\"1411\"><strong data-start=\"1305\" data-end=\"1395\">Maximale Materialst\u00e4rke (mit Extension Pocket Add-on &amp; Auto Feeder Extension Pack):<\/strong> bis zu <strong data-start=\"1402\" data-end=\"1411\">50 mm<\/strong><\/p>\n<p style=\"text-align: center;\" data-start=\"1413\" data-end=\"1644\">Ist Ihr Material dicker als 14 mm? Sie k\u00f6nnen es durch die untere \u00d6ffnung der Maschine einf\u00fchren und weiterhin mit sperrigen Objekten wie Skateboard-Decks oder anderen speziellen Formaten arbeiten, wobei der Bedienkomfort erhalten bleibt. <\/p>\n<hr data-start=\"1646\" data-end=\"1649\">\n<h3 style=\"text-align: center;\" data-start=\"1651\" data-end=\"1696\">Gro\u00dfer und optimal genutzter Arbeitsbereich<\/h3>\n<p style=\"text-align: center;\" data-start=\"1700\" data-end=\"1774\"><strong data-start=\"1700\" data-end=\"1755\">Maximale Breite des Arbeitsbereichs (Standardpaket):<\/strong> bis zu <strong data-start=\"1762\" data-end=\"1772\">350 mm<\/strong><\/p>\n<p style=\"text-align: center;\" data-start=\"1777\" data-end=\"1894\"><strong data-start=\"1777\" data-end=\"1875\">Maximale Breite des Arbeitsbereichs (mit Extension Pocket Add-on &amp; Auto Feeder Extension Pack):<\/strong> bis zu <strong data-start=\"1882\" data-end=\"1892\">375 mm<\/strong><\/p>\n<p style=\"text-align: center;\" data-start=\"1897\" data-end=\"1972\"><strong data-start=\"1897\" data-end=\"1951\">Maximale L\u00e4nge des Arbeitsbereichs (Tiefe):<\/strong> bis zu <strong data-start=\"1958\" data-end=\"1970\">1.610 mm<\/strong><\/p>\n<p style=\"text-align: center;\" data-start=\"1974\" data-end=\"2064\">Perfekt f\u00fcr lange Arbeiten, wiederholte Muster, Schilder, Streifen und Serienproduktionen.<\/p>\n<hr data-start=\"2066\" data-end=\"2069\">\n<h3 style=\"text-align: center;\" data-start=\"2071\" data-end=\"2111\">Sicherer Halt und stabile Ausrichtung<\/h3>\n<p><img decoding=\"async\" class=\"aligncenter size-large wp-image-4271\" src=\"https:\/\/fluxlasers.eu\/wp-content\/uploads\/2025\/12\/auto-feeder-%E5%81%B4%E9%9D%A2-02-1-1024x702.jpg\" alt=\"\" width=\"750\" height=\"514\"><\/p>\n<p>&nbsp;<\/p>\n<p style=\"text-align: center;\" data-start=\"2113\" data-end=\"2176\">Das System ist f\u00fcr einen reibungslosen und stabilen Materialvorschub konzipiert:<\/p>\n<p style=\"text-align: center;\" data-start=\"2180\" data-end=\"2243\"><strong data-start=\"2180\" data-end=\"2225\">Maximale Klemmst\u00e4rke mit den Zangen:<\/strong> bis zu <strong data-start=\"2232\" data-end=\"2241\">20 mm<\/strong><\/p>\n<p style=\"text-align: center;\" data-start=\"2245\" data-end=\"2289\">Zus\u00e4tzlich wird es erg\u00e4nzt durch Elemente wie:<\/p>\n<p style=\"text-align: center;\" data-start=\"2292\" data-end=\"2344\">Universal-Kugelrolle<\/p>\n<p style=\"text-align: center;\" data-start=\"2347\" data-end=\"2389\">Plattformst\u00e4nder<\/p>\n<p style=\"text-align: center;\" data-start=\"2392\" data-end=\"2461\">Materialpositionierungs-Vorrichtung<\/p>\n<p style=\"text-align: center;\" data-start=\"2464\" data-end=\"2515\">Materialklemmen<\/p>\n<p style=\"text-align: center;\" data-start=\"2517\" data-end=\"2611\">Alles darauf ausgerichtet, dass das Material gerade, ohne Abweichungen und ohne unn\u00f6tige Reibung vorw\u00e4rtsbewegt wird.<\/p>\n<hr data-start=\"2613\" data-end=\"2616\">\n<h2 style=\"text-align: center;\" data-start=\"2618\" data-end=\"2667\">Technische Daten \u2014 Auto Feeder Add-on<\/h2>\n<p><img decoding=\"async\" class=\"aligncenter size-large wp-image-4284\" src=\"https:\/\/fluxlasers.eu\/wp-content\/uploads\/2025\/12\/%E6%83%85%E5%A2%83%E7%85%A7-01-1024x683.jpg\" alt=\"\" width=\"750\" height=\"500\"><\/p>\n<p style=\"text-align: center;\" data-start=\"2671\" data-end=\"2705\"><strong data-start=\"2671\" data-end=\"2703\">Maximale Materialbreite:<\/strong><\/p>\n<p style=\"text-align: center;\" data-start=\"2710\" data-end=\"2736\">350 mm mit Standardpaket<\/p>\n<p style=\"text-align: center;\" data-start=\"2741\" data-end=\"2806\">525 mm mit Extension Pocket Add-on und Auto Feeder Extension Pack<\/p>\n<p style=\"text-align: center;\" data-start=\"2809\" data-end=\"2842\"><strong data-start=\"2809\" data-end=\"2840\">Maximale Materialst\u00e4rke:<\/strong><\/p>\n<p style=\"text-align: center;\" data-start=\"2847\" data-end=\"2872\">14 mm mit Standardpaket<\/p>\n<p style=\"text-align: center;\" data-start=\"2877\" data-end=\"2941\">50 mm mit Extension Pocket Add-on und Auto Feeder Extension Pack<\/p>\n<p style=\"text-align: center;\" data-start=\"2944\" data-end=\"2985\"><strong data-start=\"2944\" data-end=\"2983\">Maximale Breite des Arbeitsbereichs:<\/strong><\/p>\n<p style=\"text-align: center;\" data-start=\"2990\" data-end=\"3016\">350 mm mit Standardpaket<\/p>\n<p style=\"text-align: center;\" data-start=\"3021\" data-end=\"3086\">375 mm mit Extension Pocket Add-on und Auto Feeder Extension Pack<\/p>\n<p style=\"text-align: center;\" data-start=\"3089\" data-end=\"3154\"><strong data-start=\"3089\" data-end=\"3143\">Maximale L\u00e4nge des Arbeitsbereichs (Tiefe):<\/strong> 1.610 mm<\/p>\n<p style=\"text-align: center;\" data-start=\"3157\" data-end=\"3206\"><strong data-start=\"3157\" data-end=\"3198\">Maximale Klemmst\u00e4rke mit Zangen:<\/strong> 20 mm<\/p>\n<p data-start=\"3157\" data-end=\"3206\">\n<h2 style=\"text-align: center;\" data-start=\"76\" data-end=\"104\"><strong data-start=\"79\" data-end=\"104\">Was ist im Lieferumfang enthalten?<\/strong><\/h2>\n<p><img decoding=\"async\" class=\"aligncenter size-large wp-image-4283\" src=\"https:\/\/fluxlasers.eu\/wp-content\/uploads\/2025\/12\/Auto-Feeder_whats-in-the-box-943x1024.jpg\" alt=\"\" width=\"750\" height=\"814\" srcset=\"https:\/\/fluxlasers.eu\/wp-content\/uploads\/2025\/12\/Auto-Feeder_whats-in-the-box-943x1024.jpg 943w, https:\/\/fluxlasers.eu\/wp-content\/uploads\/2025\/12\/Auto-Feeder_whats-in-the-box-276x300.jpg 276w, https:\/\/fluxlasers.eu\/wp-content\/uploads\/2025\/12\/Auto-Feeder_whats-in-the-box-768x834.jpg 768w, https:\/\/fluxlasers.eu\/wp-content\/uploads\/2025\/12\/Auto-Feeder_whats-in-the-box-1415x1536.jpg 1415w, https:\/\/fluxlasers.eu\/wp-content\/uploads\/2025\/12\/Auto-Feeder_whats-in-the-box-600x651.jpg 600w, https:\/\/fluxlasers.eu\/wp-content\/uploads\/2025\/12\/Auto-Feeder_whats-in-the-box.jpg 1769w\" sizes=\"(max-width: 750px) 100vw, 750px\" \/><\/p>\n<p style=\"text-align: center;\" data-start=\"106\" data-end=\"297\"><strong data-start=\"106\" data-end=\"111\">A<\/strong> \u2014 Adapter<br data-start=\"123\" data-end=\"126\"><strong data-start=\"126\" data-end=\"131\">B<\/strong> \u2014 Seitenf\u00fchrungsrollen<br data-start=\"158\" data-end=\"161\"><strong data-start=\"161\" data-end=\"166\">C<\/strong> \u2014 Feeder<br data-start=\"189\" data-end=\"192\"><strong data-start=\"192\" data-end=\"197\">D<\/strong> \u2014 Innensechskantschraubendreher 2,5 mm<br data-start=\"231\" data-end=\"234\" data-is-only-node=\"\"><strong data-start=\"234\" data-end=\"239\">E<\/strong> \u2014 Innensechskantschl\u00fcssel 2 mm<br data-start=\"262\" data-end=\"265\"><strong data-start=\"265\" data-end=\"270\">F<\/strong> \u2014 Innensechskantschl\u00fcssel 2,5 mm<\/p>\n<p style=\"text-align: center;\" data-start=\"299\" data-end=\"450\"><strong data-start=\"299\" data-end=\"304\">G<\/strong> \u2014 Schrauben M5\u00d712 \u00d7 6<br data-start=\"326\" data-end=\"329\"><strong data-start=\"329\" data-end=\"334\">H<\/strong> \u2014 Schrauben M5\u00d722 \u00d7 6<br data-start=\"356\" data-end=\"359\"><strong data-start=\"359\" data-end=\"364\">I<\/strong> \u2014 Gabelschl\u00fcssel 10 mm<br data-start=\"386\" data-end=\"389\"><strong data-start=\"389\" data-end=\"394\">J<\/strong> \u2014 6-poliges Kabel<br data-start=\"413\" data-end=\"416\" data-is-only-node=\"\"><strong data-start=\"416\" data-end=\"421\">K<\/strong> \u2014 Schienen-Erh\u00f6her \u00d7 5<\/p>\n<p style=\"text-align: center;\" data-start=\"452\" data-end=\"591\"><strong data-start=\"452\" data-end=\"457\">L<\/strong> \u2014 Schienenklemme<br data-start=\"480\" data-end=\"483\"><strong data-start=\"483\" data-end=\"488\">M<\/strong> \u2014 Schienenmagnet \u00d7 4<br data-start=\"509\" data-end=\"512\"><strong data-start=\"512\" data-end=\"517\">N<\/strong> \u2014 Schienenverbinder \u00d7 6<br data-start=\"544\" data-end=\"547\"><strong data-start=\"547\" data-end=\"552\">O<\/strong> \u2014 Riemen + Schiene<br data-start=\"570\" data-end=\"573\" data-is-only-node=\"\"><strong data-start=\"573\" data-end=\"578\">P<\/strong> \u2014 Schiene \u00d7 4<\/p>\n","protected":false},"excerpt":{"rendered":"<p>Beambox II \u2013 Auto Feeder Add-on Automatischer Materialvorschub f\u00fcr eine kontinuierliche Produktion Mit dem Auto Feeder Add-on f\u00fcr Beambox II k\u00f6nnen Sie endlich wirklich \u00fcber den Tellerrand blicken. Optimieren Sie Ihren Workflow mit einem reibungslosen automatischen Materialvorschub, pr\u00e4ziser Ausrichtung und<\/p>\n","protected":false},"featured_media":4268,"comment_status":"closed","ping_status":"closed","template":"","meta":[],"product_brand":[],"product_cat":[361,313],"product_tag":[],"class_list":{"0":"post-10696","1":"product","2":"type-product","3":"status-publish","4":"has-post-thumbnail","6":"product_cat-beambox-zubehor","7":"product_cat-zubehor","9":"first","10":"instock","11":"taxable","12":"shipping-taxable","13":"purchasable","14":"product-type-simple"},"yoast_head":"<!-- This site is optimized with the Yoast SEO plugin v27.0 - https:\/\/yoast.com\/product\/yoast-seo-wordpress\/ -->\n<title>Auto Feeder Add-on \u2013 Beambox II - Flux - Bomedia<\/title>\n<meta name=\"robots\" content=\"index, follow, max-snippet:-1, max-image-preview:large, max-video-preview:-1\" \/>\n<link rel=\"canonical\" href=\"https:\/\/fluxlasers.eu\/de\/produkt\/auto-feeder-add-on-beambox-ii\/\" \/>\n<meta property=\"og:locale\" content=\"de_DE\" \/>\n<meta property=\"og:type\" content=\"article\" \/>\n<meta property=\"og:title\" content=\"Auto Feeder Add-on \u2013 Beambox II - Flux - Bomedia\" \/>\n<meta property=\"og:description\" content=\"Beambox II \u2013 Auto Feeder Add-on Automatischer Materialvorschub f\u00fcr eine kontinuierliche Produktion Mit dem Auto Feeder Add-on f\u00fcr Beambox II k\u00f6nnen Sie endlich wirklich \u00fcber den Tellerrand blicken. Optimieren Sie Ihren Workflow mit einem reibungslosen automatischen Materialvorschub, pr\u00e4ziser Ausrichtung und\" \/>\n<meta property=\"og:url\" content=\"https:\/\/fluxlasers.eu\/de\/produkt\/auto-feeder-add-on-beambox-ii\/\" \/>\n<meta property=\"og:site_name\" content=\"Flux - Bomedia\" \/>\n<meta property=\"og:image\" content=\"https:\/\/fluxlasers.eu\/wp-content\/uploads\/2025\/12\/auto-feeder-08.jpg\" \/>\n\t<meta property=\"og:image:width\" content=\"1920\" \/>\n\t<meta property=\"og:image:height\" content=\"1920\" \/>\n\t<meta property=\"og:image:type\" content=\"image\/jpeg\" \/>\n<meta name=\"twitter:card\" content=\"summary_large_image\" \/>\n<meta name=\"twitter:label1\" content=\"Gesch\u00e4tzte Lesezeit\" \/>\n\t<meta name=\"twitter:data1\" content=\"2 Minuten\" \/>\n<script type=\"application\/ld+json\" class=\"yoast-schema-graph\">{\"@context\":\"https:\/\/schema.org\",\"@graph\":[{\"@type\":\"WebPage\",\"@id\":\"https:\/\/fluxlasers.eu\/de\/produkt\/auto-feeder-add-on-beambox-ii\/\",\"url\":\"https:\/\/fluxlasers.eu\/de\/produkt\/auto-feeder-add-on-beambox-ii\/\",\"name\":\"Auto Feeder Add-on \u2013 Beambox II - Flux - Bomedia\",\"isPartOf\":{\"@id\":\"https:\/\/fluxlasers.eu\/de\/#website\"},\"primaryImageOfPage\":{\"@id\":\"https:\/\/fluxlasers.eu\/de\/produkt\/auto-feeder-add-on-beambox-ii\/#primaryimage\"},\"image\":{\"@id\":\"https:\/\/fluxlasers.eu\/de\/produkt\/auto-feeder-add-on-beambox-ii\/#primaryimage\"},\"thumbnailUrl\":\"https:\/\/fluxlasers.eu\/wp-content\/uploads\/2025\/12\/auto-feeder-08.jpg\",\"datePublished\":\"2025-12-11T08:15:44+00:00\",\"breadcrumb\":{\"@id\":\"https:\/\/fluxlasers.eu\/de\/produkt\/auto-feeder-add-on-beambox-ii\/#breadcrumb\"},\"inLanguage\":\"de\",\"potentialAction\":[{\"@type\":\"ReadAction\",\"target\":[\"https:\/\/fluxlasers.eu\/de\/produkt\/auto-feeder-add-on-beambox-ii\/\"]}]},{\"@type\":\"ImageObject\",\"inLanguage\":\"de\",\"@id\":\"https:\/\/fluxlasers.eu\/de\/produkt\/auto-feeder-add-on-beambox-ii\/#primaryimage\",\"url\":\"https:\/\/fluxlasers.eu\/wp-content\/uploads\/2025\/12\/auto-feeder-08.jpg\",\"contentUrl\":\"https:\/\/fluxlasers.eu\/wp-content\/uploads\/2025\/12\/auto-feeder-08.jpg\",\"width\":1920,\"height\":1920},{\"@type\":\"BreadcrumbList\",\"@id\":\"https:\/\/fluxlasers.eu\/de\/produkt\/auto-feeder-add-on-beambox-ii\/#breadcrumb\",\"itemListElement\":[{\"@type\":\"ListItem\",\"position\":1,\"name\":\"Portada\",\"item\":\"https:\/\/fluxlasers.eu\/de\/startseite\/\"},{\"@type\":\"ListItem\",\"position\":2,\"name\":\"Shop\",\"item\":\"https:\/\/fluxlasers.eu\/de\/shop\/\"},{\"@type\":\"ListItem\",\"position\":3,\"name\":\"Auto Feeder Add-on \u2013 Beambox II\"}]},{\"@type\":\"WebSite\",\"@id\":\"https:\/\/fluxlasers.eu\/de\/#website\",\"url\":\"https:\/\/fluxlasers.eu\/de\/\",\"name\":\"Flux - Bomedia\",\"description\":\"Lasercutter und -gravierer\",\"publisher\":{\"@id\":\"https:\/\/fluxlasers.eu\/de\/#organization\"},\"potentialAction\":[{\"@type\":\"SearchAction\",\"target\":{\"@type\":\"EntryPoint\",\"urlTemplate\":\"https:\/\/fluxlasers.eu\/de\/?s={search_term_string}\"},\"query-input\":{\"@type\":\"PropertyValueSpecification\",\"valueRequired\":true,\"valueName\":\"search_term_string\"}}],\"inLanguage\":\"de\"},{\"@type\":\"Organization\",\"@id\":\"https:\/\/fluxlasers.eu\/de\/#organization\",\"name\":\"Fluxlasers Espa\u00f1a\",\"url\":\"https:\/\/fluxlasers.eu\/de\/\",\"logo\":{\"@type\":\"ImageObject\",\"inLanguage\":\"de\",\"@id\":\"https:\/\/fluxlasers.eu\/de\/#\/schema\/logo\/image\/\",\"url\":\"https:\/\/fluxlasers.eu\/wp-content\/uploads\/2021\/03\/logofluxspainc.png\",\"contentUrl\":\"https:\/\/fluxlasers.eu\/wp-content\/uploads\/2021\/03\/logofluxspainc.png\",\"width\":350,\"height\":217,\"caption\":\"Fluxlasers Espa\u00f1a\"},\"image\":{\"@id\":\"https:\/\/fluxlasers.eu\/de\/#\/schema\/logo\/image\/\"}}]}<\/script>\n<!-- \/ Yoast SEO plugin. -->","yoast_head_json":{"title":"Auto Feeder Add-on \u2013 Beambox II - Flux - Bomedia","robots":{"index":"index","follow":"follow","max-snippet":"max-snippet:-1","max-image-preview":"max-image-preview:large","max-video-preview":"max-video-preview:-1"},"canonical":"https:\/\/fluxlasers.eu\/de\/produkt\/auto-feeder-add-on-beambox-ii\/","og_locale":"de_DE","og_type":"article","og_title":"Auto Feeder Add-on \u2013 Beambox II - Flux - Bomedia","og_description":"Beambox II \u2013 Auto Feeder Add-on Automatischer Materialvorschub f\u00fcr eine kontinuierliche Produktion Mit dem Auto Feeder Add-on f\u00fcr Beambox II k\u00f6nnen Sie endlich wirklich \u00fcber den Tellerrand blicken. Optimieren Sie Ihren Workflow mit einem reibungslosen automatischen Materialvorschub, pr\u00e4ziser Ausrichtung und","og_url":"https:\/\/fluxlasers.eu\/de\/produkt\/auto-feeder-add-on-beambox-ii\/","og_site_name":"Flux - Bomedia","og_image":[{"width":1920,"height":1920,"url":"https:\/\/fluxlasers.eu\/wp-content\/uploads\/2025\/12\/auto-feeder-08.jpg","type":"image\/jpeg"}],"twitter_card":"summary_large_image","twitter_misc":{"Gesch\u00e4tzte Lesezeit":"2 Minuten"},"schema":{"@context":"https:\/\/schema.org","@graph":[{"@type":"WebPage","@id":"https:\/\/fluxlasers.eu\/de\/produkt\/auto-feeder-add-on-beambox-ii\/","url":"https:\/\/fluxlasers.eu\/de\/produkt\/auto-feeder-add-on-beambox-ii\/","name":"Auto Feeder Add-on \u2013 Beambox II - Flux - Bomedia","isPartOf":{"@id":"https:\/\/fluxlasers.eu\/de\/#website"},"primaryImageOfPage":{"@id":"https:\/\/fluxlasers.eu\/de\/produkt\/auto-feeder-add-on-beambox-ii\/#primaryimage"},"image":{"@id":"https:\/\/fluxlasers.eu\/de\/produkt\/auto-feeder-add-on-beambox-ii\/#primaryimage"},"thumbnailUrl":"https:\/\/fluxlasers.eu\/wp-content\/uploads\/2025\/12\/auto-feeder-08.jpg","datePublished":"2025-12-11T08:15:44+00:00","breadcrumb":{"@id":"https:\/\/fluxlasers.eu\/de\/produkt\/auto-feeder-add-on-beambox-ii\/#breadcrumb"},"inLanguage":"de","potentialAction":[{"@type":"ReadAction","target":["https:\/\/fluxlasers.eu\/de\/produkt\/auto-feeder-add-on-beambox-ii\/"]}]},{"@type":"ImageObject","inLanguage":"de","@id":"https:\/\/fluxlasers.eu\/de\/produkt\/auto-feeder-add-on-beambox-ii\/#primaryimage","url":"https:\/\/fluxlasers.eu\/wp-content\/uploads\/2025\/12\/auto-feeder-08.jpg","contentUrl":"https:\/\/fluxlasers.eu\/wp-content\/uploads\/2025\/12\/auto-feeder-08.jpg","width":1920,"height":1920},{"@type":"BreadcrumbList","@id":"https:\/\/fluxlasers.eu\/de\/produkt\/auto-feeder-add-on-beambox-ii\/#breadcrumb","itemListElement":[{"@type":"ListItem","position":1,"name":"Portada","item":"https:\/\/fluxlasers.eu\/de\/startseite\/"},{"@type":"ListItem","position":2,"name":"Shop","item":"https:\/\/fluxlasers.eu\/de\/shop\/"},{"@type":"ListItem","position":3,"name":"Auto Feeder Add-on \u2013 Beambox II"}]},{"@type":"WebSite","@id":"https:\/\/fluxlasers.eu\/de\/#website","url":"https:\/\/fluxlasers.eu\/de\/","name":"Flux - Bomedia","description":"Lasercutter und -gravierer","publisher":{"@id":"https:\/\/fluxlasers.eu\/de\/#organization"},"potentialAction":[{"@type":"SearchAction","target":{"@type":"EntryPoint","urlTemplate":"https:\/\/fluxlasers.eu\/de\/?s={search_term_string}"},"query-input":{"@type":"PropertyValueSpecification","valueRequired":true,"valueName":"search_term_string"}}],"inLanguage":"de"},{"@type":"Organization","@id":"https:\/\/fluxlasers.eu\/de\/#organization","name":"Fluxlasers Espa\u00f1a","url":"https:\/\/fluxlasers.eu\/de\/","logo":{"@type":"ImageObject","inLanguage":"de","@id":"https:\/\/fluxlasers.eu\/de\/#\/schema\/logo\/image\/","url":"https:\/\/fluxlasers.eu\/wp-content\/uploads\/2021\/03\/logofluxspainc.png","contentUrl":"https:\/\/fluxlasers.eu\/wp-content\/uploads\/2021\/03\/logofluxspainc.png","width":350,"height":217,"caption":"Fluxlasers Espa\u00f1a"},"image":{"@id":"https:\/\/fluxlasers.eu\/de\/#\/schema\/logo\/image\/"}}]}},"_links":{"self":[{"href":"https:\/\/fluxlasers.eu\/de\/wp-json\/wp\/v2\/product\/10696","targetHints":{"allow":["GET"]}}],"collection":[{"href":"https:\/\/fluxlasers.eu\/de\/wp-json\/wp\/v2\/product"}],"about":[{"href":"https:\/\/fluxlasers.eu\/de\/wp-json\/wp\/v2\/types\/product"}],"replies":[{"embeddable":true,"href":"https:\/\/fluxlasers.eu\/de\/wp-json\/wp\/v2\/comments?post=10696"}],"wp:featuredmedia":[{"embeddable":true,"href":"https:\/\/fluxlasers.eu\/de\/wp-json\/wp\/v2\/media\/4268"}],"wp:attachment":[{"href":"https:\/\/fluxlasers.eu\/de\/wp-json\/wp\/v2\/media?parent=10696"}],"wp:term":[{"taxonomy":"product_brand","embeddable":true,"href":"https:\/\/fluxlasers.eu\/de\/wp-json\/wp\/v2\/product_brand?post=10696"},{"taxonomy":"product_cat","embeddable":true,"href":"https:\/\/fluxlasers.eu\/de\/wp-json\/wp\/v2\/product_cat?post=10696"},{"taxonomy":"product_tag","embeddable":true,"href":"https:\/\/fluxlasers.eu\/de\/wp-json\/wp\/v2\/product_tag?post=10696"}],"curies":[{"name":"wp","href":"https:\/\/api.w.org\/{rel}","templated":true}]}}