{"id":10594,"date":"2025-12-11T08:49:28","date_gmt":"2025-12-11T07:49:28","guid":{"rendered":"https:\/\/fluxlasers.eu\/producto\/extension-pocket-add-on-beambox-ii\/"},"modified":"2025-12-11T08:49:28","modified_gmt":"2025-12-11T07:49:28","slug":"extension-pocket-add-on-beambox-ii","status":"publish","type":"product","link":"https:\/\/fluxlasers.eu\/de\/produkt\/extension-pocket-add-on-beambox-ii\/","title":{"rendered":"Extension Pocket Add-on \u2013 Beambox II"},"content":{"rendered":"<h2 style=\"text-align: center;\" data-start=\"202\" data-end=\"247\"><strong data-start=\"205\" data-end=\"245\">Beambox II \u2013 Extension Pocket Add-on<\/strong><\/h2>\n<h3 style=\"text-align: center;\" data-start=\"248\" data-end=\"286\"><strong data-start=\"252\" data-end=\"286\">Bringen Sie Ihre Kreationen weiter<\/strong><\/h3>\n<p style=\"text-align: center;\" data-start=\"288\" data-end=\"584\">Das <strong data-start=\"291\" data-end=\"318\">Extension Pocket Add-on<\/strong> erweitert die M\u00f6glichkeiten Ihrer Beambox II spektakul\u00e4r. Es erm\u00f6glicht nicht nur die Bearbeitung deutlich dickerer Materialien, sondern ist auch vollst\u00e4ndig mit dem <strong data-start=\"492\" data-end=\"508\">Chuck Rotary<\/strong> kompatibel und er\u00f6ffnet damit die Gravur zylindrischer und vielf\u00e4ltig geformter Objekte. <\/p>\n<p style=\"text-align: center;\" data-start=\"586\" data-end=\"846\">Mit einer Erweiterungsschale, die eine Arbeitsfl\u00e4che von <strong data-start=\"648\" data-end=\"664\">385 \u00d7 210 mm<\/strong> und eine <strong data-start=\"671\" data-end=\"696\">Arbeitstiefe von 215 mm<\/strong> bietet, haben Sie echte Freiheit f\u00fcr anspruchsvollere Projekte: von volumin\u00f6sen Werkst\u00fccken bis hin zu <em data-start=\"802\" data-end=\"817\">Stanley 40 oz<\/em> Bechern (perfekt kompatibel).<\/p>\n<p data-start=\"586\" data-end=\"846\"><img decoding=\"async\" class=\"aligncenter size-full wp-image-4246\" src=\"https:\/\/fluxlasers.eu\/wp-content\/uploads\/2025\/12\/0E5A3569-1.jpg\" alt=\"\" width=\"1000\" height=\"667\" srcset=\"https:\/\/fluxlasers.eu\/wp-content\/uploads\/2025\/12\/0E5A3569-1.jpg 1000w, https:\/\/fluxlasers.eu\/wp-content\/uploads\/2025\/12\/0E5A3569-1-300x200.jpg 300w, https:\/\/fluxlasers.eu\/wp-content\/uploads\/2025\/12\/0E5A3569-1-768x512.jpg 768w, https:\/\/fluxlasers.eu\/wp-content\/uploads\/2025\/12\/0E5A3569-1-600x400.jpg 600w\" sizes=\"(max-width: 1000px) 100vw, 1000px\" \/><\/p>\n<hr data-start=\"848\" data-end=\"851\">\n<h3 style=\"text-align: center;\" data-start=\"853\" data-end=\"913\"><strong data-start=\"857\" data-end=\"911\">Extra Tiefe f\u00fcr grenzenlose Kreativit\u00e4t<\/strong><\/h3>\n<p style=\"text-align: center;\" data-start=\"914\" data-end=\"1126\">Erh\u00f6hen Sie die Arbeitstiefe von urspr\u00fcnglich 125 mm auf <strong data-start=\"982\" data-end=\"992\">215 mm<\/strong> und gewinnen Sie <strong data-start=\"1002\" data-end=\"1023\">90 mm zus\u00e4tzlichen Raum<\/strong>. Dieser erweiterte Platz erm\u00f6glicht die Gravur gro\u00dfer Objekte mit gewohnter Pr\u00e4zision und Geschmeidigkeit. <\/p>\n<hr data-start=\"1128\" data-end=\"1131\">\n<h3 style=\"text-align: center;\" data-start=\"1133\" data-end=\"1186\"><strong data-start=\"1137\" data-end=\"1184\">Perfekt f\u00fcr Zylinder und Sonderformen<\/strong><\/h3>\n<p style=\"text-align: center;\" data-start=\"1187\" data-end=\"1437\">Das Extension Pocket Add-on ist f\u00fcr die Arbeit mit dem <strong data-start=\"1249\" data-end=\"1265\">Chuck Rotary<\/strong> konzipiert und bietet tadellosen Halt f\u00fcr Zylinder, Ringe, Kugeln und unregelm\u00e4\u00dfige Objekte.<br data-start=\"1353\" data-end=\"1356\">Personalisieren Sie m\u00fchelos gro\u00dfe Beh\u00e4lter, Thermobecher, Flaschen und vieles mehr.<\/p>\n<p data-start=\"1187\" data-end=\"1437\"><img decoding=\"async\" class=\"aligncenter size-full wp-image-4244\" src=\"https:\/\/fluxlasers.eu\/wp-content\/uploads\/2025\/12\/0E5A3709.jpg\" alt=\"\" width=\"1000\" height=\"667\" srcset=\"https:\/\/fluxlasers.eu\/wp-content\/uploads\/2025\/12\/0E5A3709.jpg 1000w, https:\/\/fluxlasers.eu\/wp-content\/uploads\/2025\/12\/0E5A3709-300x200.jpg 300w, https:\/\/fluxlasers.eu\/wp-content\/uploads\/2025\/12\/0E5A3709-768x512.jpg 768w, https:\/\/fluxlasers.eu\/wp-content\/uploads\/2025\/12\/0E5A3709-600x400.jpg 600w\" sizes=\"(max-width: 1000px) 100vw, 1000px\" \/><\/p>\n<hr data-start=\"1439\" data-end=\"1442\">\n<h3 style=\"text-align: center;\" data-start=\"1444\" data-end=\"1482\"><strong data-start=\"1448\" data-end=\"1480\">Schnelle Montage, voller Zugang<\/strong><\/h3>\n<p style=\"text-align: center;\" data-start=\"1483\" data-end=\"1575\">Die Installation des Moduls ist einfach und verbessert den Zugang zu allen Add-ons der Beambox II, wie:<\/p>\n<p style=\"text-align: center;\" data-start=\"1578\" data-end=\"1595\"><strong data-start=\"1578\" data-end=\"1593\">Passthrough<\/strong><\/p>\n<p style=\"text-align: center;\" data-start=\"1598\" data-end=\"1615\"><strong data-start=\"1598\" data-end=\"1613\">Auto Feeder<\/strong><\/p>\n<p style=\"text-align: center;\" data-start=\"1618\" data-end=\"1634\"><strong data-start=\"1618\" data-end=\"1634\">Chuck Rotary<\/strong><\/p>\n<p style=\"text-align: center;\" data-start=\"1636\" data-end=\"1705\">Alles durchdacht f\u00fcr reibungsloses, unterbrechungsfreies Arbeiten.<\/p>\n<hr data-start=\"1707\" data-end=\"1710\">\n<h2 style=\"text-align: center;\" data-start=\"1712\" data-end=\"1770\"><strong data-start=\"1715\" data-end=\"1770\">Technische Spezifikationen \u2014 Extension Pocket Add-on<\/strong><\/h2>\n<p style=\"text-align: center;\" data-start=\"1774\" data-end=\"1847\"><strong data-start=\"1774\" data-end=\"1798\">Produktgr\u00f6\u00dfe:<\/strong> 670 \u00d7 290 \u00d7 100 mm<br data-start=\"1817\" data-end=\"1820\">(26.38 \u00d7 11.42 \u00d7 3.94\u2033)<\/p>\n<p style=\"text-align: center;\" data-start=\"1850\" data-end=\"1879\"><strong data-start=\"1850\" data-end=\"1859\">Gewicht:<\/strong> 7,5 kg (16.53 lb)<\/p>\n<p style=\"text-align: center;\" data-start=\"1882\" data-end=\"1937\"><strong data-start=\"1882\" data-end=\"1902\">Arbeitsfl\u00e4che:<\/strong> 385 \u00d7 210 mm<br data-start=\"1915\" data-end=\"1918\">(15.16 \u00d7 8.27\u2033)<\/p>\n<p style=\"text-align: center;\" data-start=\"1940\" data-end=\"1984\"><strong data-start=\"1940\" data-end=\"1967\">Arbeitstiefe:<\/strong> 215 mm (8.46\u2033)<\/p>\n<hr data-start=\"1986\" data-end=\"1989\">\n<h2 style=\"text-align: center;\" data-start=\"1991\" data-end=\"2030\"><strong data-start=\"1994\" data-end=\"2030\">Kompatibilit\u00e4t mit anderen Add-ons<\/strong><\/h2>\n<p style=\"text-align: center;\"><img decoding=\"async\" class=\"wp-image-4224 size-medium alignnone\" src=\"https:\/\/fluxlasers.eu\/wp-content\/uploads\/2025\/12\/0E5A3476-300x200.jpg\" alt=\"\" width=\"300\" height=\"200\" srcset=\"https:\/\/fluxlasers.eu\/wp-content\/uploads\/2025\/12\/0E5A3476-300x200.jpg 300w, https:\/\/fluxlasers.eu\/wp-content\/uploads\/2025\/12\/0E5A3476-1024x683.jpg 1024w, https:\/\/fluxlasers.eu\/wp-content\/uploads\/2025\/12\/0E5A3476-768x512.jpg 768w, https:\/\/fluxlasers.eu\/wp-content\/uploads\/2025\/12\/0E5A3476-1536x1024.jpg 1536w, https:\/\/fluxlasers.eu\/wp-content\/uploads\/2025\/12\/0E5A3476-600x400.jpg 600w, https:\/\/fluxlasers.eu\/wp-content\/uploads\/2025\/12\/0E5A3476.jpg 1920w\" sizes=\"(max-width: 300px) 100vw, 300px\" \/> <img decoding=\"async\" class=\"wp-image-4241 size-medium alignnone\" src=\"https:\/\/fluxlasers.eu\/wp-content\/uploads\/2025\/12\/0E5A3579-1-300x200.jpg\" alt=\"\" width=\"300\" height=\"200\" srcset=\"https:\/\/fluxlasers.eu\/wp-content\/uploads\/2025\/12\/0E5A3579-1-300x200.jpg 300w, https:\/\/fluxlasers.eu\/wp-content\/uploads\/2025\/12\/0E5A3579-1-768x512.jpg 768w, https:\/\/fluxlasers.eu\/wp-content\/uploads\/2025\/12\/0E5A3579-1-600x400.jpg 600w, https:\/\/fluxlasers.eu\/wp-content\/uploads\/2025\/12\/0E5A3579-1.jpg 1000w\" sizes=\"(max-width: 300px) 100vw, 300px\" \/><\/p>\n<h3 style=\"text-align: center;\" data-start=\"2032\" data-end=\"2058\"><strong data-start=\"2036\" data-end=\"2058\">Passthrough Add-on<\/strong><\/h3>\n<p style=\"text-align: center;\" data-start=\"2061\" data-end=\"2109\">Gr\u00f6\u00dfe: 42 \u00d7 28 \u00d7 135 mm (1.65 \u00d7 1.10 \u00d7 5.31\u2033)<\/p>\n<p style=\"text-align: center;\" data-start=\"2112\" data-end=\"2142\">Maximal unterst\u00fctztes Gewicht: 100 g<\/p>\n<p style=\"text-align: center;\" data-start=\"2145\" data-end=\"2185\">Maximale Materialtiefe: 14 mm<\/p>\n<p style=\"text-align: center;\" data-start=\"2188\" data-end=\"2223\">Maximale Materialbreite: 350 mm<\/p>\n<h3 style=\"text-align: center;\" data-start=\"2225\" data-end=\"2245\"><strong data-start=\"2229\" data-end=\"2245\">Chuck Rotary<\/strong><\/h3>\n<p style=\"text-align: center;\" data-start=\"2248\" data-end=\"2287\"><strong data-start=\"2248\" data-end=\"2262\">Zylinder:<\/strong> 1\u2013145 mm (bis 5.71\u2033)<\/p>\n<p style=\"text-align: center;\" data-start=\"2290\" data-end=\"2314\"><strong data-start=\"2290\" data-end=\"2302\">Ringe:<\/strong> 11\u2013145 mm<\/p>\n<p style=\"text-align: center;\" data-start=\"2317\" data-end=\"2341\"><strong data-start=\"2317\" data-end=\"2329\">Kugeln:<\/strong> 25\u2013130 mm<\/p>\n<p style=\"text-align: center;\" data-start=\"2344\" data-end=\"2384\"><strong data-start=\"2344\" data-end=\"2375\">Maximale Gravurl\u00e4nge:<\/strong> 500 mm<\/p>\n<h3 style=\"text-align: center;\" data-start=\"2386\" data-end=\"2412\"><strong data-start=\"2390\" data-end=\"2412\">Auto Feeder Add-on<\/strong><\/h3>\n<p style=\"text-align: center;\" data-start=\"2415\" data-end=\"2494\"><strong data-start=\"2415\" data-end=\"2440\">Materialbreite:<\/strong> bis 350 mm (oder 525 mm mit Extension Pocket Add-on)<\/p>\n<p style=\"text-align: center;\" data-start=\"2497\" data-end=\"2573\"><strong data-start=\"2497\" data-end=\"2521\">Materialst\u00e4rke:<\/strong> bis 14 mm (oder 50 mm mit Extension Pocket Add-on)<\/p>\n<p style=\"text-align: center;\" data-start=\"2576\" data-end=\"2626\"><strong data-start=\"2576\" data-end=\"2610\">Bearbeitungsfl\u00e4che \u2013 Tiefe:<\/strong> bis 1610 mm<\/p>\n<p style=\"text-align: center;\" data-start=\"2629\" data-end=\"2667\"><strong data-start=\"2629\" data-end=\"2659\">Maximale Einspannst\u00e4rke:<\/strong> 20 mm<\/p>\n<hr data-start=\"2669\" data-end=\"2672\">\n<h2 style=\"text-align: center;\" data-start=\"2674\" data-end=\"2701\"><strong data-start=\"2677\" data-end=\"2701\">Lieferumfang<\/strong><\/h2>\n<p style=\"text-align: center;\"><img decoding=\"async\" class=\"alignnone wp-image-4235 size-medium\" src=\"https:\/\/fluxlasers.eu\/wp-content\/uploads\/2025\/12\/Whats-in-the-Box_Passthrough_Extension-Pocket-300x300.jpg\" alt=\"\" width=\"300\" height=\"300\" srcset=\"https:\/\/fluxlasers.eu\/wp-content\/uploads\/2025\/12\/Whats-in-the-Box_Passthrough_Extension-Pocket-300x300.jpg 300w, https:\/\/fluxlasers.eu\/wp-content\/uploads\/2025\/12\/Whats-in-the-Box_Passthrough_Extension-Pocket-150x150.jpg 150w, https:\/\/fluxlasers.eu\/wp-content\/uploads\/2025\/12\/Whats-in-the-Box_Passthrough_Extension-Pocket-768x768.jpg 768w, https:\/\/fluxlasers.eu\/wp-content\/uploads\/2025\/12\/Whats-in-the-Box_Passthrough_Extension-Pocket-270x270.jpg 270w, https:\/\/fluxlasers.eu\/wp-content\/uploads\/2025\/12\/Whats-in-the-Box_Passthrough_Extension-Pocket-230x230.jpg 230w, https:\/\/fluxlasers.eu\/wp-content\/uploads\/2025\/12\/Whats-in-the-Box_Passthrough_Extension-Pocket-600x600.jpg 600w, https:\/\/fluxlasers.eu\/wp-content\/uploads\/2025\/12\/Whats-in-the-Box_Passthrough_Extension-Pocket-100x100.jpg 100w, https:\/\/fluxlasers.eu\/wp-content\/uploads\/2025\/12\/Whats-in-the-Box_Passthrough_Extension-Pocket.jpg 1000w\" sizes=\"(max-width: 300px) 100vw, 300px\" \/><\/p>\n<p style=\"text-align: center;\" data-start=\"2704\" data-end=\"2722\">Extension Pocket<\/p>\n<p style=\"text-align: center;\" data-start=\"2725\" data-end=\"2758\">Riser Stands f\u00fcr Beambox II \u00d72<\/p>\n<p style=\"text-align: center;\" data-start=\"2761\" data-end=\"2803\">Lange Riser Stands f\u00fcr Chuck Rotary \u00d73<\/p>\n<p style=\"text-align: center;\" data-start=\"2806\" data-end=\"2832\">Befestigungsschrauben \u00d74<\/p>\n","protected":false},"excerpt":{"rendered":"<article class=\"text-token-text-primary w-full focus:outline-none [--shadow-height:45px] has-data-writing-block:pointer-events-none has-data-writing-block:-mt-(--shadow-height) has-data-writing-block:pt-(--shadow-height) [&amp;:has([data-writing-block])&gt;*]:pointer-events-auto scroll-mt-[calc(var(--header-height)+min(200px,max(70px,20svh)))]\" dir=\"auto\" tabindex=\"-1\" data-turn-id=\"d9fc27a5-4ab4-4340-9857-280f26c73cc1\" data-testid=\"conversation-turn-18\" data-scroll-anchor=\"true\" data-turn=\"assistant\">\n<div class=\"text-base my-auto mx-auto pb-10 [--thread-content-margin:--spacing(4)] @w-sm\/main:[--thread-content-margin:--spacing(6)] @w-lg\/main:[--thread-content-margin:--spacing(16)] px-(--thread-content-margin)\">\n<div class=\"[--thread-content-max-width:40rem] @w-lg\/main:[--thread-content-max-width:48rem] mx-auto max-w-(--thread-content-max-width) flex-1 group\/turn-messages focus-visible:outline-hidden relative flex w-full min-w-0 flex-col agent-turn\" tabindex=\"-1\">\n<div class=\"flex max-w-full flex-col grow\">\n<div class=\"min-h-8 text-message relative flex w-full flex-col items-end gap-2 text-start break-words whitespace-normal [.text-message+&amp;]:mt-1\" dir=\"auto\" data-message-author-role=\"assistant\" data-message-id=\"61ea46c7-190e-4469-9401-d30f00676ce9\" data-message-model-slug=\"gpt-5-1-thinking\">\n<div class=\"flex w-full flex-col gap-1 empty:hidden first:pt-[1px]\">\n<div class=\"markdown prose dark:prose-invert w-full break-words light markdown-new-styling\">\n<p data-start=\"0\" data-end=\"492\" data-is-last-node=\"\" data-is-only-node=\"\">Das <strong data-start=\"3\" data-end=\"46\">Extension Pocket Add-on f\u00fcr Beambox II<\/strong> erweitert die Arbeitstiefe auf bis zu <strong data-start=\"86\" data-end=\"96\">215 mm<\/strong> und bietet eine Fl\u00e4che von <strong data-start=\"117\" data-end=\"133\">385 \u00d7 210 mm<\/strong>, wodurch die Gravur dickerer Materialien und volumin\u00f6ser Objekte erm\u00f6glicht wird, einschlie\u00dflich Zylinder und <em data-start=\"233\" data-end=\"248\">Stanley 40 oz<\/em> Becher in Kombination mit dem <strong data-start=\"274\" data-end=\"290\">Chuck Rotary<\/strong>. Es ist einfach zu montieren, verbessert den Zugang zu anderen Modulen wie <strong data-start=\"350\" data-end=\"365\">Passthrough<\/strong> und <strong data-start=\"368\" data-end=\"383\">Auto Feeder<\/strong> und macht Ihre Beambox II zu einer deutlich vielseitigeren L\u00f6sung f\u00fcr professionelle und individuelle Projekte. <\/p>\n<\/div>\n<\/div>\n<\/div>\n<\/div>\n<\/div>\n<\/div>\n<\/article>\n","protected":false},"featured_media":4252,"comment_status":"closed","ping_status":"closed","template":"","meta":[],"product_brand":[],"product_cat":[361,313],"product_tag":[],"class_list":{"0":"post-10594","1":"product","2":"type-product","3":"status-publish","4":"has-post-thumbnail","6":"product_cat-beambox-zubehor","7":"product_cat-zubehor","9":"first","10":"instock","11":"taxable","12":"shipping-taxable","13":"purchasable","14":"product-type-simple"},"yoast_head":"<!-- This site is optimized with the Yoast SEO plugin v27.0 - https:\/\/yoast.com\/product\/yoast-seo-wordpress\/ -->\n<title>Extension Pocket Add-on \u2013 Beambox II - Flux - Bomedia<\/title>\n<meta name=\"robots\" content=\"index, follow, max-snippet:-1, max-image-preview:large, max-video-preview:-1\" \/>\n<link rel=\"canonical\" href=\"https:\/\/fluxlasers.eu\/de\/produkt\/extension-pocket-add-on-beambox-ii\/\" \/>\n<meta property=\"og:locale\" content=\"de_DE\" \/>\n<meta property=\"og:type\" content=\"article\" \/>\n<meta property=\"og:title\" content=\"Extension Pocket Add-on \u2013 Beambox II - Flux - Bomedia\" \/>\n<meta property=\"og:description\" content=\"Das Extension Pocket Add-on f\u00fcr Beambox II erweitert die Arbeitstiefe auf bis zu 215 mm und bietet eine Fl\u00e4che von 385 \u00d7 210 mm, wodurch die Gravur dickerer Materialien und volumin\u00f6ser Objekte erm\u00f6glicht wird, einschlie\u00dflich Zylinder und Stanley 40 oz Becher in Kombination mit dem Chuck Rotary. Es ist einfach zu montieren, verbessert den Zugang zu anderen Modulen wie Passthrough und Auto Feeder und macht Ihre Beambox II zu einer deutlich vielseitigeren L\u00f6sung f\u00fcr professionelle und individuelle Projekte.\" \/>\n<meta property=\"og:url\" content=\"https:\/\/fluxlasers.eu\/de\/produkt\/extension-pocket-add-on-beambox-ii\/\" \/>\n<meta property=\"og:site_name\" content=\"Flux - Bomedia\" \/>\n<meta property=\"og:image\" content=\"https:\/\/fluxlasers.eu\/wp-content\/uploads\/2025\/12\/0E5A3986.jpg\" \/>\n\t<meta property=\"og:image:width\" content=\"1000\" \/>\n\t<meta property=\"og:image:height\" content=\"666\" \/>\n\t<meta property=\"og:image:type\" content=\"image\/jpeg\" \/>\n<meta name=\"twitter:card\" content=\"summary_large_image\" \/>\n<meta name=\"twitter:label1\" content=\"Gesch\u00e4tzte Lesezeit\" \/>\n\t<meta name=\"twitter:data1\" content=\"2 Minuten\" \/>\n<script type=\"application\/ld+json\" class=\"yoast-schema-graph\">{\"@context\":\"https:\/\/schema.org\",\"@graph\":[{\"@type\":\"WebPage\",\"@id\":\"https:\/\/fluxlasers.eu\/de\/produkt\/extension-pocket-add-on-beambox-ii\/\",\"url\":\"https:\/\/fluxlasers.eu\/de\/produkt\/extension-pocket-add-on-beambox-ii\/\",\"name\":\"Extension Pocket Add-on \u2013 Beambox II - Flux - Bomedia\",\"isPartOf\":{\"@id\":\"https:\/\/fluxlasers.eu\/de\/#website\"},\"primaryImageOfPage\":{\"@id\":\"https:\/\/fluxlasers.eu\/de\/produkt\/extension-pocket-add-on-beambox-ii\/#primaryimage\"},\"image\":{\"@id\":\"https:\/\/fluxlasers.eu\/de\/produkt\/extension-pocket-add-on-beambox-ii\/#primaryimage\"},\"thumbnailUrl\":\"https:\/\/fluxlasers.eu\/wp-content\/uploads\/2025\/12\/0E5A3986.jpg\",\"datePublished\":\"2025-12-11T07:49:28+00:00\",\"breadcrumb\":{\"@id\":\"https:\/\/fluxlasers.eu\/de\/produkt\/extension-pocket-add-on-beambox-ii\/#breadcrumb\"},\"inLanguage\":\"de\",\"potentialAction\":[{\"@type\":\"ReadAction\",\"target\":[\"https:\/\/fluxlasers.eu\/de\/produkt\/extension-pocket-add-on-beambox-ii\/\"]}]},{\"@type\":\"ImageObject\",\"inLanguage\":\"de\",\"@id\":\"https:\/\/fluxlasers.eu\/de\/produkt\/extension-pocket-add-on-beambox-ii\/#primaryimage\",\"url\":\"https:\/\/fluxlasers.eu\/wp-content\/uploads\/2025\/12\/0E5A3986.jpg\",\"contentUrl\":\"https:\/\/fluxlasers.eu\/wp-content\/uploads\/2025\/12\/0E5A3986.jpg\",\"width\":1000,\"height\":666},{\"@type\":\"BreadcrumbList\",\"@id\":\"https:\/\/fluxlasers.eu\/de\/produkt\/extension-pocket-add-on-beambox-ii\/#breadcrumb\",\"itemListElement\":[{\"@type\":\"ListItem\",\"position\":1,\"name\":\"Portada\",\"item\":\"https:\/\/fluxlasers.eu\/de\/startseite\/\"},{\"@type\":\"ListItem\",\"position\":2,\"name\":\"Shop\",\"item\":\"https:\/\/fluxlasers.eu\/de\/shop\/\"},{\"@type\":\"ListItem\",\"position\":3,\"name\":\"Extension Pocket Add-on \u2013 Beambox II\"}]},{\"@type\":\"WebSite\",\"@id\":\"https:\/\/fluxlasers.eu\/de\/#website\",\"url\":\"https:\/\/fluxlasers.eu\/de\/\",\"name\":\"Flux - Bomedia\",\"description\":\"Lasercutter und -gravierer\",\"publisher\":{\"@id\":\"https:\/\/fluxlasers.eu\/de\/#organization\"},\"potentialAction\":[{\"@type\":\"SearchAction\",\"target\":{\"@type\":\"EntryPoint\",\"urlTemplate\":\"https:\/\/fluxlasers.eu\/de\/?s={search_term_string}\"},\"query-input\":{\"@type\":\"PropertyValueSpecification\",\"valueRequired\":true,\"valueName\":\"search_term_string\"}}],\"inLanguage\":\"de\"},{\"@type\":\"Organization\",\"@id\":\"https:\/\/fluxlasers.eu\/de\/#organization\",\"name\":\"Fluxlasers Espa\u00f1a\",\"url\":\"https:\/\/fluxlasers.eu\/de\/\",\"logo\":{\"@type\":\"ImageObject\",\"inLanguage\":\"de\",\"@id\":\"https:\/\/fluxlasers.eu\/de\/#\/schema\/logo\/image\/\",\"url\":\"https:\/\/fluxlasers.eu\/wp-content\/uploads\/2021\/03\/logofluxspainc.png\",\"contentUrl\":\"https:\/\/fluxlasers.eu\/wp-content\/uploads\/2021\/03\/logofluxspainc.png\",\"width\":350,\"height\":217,\"caption\":\"Fluxlasers Espa\u00f1a\"},\"image\":{\"@id\":\"https:\/\/fluxlasers.eu\/de\/#\/schema\/logo\/image\/\"}}]}<\/script>\n<!-- \/ Yoast SEO plugin. -->","yoast_head_json":{"title":"Extension Pocket Add-on \u2013 Beambox II - Flux - Bomedia","robots":{"index":"index","follow":"follow","max-snippet":"max-snippet:-1","max-image-preview":"max-image-preview:large","max-video-preview":"max-video-preview:-1"},"canonical":"https:\/\/fluxlasers.eu\/de\/produkt\/extension-pocket-add-on-beambox-ii\/","og_locale":"de_DE","og_type":"article","og_title":"Extension Pocket Add-on \u2013 Beambox II - Flux - Bomedia","og_description":"Das Extension Pocket Add-on f\u00fcr Beambox II erweitert die Arbeitstiefe auf bis zu 215 mm und bietet eine Fl\u00e4che von 385 \u00d7 210 mm, wodurch die Gravur dickerer Materialien und volumin\u00f6ser Objekte erm\u00f6glicht wird, einschlie\u00dflich Zylinder und Stanley 40 oz Becher in Kombination mit dem Chuck Rotary. Es ist einfach zu montieren, verbessert den Zugang zu anderen Modulen wie Passthrough und Auto Feeder und macht Ihre Beambox II zu einer deutlich vielseitigeren L\u00f6sung f\u00fcr professionelle und individuelle Projekte.","og_url":"https:\/\/fluxlasers.eu\/de\/produkt\/extension-pocket-add-on-beambox-ii\/","og_site_name":"Flux - Bomedia","og_image":[{"width":1000,"height":666,"url":"https:\/\/fluxlasers.eu\/wp-content\/uploads\/2025\/12\/0E5A3986.jpg","type":"image\/jpeg"}],"twitter_card":"summary_large_image","twitter_misc":{"Gesch\u00e4tzte Lesezeit":"2 Minuten"},"schema":{"@context":"https:\/\/schema.org","@graph":[{"@type":"WebPage","@id":"https:\/\/fluxlasers.eu\/de\/produkt\/extension-pocket-add-on-beambox-ii\/","url":"https:\/\/fluxlasers.eu\/de\/produkt\/extension-pocket-add-on-beambox-ii\/","name":"Extension Pocket Add-on \u2013 Beambox II - Flux - Bomedia","isPartOf":{"@id":"https:\/\/fluxlasers.eu\/de\/#website"},"primaryImageOfPage":{"@id":"https:\/\/fluxlasers.eu\/de\/produkt\/extension-pocket-add-on-beambox-ii\/#primaryimage"},"image":{"@id":"https:\/\/fluxlasers.eu\/de\/produkt\/extension-pocket-add-on-beambox-ii\/#primaryimage"},"thumbnailUrl":"https:\/\/fluxlasers.eu\/wp-content\/uploads\/2025\/12\/0E5A3986.jpg","datePublished":"2025-12-11T07:49:28+00:00","breadcrumb":{"@id":"https:\/\/fluxlasers.eu\/de\/produkt\/extension-pocket-add-on-beambox-ii\/#breadcrumb"},"inLanguage":"de","potentialAction":[{"@type":"ReadAction","target":["https:\/\/fluxlasers.eu\/de\/produkt\/extension-pocket-add-on-beambox-ii\/"]}]},{"@type":"ImageObject","inLanguage":"de","@id":"https:\/\/fluxlasers.eu\/de\/produkt\/extension-pocket-add-on-beambox-ii\/#primaryimage","url":"https:\/\/fluxlasers.eu\/wp-content\/uploads\/2025\/12\/0E5A3986.jpg","contentUrl":"https:\/\/fluxlasers.eu\/wp-content\/uploads\/2025\/12\/0E5A3986.jpg","width":1000,"height":666},{"@type":"BreadcrumbList","@id":"https:\/\/fluxlasers.eu\/de\/produkt\/extension-pocket-add-on-beambox-ii\/#breadcrumb","itemListElement":[{"@type":"ListItem","position":1,"name":"Portada","item":"https:\/\/fluxlasers.eu\/de\/startseite\/"},{"@type":"ListItem","position":2,"name":"Shop","item":"https:\/\/fluxlasers.eu\/de\/shop\/"},{"@type":"ListItem","position":3,"name":"Extension Pocket Add-on \u2013 Beambox II"}]},{"@type":"WebSite","@id":"https:\/\/fluxlasers.eu\/de\/#website","url":"https:\/\/fluxlasers.eu\/de\/","name":"Flux - Bomedia","description":"Lasercutter und -gravierer","publisher":{"@id":"https:\/\/fluxlasers.eu\/de\/#organization"},"potentialAction":[{"@type":"SearchAction","target":{"@type":"EntryPoint","urlTemplate":"https:\/\/fluxlasers.eu\/de\/?s={search_term_string}"},"query-input":{"@type":"PropertyValueSpecification","valueRequired":true,"valueName":"search_term_string"}}],"inLanguage":"de"},{"@type":"Organization","@id":"https:\/\/fluxlasers.eu\/de\/#organization","name":"Fluxlasers Espa\u00f1a","url":"https:\/\/fluxlasers.eu\/de\/","logo":{"@type":"ImageObject","inLanguage":"de","@id":"https:\/\/fluxlasers.eu\/de\/#\/schema\/logo\/image\/","url":"https:\/\/fluxlasers.eu\/wp-content\/uploads\/2021\/03\/logofluxspainc.png","contentUrl":"https:\/\/fluxlasers.eu\/wp-content\/uploads\/2021\/03\/logofluxspainc.png","width":350,"height":217,"caption":"Fluxlasers Espa\u00f1a"},"image":{"@id":"https:\/\/fluxlasers.eu\/de\/#\/schema\/logo\/image\/"}}]}},"_links":{"self":[{"href":"https:\/\/fluxlasers.eu\/de\/wp-json\/wp\/v2\/product\/10594","targetHints":{"allow":["GET"]}}],"collection":[{"href":"https:\/\/fluxlasers.eu\/de\/wp-json\/wp\/v2\/product"}],"about":[{"href":"https:\/\/fluxlasers.eu\/de\/wp-json\/wp\/v2\/types\/product"}],"replies":[{"embeddable":true,"href":"https:\/\/fluxlasers.eu\/de\/wp-json\/wp\/v2\/comments?post=10594"}],"wp:featuredmedia":[{"embeddable":true,"href":"https:\/\/fluxlasers.eu\/de\/wp-json\/wp\/v2\/media\/4252"}],"wp:attachment":[{"href":"https:\/\/fluxlasers.eu\/de\/wp-json\/wp\/v2\/media?parent=10594"}],"wp:term":[{"taxonomy":"product_brand","embeddable":true,"href":"https:\/\/fluxlasers.eu\/de\/wp-json\/wp\/v2\/product_brand?post=10594"},{"taxonomy":"product_cat","embeddable":true,"href":"https:\/\/fluxlasers.eu\/de\/wp-json\/wp\/v2\/product_cat?post=10594"},{"taxonomy":"product_tag","embeddable":true,"href":"https:\/\/fluxlasers.eu\/de\/wp-json\/wp\/v2\/product_tag?post=10594"}],"curies":[{"name":"wp","href":"https:\/\/api.w.org\/{rel}","templated":true}]}}