{"id":10494,"date":"2025-02-06T12:11:23","date_gmt":"2025-02-06T11:11:23","guid":{"rendered":"https:\/\/fluxlasers.eu\/producto\/ador-erweiterungsbasis\/"},"modified":"2025-02-06T12:11:23","modified_gmt":"2025-02-06T11:11:23","slug":"ador-erweiterungsbasis","status":"publish","type":"product","link":"https:\/\/fluxlasers.eu\/de\/produkt\/ador-erweiterungsbasis\/","title":{"rendered":"Ador Erweiterungsbasis"},"content":{"rendered":"<h3 style=\"text-align: center;\" data-start=\"165\" data-end=\"217\">Mehr H\u00f6he, mehr Platz, mehr kreative Freiheit<\/h3>\n<p style=\"text-align: center;\" data-start=\"219\" data-end=\"575\">Das <strong data-start=\"222\" data-end=\"247\">Extension Base Add-on<\/strong> erweitert die Kapazit\u00e4t Ihres FLUX Ador, indem es die Arbeitsh\u00f6he erh\u00f6ht und Ihnen erm\u00f6glicht, Objekte bis zu <strong data-start=\"385\" data-end=\"395\">117 mm<\/strong> H\u00f6he zu gravieren, zu schneiden und zu drucken. Mit dieser Basis kann Ador dickere Materialien und volumin\u00f6sere Projekte bequem bearbeiten, was ein viel breiteres Spektrum an kreativen M\u00f6glichkeiten er\u00f6ffnet. <\/p>\n<p style=\"text-align: center;\" data-start=\"577\" data-end=\"970\">Die im Lieferumfang der Basis enthaltene Wabenstruktur erm\u00f6glicht die Anpassung der H\u00f6he an die Projektanforderungen und gew\u00e4hrleistet eine angemessene Bel\u00fcftung sowie einen festen Halt w\u00e4hrend der Arbeit. Ihr modulares Design erm\u00f6glicht schnelle Wechsel zwischen verschiedenen Konfigurationen und macht sie zu einem vielseitigen Werkzeug sowohl f\u00fcr professionelle Kreative als auch f\u00fcr Werkst\u00e4tten, die Flexibilit\u00e4t ben\u00f6tigen. <\/p>\n<p style=\"text-align: center;\" data-start=\"972\" data-end=\"1184\">In Kombination mit dem integrierten Passthrough k\u00f6nnen Sie zudem l\u00e4ngere Objekte ohne Einschr\u00e4nkungen bearbeiten: Gravieren, schneiden oder drucken Sie gro\u00dfformatige Teile, indem Sie das Material absolut frei von Seite zu Seite f\u00fchren.<\/p>\n<p style=\"text-align: center;\">\n<div id=\"wpfp_f0f6b6c2ffb70ab3031a3ecac8573a3b\" data-item=\"{&quot;sources&quot;:[{&quot;src&quot;:&quot;https:\\\/\\\/fluxlasers.eu\\\/wp-content\\\/uploads\\\/2025\\\/02\\\/01-Extension-Base-Honey-Comb-gif.mov&quot;,&quot;type&quot;:&quot;video\\\/mp4&quot;}],&quot;id&quot;:&quot;13&quot;}\" class=\"flowplayer no-brand is-splash is-paused skin-slim no-svg fp-slim fp-edgy\" data-fvautoplay=\"0\" style=\"position:relative; max-width: 1080px; max-height: 1080px; \" data-fullscreen=\"false\" data-ratio=\"1\" data-advance=\"false\">\n\t<div class=\"fp-ratio\" style=\"padding-top: 100%\"><\/div>\n\t<div class=\"fp-ui\"><noscript>Please enable JavaScript<\/noscript><div class=\"fp-play fp-visible\"><svg class=\"fp-play-sharp-fill\" xmlns=\"http:\/\/www.w3.org\/2000\/svg\" viewBox=\"0 0 100 100\"><defs><style>.fp-color-play{opacity:0.65;}.controlbutton{fill:#fff;}<\/style><\/defs><title>play-sharp-fill<\/title><path class=\"fp-color-play\" d=\"M49.9217-.078a50,50,0,1,0,50,50A50.0564,50.0564,0,0,0,49.9217-.078Z\"\/><polygon class=\"controlbutton\" points=\"73.601 50 37.968 70.573 37.968 29.427 73.601 50\" filter=\"url(#f1)\"\/><\/svg><\/div><div class=\"fp-preload\"><b><\/b><b><\/b><b><\/b><b><\/b><\/div><\/div>\n\n<\/div>\n\n<h2 style=\"text-align: center;\" data-start=\"1191\" data-end=\"1220\"><strong data-start=\"1194\" data-end=\"1220\">Hauptvorteile<\/strong><\/h2>\n<p style=\"text-align: center;\" data-start=\"1222\" data-end=\"1367\"><strong data-start=\"1222\" data-end=\"1249\">Gr\u00f6\u00dfere Arbeitsh\u00f6he<\/strong><br data-start=\"1249\" data-end=\"1252\">Erm\u00f6glicht das Arbeiten mit Objekten bis zu <strong data-start=\"1290\" data-end=\"1300\">117 mm<\/strong>, was die M\u00f6glichkeiten bei dicken Materialien oder 3D-Teilen erweitert.<\/p>\n<p style=\"text-align: center;\" data-start=\"1369\" data-end=\"1517\"><strong data-start=\"1369\" data-end=\"1396\">Verstellbare Wabenbasis<\/strong><br data-start=\"1396\" data-end=\"1399\">Enth\u00e4lt eine leichte, stabile und verstellbare Plattform, die die Rauchevakuierung erleichtert und die Gravurqualit\u00e4t verbessert.<\/p>\n<p style=\"text-align: center;\" data-start=\"1519\" data-end=\"1655\"><strong data-start=\"1519\" data-end=\"1559\">Volle Passthrough-Kompatibilit\u00e4t<\/strong><br data-start=\"1559\" data-end=\"1562\">Ideal f\u00fcr lange Projekte, die einen kontinuierlichen Materialfluss von Ein- zu Ausgang erfordern.<\/p>\n<p style=\"text-align: center;\" data-start=\"1657\" data-end=\"1820\"><strong data-start=\"1657\" data-end=\"1682\">Mehr kreative Freiheit<\/strong><br data-start=\"1682\" data-end=\"1685\">Perfekt f\u00fcr Kreative, die mit unkonventionellen Formaten, personalisierten Produkten, Prototypen oder volumin\u00f6sen Teilen arbeiten m\u00f6chten.<\/p>\n","protected":false},"excerpt":{"rendered":"<p>Das <strong data-start=\"1881\" data-end=\"1921\">Extension Base Add-on f\u00fcr FLUX Ador<\/strong> erh\u00f6ht die Arbeitsh\u00f6he auf bis zu <strong data-start=\"1957\" data-end=\"1967\">117 mm<\/strong>, wodurch dickere und volumin\u00f6sere Objekte graviert und gedruckt werden k\u00f6nnen. Es enth\u00e4lt eine verstellbare Wabenbasis und ist vollst\u00e4ndig mit dem Passthrough kompatibel, was einen erweiterten Arbeitsbereich f\u00fcr gr\u00f6\u00dfere Projekte und grenzenlose Kreativit\u00e4t bietet. <\/p>\n","protected":false},"featured_media":3847,"comment_status":"closed","ping_status":"closed","template":"","meta":[],"product_brand":[],"product_cat":[306],"product_tag":[],"class_list":{"0":"post-10494","1":"product","2":"type-product","3":"status-publish","4":"has-post-thumbnail","6":"product_cat-ador-zubehor","8":"first","9":"instock","10":"sale","11":"taxable","12":"shipping-taxable","13":"purchasable","14":"product-type-simple"},"yoast_head":"<!-- This site is optimized with the Yoast SEO plugin v27.0 - https:\/\/yoast.com\/product\/yoast-seo-wordpress\/ -->\n<title>Ador Erweiterungsbasis - Flux - Bomedia<\/title>\n<meta name=\"robots\" content=\"index, follow, max-snippet:-1, max-image-preview:large, max-video-preview:-1\" \/>\n<link rel=\"canonical\" href=\"https:\/\/fluxlasers.eu\/de\/produkt\/ador-erweiterungsbasis\/\" \/>\n<meta property=\"og:locale\" content=\"de_DE\" \/>\n<meta property=\"og:type\" content=\"article\" \/>\n<meta property=\"og:title\" content=\"Ador Erweiterungsbasis - Flux - Bomedia\" \/>\n<meta property=\"og:description\" content=\"Das Extension Base Add-on f\u00fcr FLUX Ador erh\u00f6ht die Arbeitsh\u00f6he auf bis zu 117 mm, wodurch dickere und volumin\u00f6sere Objekte graviert und gedruckt werden k\u00f6nnen. Es enth\u00e4lt eine verstellbare Wabenbasis und ist vollst\u00e4ndig mit dem Passthrough kompatibel, was einen erweiterten Arbeitsbereich f\u00fcr gr\u00f6\u00dfere Projekte und grenzenlose Kreativit\u00e4t bietet.\" \/>\n<meta property=\"og:url\" content=\"https:\/\/fluxlasers.eu\/de\/produkt\/ador-erweiterungsbasis\/\" \/>\n<meta property=\"og:site_name\" content=\"Flux - Bomedia\" \/>\n<meta property=\"og:image\" content=\"https:\/\/fluxlasers.eu\/wp-content\/uploads\/2025\/02\/Exstension-Base-Side-1-1200x1200-1.jpg\" \/>\n\t<meta property=\"og:image:width\" content=\"1200\" \/>\n\t<meta property=\"og:image:height\" content=\"1200\" \/>\n\t<meta property=\"og:image:type\" content=\"image\/jpeg\" \/>\n<meta name=\"twitter:card\" content=\"summary_large_image\" \/>\n<meta name=\"twitter:label1\" content=\"Gesch\u00e4tzte Lesezeit\" \/>\n\t<meta name=\"twitter:data1\" content=\"1\u00a0Minute\" \/>\n<script type=\"application\/ld+json\" class=\"yoast-schema-graph\">{\"@context\":\"https:\/\/schema.org\",\"@graph\":[{\"@type\":\"WebPage\",\"@id\":\"https:\/\/fluxlasers.eu\/de\/produkt\/ador-erweiterungsbasis\/\",\"url\":\"https:\/\/fluxlasers.eu\/de\/produkt\/ador-erweiterungsbasis\/\",\"name\":\"Ador Erweiterungsbasis - Flux - Bomedia\",\"isPartOf\":{\"@id\":\"https:\/\/fluxlasers.eu\/de\/#website\"},\"primaryImageOfPage\":{\"@id\":\"https:\/\/fluxlasers.eu\/de\/produkt\/ador-erweiterungsbasis\/#primaryimage\"},\"image\":{\"@id\":\"https:\/\/fluxlasers.eu\/de\/produkt\/ador-erweiterungsbasis\/#primaryimage\"},\"thumbnailUrl\":\"https:\/\/fluxlasers.eu\/wp-content\/uploads\/2025\/02\/Exstension-Base-Side-1-1200x1200-1.jpg\",\"datePublished\":\"2025-02-06T11:11:23+00:00\",\"breadcrumb\":{\"@id\":\"https:\/\/fluxlasers.eu\/de\/produkt\/ador-erweiterungsbasis\/#breadcrumb\"},\"inLanguage\":\"de\",\"potentialAction\":[{\"@type\":\"ReadAction\",\"target\":[\"https:\/\/fluxlasers.eu\/de\/produkt\/ador-erweiterungsbasis\/\"]}]},{\"@type\":\"ImageObject\",\"inLanguage\":\"de\",\"@id\":\"https:\/\/fluxlasers.eu\/de\/produkt\/ador-erweiterungsbasis\/#primaryimage\",\"url\":\"https:\/\/fluxlasers.eu\/wp-content\/uploads\/2025\/02\/Exstension-Base-Side-1-1200x1200-1.jpg\",\"contentUrl\":\"https:\/\/fluxlasers.eu\/wp-content\/uploads\/2025\/02\/Exstension-Base-Side-1-1200x1200-1.jpg\",\"width\":1200,\"height\":1200},{\"@type\":\"BreadcrumbList\",\"@id\":\"https:\/\/fluxlasers.eu\/de\/produkt\/ador-erweiterungsbasis\/#breadcrumb\",\"itemListElement\":[{\"@type\":\"ListItem\",\"position\":1,\"name\":\"Portada\",\"item\":\"https:\/\/fluxlasers.eu\/de\/startseite\/\"},{\"@type\":\"ListItem\",\"position\":2,\"name\":\"Shop\",\"item\":\"https:\/\/fluxlasers.eu\/de\/shop\/\"},{\"@type\":\"ListItem\",\"position\":3,\"name\":\"Ador Erweiterungsbasis\"}]},{\"@type\":\"WebSite\",\"@id\":\"https:\/\/fluxlasers.eu\/de\/#website\",\"url\":\"https:\/\/fluxlasers.eu\/de\/\",\"name\":\"Flux - Bomedia\",\"description\":\"Lasercutter und -gravierer\",\"publisher\":{\"@id\":\"https:\/\/fluxlasers.eu\/de\/#organization\"},\"potentialAction\":[{\"@type\":\"SearchAction\",\"target\":{\"@type\":\"EntryPoint\",\"urlTemplate\":\"https:\/\/fluxlasers.eu\/de\/?s={search_term_string}\"},\"query-input\":{\"@type\":\"PropertyValueSpecification\",\"valueRequired\":true,\"valueName\":\"search_term_string\"}}],\"inLanguage\":\"de\"},{\"@type\":\"Organization\",\"@id\":\"https:\/\/fluxlasers.eu\/de\/#organization\",\"name\":\"Fluxlasers Espa\u00f1a\",\"url\":\"https:\/\/fluxlasers.eu\/de\/\",\"logo\":{\"@type\":\"ImageObject\",\"inLanguage\":\"de\",\"@id\":\"https:\/\/fluxlasers.eu\/de\/#\/schema\/logo\/image\/\",\"url\":\"https:\/\/fluxlasers.eu\/wp-content\/uploads\/2021\/03\/logofluxspainc.png\",\"contentUrl\":\"https:\/\/fluxlasers.eu\/wp-content\/uploads\/2021\/03\/logofluxspainc.png\",\"width\":350,\"height\":217,\"caption\":\"Fluxlasers Espa\u00f1a\"},\"image\":{\"@id\":\"https:\/\/fluxlasers.eu\/de\/#\/schema\/logo\/image\/\"}}]}<\/script>\n<!-- \/ Yoast SEO plugin. -->","yoast_head_json":{"title":"Ador Erweiterungsbasis - Flux - Bomedia","robots":{"index":"index","follow":"follow","max-snippet":"max-snippet:-1","max-image-preview":"max-image-preview:large","max-video-preview":"max-video-preview:-1"},"canonical":"https:\/\/fluxlasers.eu\/de\/produkt\/ador-erweiterungsbasis\/","og_locale":"de_DE","og_type":"article","og_title":"Ador Erweiterungsbasis - Flux - Bomedia","og_description":"Das Extension Base Add-on f\u00fcr FLUX Ador erh\u00f6ht die Arbeitsh\u00f6he auf bis zu 117 mm, wodurch dickere und volumin\u00f6sere Objekte graviert und gedruckt werden k\u00f6nnen. Es enth\u00e4lt eine verstellbare Wabenbasis und ist vollst\u00e4ndig mit dem Passthrough kompatibel, was einen erweiterten Arbeitsbereich f\u00fcr gr\u00f6\u00dfere Projekte und grenzenlose Kreativit\u00e4t bietet.","og_url":"https:\/\/fluxlasers.eu\/de\/produkt\/ador-erweiterungsbasis\/","og_site_name":"Flux - Bomedia","og_image":[{"width":1200,"height":1200,"url":"https:\/\/fluxlasers.eu\/wp-content\/uploads\/2025\/02\/Exstension-Base-Side-1-1200x1200-1.jpg","type":"image\/jpeg"}],"twitter_card":"summary_large_image","twitter_misc":{"Gesch\u00e4tzte Lesezeit":"1\u00a0Minute"},"schema":{"@context":"https:\/\/schema.org","@graph":[{"@type":"WebPage","@id":"https:\/\/fluxlasers.eu\/de\/produkt\/ador-erweiterungsbasis\/","url":"https:\/\/fluxlasers.eu\/de\/produkt\/ador-erweiterungsbasis\/","name":"Ador Erweiterungsbasis - Flux - Bomedia","isPartOf":{"@id":"https:\/\/fluxlasers.eu\/de\/#website"},"primaryImageOfPage":{"@id":"https:\/\/fluxlasers.eu\/de\/produkt\/ador-erweiterungsbasis\/#primaryimage"},"image":{"@id":"https:\/\/fluxlasers.eu\/de\/produkt\/ador-erweiterungsbasis\/#primaryimage"},"thumbnailUrl":"https:\/\/fluxlasers.eu\/wp-content\/uploads\/2025\/02\/Exstension-Base-Side-1-1200x1200-1.jpg","datePublished":"2025-02-06T11:11:23+00:00","breadcrumb":{"@id":"https:\/\/fluxlasers.eu\/de\/produkt\/ador-erweiterungsbasis\/#breadcrumb"},"inLanguage":"de","potentialAction":[{"@type":"ReadAction","target":["https:\/\/fluxlasers.eu\/de\/produkt\/ador-erweiterungsbasis\/"]}]},{"@type":"ImageObject","inLanguage":"de","@id":"https:\/\/fluxlasers.eu\/de\/produkt\/ador-erweiterungsbasis\/#primaryimage","url":"https:\/\/fluxlasers.eu\/wp-content\/uploads\/2025\/02\/Exstension-Base-Side-1-1200x1200-1.jpg","contentUrl":"https:\/\/fluxlasers.eu\/wp-content\/uploads\/2025\/02\/Exstension-Base-Side-1-1200x1200-1.jpg","width":1200,"height":1200},{"@type":"BreadcrumbList","@id":"https:\/\/fluxlasers.eu\/de\/produkt\/ador-erweiterungsbasis\/#breadcrumb","itemListElement":[{"@type":"ListItem","position":1,"name":"Portada","item":"https:\/\/fluxlasers.eu\/de\/startseite\/"},{"@type":"ListItem","position":2,"name":"Shop","item":"https:\/\/fluxlasers.eu\/de\/shop\/"},{"@type":"ListItem","position":3,"name":"Ador Erweiterungsbasis"}]},{"@type":"WebSite","@id":"https:\/\/fluxlasers.eu\/de\/#website","url":"https:\/\/fluxlasers.eu\/de\/","name":"Flux - Bomedia","description":"Lasercutter und -gravierer","publisher":{"@id":"https:\/\/fluxlasers.eu\/de\/#organization"},"potentialAction":[{"@type":"SearchAction","target":{"@type":"EntryPoint","urlTemplate":"https:\/\/fluxlasers.eu\/de\/?s={search_term_string}"},"query-input":{"@type":"PropertyValueSpecification","valueRequired":true,"valueName":"search_term_string"}}],"inLanguage":"de"},{"@type":"Organization","@id":"https:\/\/fluxlasers.eu\/de\/#organization","name":"Fluxlasers Espa\u00f1a","url":"https:\/\/fluxlasers.eu\/de\/","logo":{"@type":"ImageObject","inLanguage":"de","@id":"https:\/\/fluxlasers.eu\/de\/#\/schema\/logo\/image\/","url":"https:\/\/fluxlasers.eu\/wp-content\/uploads\/2021\/03\/logofluxspainc.png","contentUrl":"https:\/\/fluxlasers.eu\/wp-content\/uploads\/2021\/03\/logofluxspainc.png","width":350,"height":217,"caption":"Fluxlasers Espa\u00f1a"},"image":{"@id":"https:\/\/fluxlasers.eu\/de\/#\/schema\/logo\/image\/"}}]}},"_links":{"self":[{"href":"https:\/\/fluxlasers.eu\/de\/wp-json\/wp\/v2\/product\/10494","targetHints":{"allow":["GET"]}}],"collection":[{"href":"https:\/\/fluxlasers.eu\/de\/wp-json\/wp\/v2\/product"}],"about":[{"href":"https:\/\/fluxlasers.eu\/de\/wp-json\/wp\/v2\/types\/product"}],"replies":[{"embeddable":true,"href":"https:\/\/fluxlasers.eu\/de\/wp-json\/wp\/v2\/comments?post=10494"}],"wp:featuredmedia":[{"embeddable":true,"href":"https:\/\/fluxlasers.eu\/de\/wp-json\/wp\/v2\/media\/3847"}],"wp:attachment":[{"href":"https:\/\/fluxlasers.eu\/de\/wp-json\/wp\/v2\/media?parent=10494"}],"wp:term":[{"taxonomy":"product_brand","embeddable":true,"href":"https:\/\/fluxlasers.eu\/de\/wp-json\/wp\/v2\/product_brand?post=10494"},{"taxonomy":"product_cat","embeddable":true,"href":"https:\/\/fluxlasers.eu\/de\/wp-json\/wp\/v2\/product_cat?post=10494"},{"taxonomy":"product_tag","embeddable":true,"href":"https:\/\/fluxlasers.eu\/de\/wp-json\/wp\/v2\/product_tag?post=10494"}],"curies":[{"name":"wp","href":"https:\/\/api.w.org\/{rel}","templated":true}]}}