{"id":10407,"date":"2025-02-03T17:56:59","date_gmt":"2025-02-03T16:56:59","guid":{"rendered":"https:\/\/fluxlasers.eu\/producto\/rotationsmodul-fuer-flux-ador\/"},"modified":"2025-02-03T17:56:59","modified_gmt":"2025-02-03T16:56:59","slug":"rotationsmodul-fuer-flux-ador","status":"publish","type":"product","link":"https:\/\/fluxlasers.eu\/de\/produkt\/rotationsmodul-fuer-flux-ador\/","title":{"rendered":"Rotationsmodul f\u00fcr Flux Ador"},"content":{"rendered":"<p>Produktbeschreibung<\/p>\n<p>Das Ador Rotationszubeh\u00f6r ist eine leistungsstarke Erg\u00e4nzung f\u00fcr die FLUX Ador, die pr\u00e4zise Gravuren und Drucke auf zylindrischen Objekten wie Flaschen, Gl\u00e4sern und Rohren erm\u00f6glicht. Dieses vielseitige Werkzeug erweitert Ihre kreativen M\u00f6glichkeiten bei der Bearbeitung abgerundeter Oberfl\u00e4chen und gew\u00e4hrleistet gleichm\u00e4\u00dfige, hochwertige Ergebnisse auf einer Vielzahl von Materialien. Perfekt f\u00fcr Hobbyisten und Profis gleicherma\u00dfen, verwandelt das Ador Rotationszubeh\u00f6r Ihre FLUX Ador in eine noch flexiblere und leistungsf\u00e4higere Maschine.  <\/p>\n<p>Um das Rotationszubeh\u00f6r zu verwenden, ben\u00f6tigen Sie die <a href=\"https:\/\/fluxlasers.eu\/producto\/base-de-extension-ador\/\">Ador Erweiterungsbasis.<\/a><\/p>\n","protected":false},"excerpt":{"rendered":"<p>Sie ben\u00f6tigen die <a href=\"https:\/\/fluxlasers.eu\/producto\/base-de-extension-ador\/\">Ador Erweiterungsbasis<\/a>, um das Ador Rotationsmodul 2.0 nutzen zu k\u00f6nnen.<\/p>\n","protected":false},"featured_media":4313,"comment_status":"closed","ping_status":"closed","template":"","meta":[],"product_brand":[],"product_cat":[306],"product_tag":[],"class_list":{"0":"post-10407","1":"product","2":"type-product","3":"status-publish","4":"has-post-thumbnail","6":"product_cat-ador-zubehor","8":"first","9":"instock","10":"sale","11":"taxable","12":"shipping-taxable","13":"purchasable","14":"product-type-simple"},"yoast_head":"<!-- This site is optimized with the Yoast SEO plugin v27.0 - https:\/\/yoast.com\/product\/yoast-seo-wordpress\/ -->\n<title>Rotationsmodul f\u00fcr Flux Ador - Flux - Bomedia<\/title>\n<meta name=\"robots\" content=\"index, follow, max-snippet:-1, max-image-preview:large, max-video-preview:-1\" \/>\n<link rel=\"canonical\" href=\"https:\/\/fluxlasers.eu\/de\/produkt\/rotationsmodul-fuer-flux-ador\/\" \/>\n<meta property=\"og:locale\" content=\"de_DE\" \/>\n<meta property=\"og:type\" content=\"article\" \/>\n<meta property=\"og:title\" content=\"Rotationsmodul f\u00fcr Flux Ador - Flux - Bomedia\" \/>\n<meta property=\"og:description\" content=\"Sie ben\u00f6tigen die Ador Erweiterungsbasis, um das Ador Rotationsmodul 2.0 nutzen zu k\u00f6nnen.\" \/>\n<meta property=\"og:url\" content=\"https:\/\/fluxlasers.eu\/de\/produkt\/rotationsmodul-fuer-flux-ador\/\" \/>\n<meta property=\"og:site_name\" content=\"Flux - Bomedia\" \/>\n<meta property=\"og:image\" content=\"https:\/\/fluxlasers.eu\/wp-content\/uploads\/2025\/02\/Captura-de-pantalla-2025-12-11-a-las-10.16.01.png\" \/>\n\t<meta property=\"og:image:width\" content=\"633\" \/>\n\t<meta property=\"og:image:height\" content=\"609\" \/>\n\t<meta property=\"og:image:type\" content=\"image\/png\" \/>\n<meta name=\"twitter:card\" content=\"summary_large_image\" \/>\n<script type=\"application\/ld+json\" class=\"yoast-schema-graph\">{\"@context\":\"https:\/\/schema.org\",\"@graph\":[{\"@type\":\"WebPage\",\"@id\":\"https:\/\/fluxlasers.eu\/de\/produkt\/rotationsmodul-fuer-flux-ador\/\",\"url\":\"https:\/\/fluxlasers.eu\/de\/produkt\/rotationsmodul-fuer-flux-ador\/\",\"name\":\"Rotationsmodul f\u00fcr Flux Ador - Flux - Bomedia\",\"isPartOf\":{\"@id\":\"https:\/\/fluxlasers.eu\/de\/#website\"},\"primaryImageOfPage\":{\"@id\":\"https:\/\/fluxlasers.eu\/de\/produkt\/rotationsmodul-fuer-flux-ador\/#primaryimage\"},\"image\":{\"@id\":\"https:\/\/fluxlasers.eu\/de\/produkt\/rotationsmodul-fuer-flux-ador\/#primaryimage\"},\"thumbnailUrl\":\"https:\/\/fluxlasers.eu\/wp-content\/uploads\/2025\/02\/Captura-de-pantalla-2025-12-11-a-las-10.16.01.png\",\"datePublished\":\"2025-02-03T16:56:59+00:00\",\"breadcrumb\":{\"@id\":\"https:\/\/fluxlasers.eu\/de\/produkt\/rotationsmodul-fuer-flux-ador\/#breadcrumb\"},\"inLanguage\":\"de\",\"potentialAction\":[{\"@type\":\"ReadAction\",\"target\":[\"https:\/\/fluxlasers.eu\/de\/produkt\/rotationsmodul-fuer-flux-ador\/\"]}]},{\"@type\":\"ImageObject\",\"inLanguage\":\"de\",\"@id\":\"https:\/\/fluxlasers.eu\/de\/produkt\/rotationsmodul-fuer-flux-ador\/#primaryimage\",\"url\":\"https:\/\/fluxlasers.eu\/wp-content\/uploads\/2025\/02\/Captura-de-pantalla-2025-12-11-a-las-10.16.01.png\",\"contentUrl\":\"https:\/\/fluxlasers.eu\/wp-content\/uploads\/2025\/02\/Captura-de-pantalla-2025-12-11-a-las-10.16.01.png\",\"width\":633,\"height\":609},{\"@type\":\"BreadcrumbList\",\"@id\":\"https:\/\/fluxlasers.eu\/de\/produkt\/rotationsmodul-fuer-flux-ador\/#breadcrumb\",\"itemListElement\":[{\"@type\":\"ListItem\",\"position\":1,\"name\":\"Portada\",\"item\":\"https:\/\/fluxlasers.eu\/de\/startseite\/\"},{\"@type\":\"ListItem\",\"position\":2,\"name\":\"Shop\",\"item\":\"https:\/\/fluxlasers.eu\/de\/shop\/\"},{\"@type\":\"ListItem\",\"position\":3,\"name\":\"Rotationsmodul f\u00fcr Flux Ador\"}]},{\"@type\":\"WebSite\",\"@id\":\"https:\/\/fluxlasers.eu\/de\/#website\",\"url\":\"https:\/\/fluxlasers.eu\/de\/\",\"name\":\"Flux - Bomedia\",\"description\":\"Lasercutter und -gravierer\",\"publisher\":{\"@id\":\"https:\/\/fluxlasers.eu\/de\/#organization\"},\"potentialAction\":[{\"@type\":\"SearchAction\",\"target\":{\"@type\":\"EntryPoint\",\"urlTemplate\":\"https:\/\/fluxlasers.eu\/de\/?s={search_term_string}\"},\"query-input\":{\"@type\":\"PropertyValueSpecification\",\"valueRequired\":true,\"valueName\":\"search_term_string\"}}],\"inLanguage\":\"de\"},{\"@type\":\"Organization\",\"@id\":\"https:\/\/fluxlasers.eu\/de\/#organization\",\"name\":\"Fluxlasers Espa\u00f1a\",\"url\":\"https:\/\/fluxlasers.eu\/de\/\",\"logo\":{\"@type\":\"ImageObject\",\"inLanguage\":\"de\",\"@id\":\"https:\/\/fluxlasers.eu\/de\/#\/schema\/logo\/image\/\",\"url\":\"https:\/\/fluxlasers.eu\/wp-content\/uploads\/2021\/03\/logofluxspainc.png\",\"contentUrl\":\"https:\/\/fluxlasers.eu\/wp-content\/uploads\/2021\/03\/logofluxspainc.png\",\"width\":350,\"height\":217,\"caption\":\"Fluxlasers Espa\u00f1a\"},\"image\":{\"@id\":\"https:\/\/fluxlasers.eu\/de\/#\/schema\/logo\/image\/\"}}]}<\/script>\n<!-- \/ Yoast SEO plugin. -->","yoast_head_json":{"title":"Rotationsmodul f\u00fcr Flux Ador - Flux - Bomedia","robots":{"index":"index","follow":"follow","max-snippet":"max-snippet:-1","max-image-preview":"max-image-preview:large","max-video-preview":"max-video-preview:-1"},"canonical":"https:\/\/fluxlasers.eu\/de\/produkt\/rotationsmodul-fuer-flux-ador\/","og_locale":"de_DE","og_type":"article","og_title":"Rotationsmodul f\u00fcr Flux Ador - Flux - Bomedia","og_description":"Sie ben\u00f6tigen die Ador Erweiterungsbasis, um das Ador Rotationsmodul 2.0 nutzen zu k\u00f6nnen.","og_url":"https:\/\/fluxlasers.eu\/de\/produkt\/rotationsmodul-fuer-flux-ador\/","og_site_name":"Flux - Bomedia","og_image":[{"width":633,"height":609,"url":"https:\/\/fluxlasers.eu\/wp-content\/uploads\/2025\/02\/Captura-de-pantalla-2025-12-11-a-las-10.16.01.png","type":"image\/png"}],"twitter_card":"summary_large_image","schema":{"@context":"https:\/\/schema.org","@graph":[{"@type":"WebPage","@id":"https:\/\/fluxlasers.eu\/de\/produkt\/rotationsmodul-fuer-flux-ador\/","url":"https:\/\/fluxlasers.eu\/de\/produkt\/rotationsmodul-fuer-flux-ador\/","name":"Rotationsmodul f\u00fcr Flux Ador - Flux - Bomedia","isPartOf":{"@id":"https:\/\/fluxlasers.eu\/de\/#website"},"primaryImageOfPage":{"@id":"https:\/\/fluxlasers.eu\/de\/produkt\/rotationsmodul-fuer-flux-ador\/#primaryimage"},"image":{"@id":"https:\/\/fluxlasers.eu\/de\/produkt\/rotationsmodul-fuer-flux-ador\/#primaryimage"},"thumbnailUrl":"https:\/\/fluxlasers.eu\/wp-content\/uploads\/2025\/02\/Captura-de-pantalla-2025-12-11-a-las-10.16.01.png","datePublished":"2025-02-03T16:56:59+00:00","breadcrumb":{"@id":"https:\/\/fluxlasers.eu\/de\/produkt\/rotationsmodul-fuer-flux-ador\/#breadcrumb"},"inLanguage":"de","potentialAction":[{"@type":"ReadAction","target":["https:\/\/fluxlasers.eu\/de\/produkt\/rotationsmodul-fuer-flux-ador\/"]}]},{"@type":"ImageObject","inLanguage":"de","@id":"https:\/\/fluxlasers.eu\/de\/produkt\/rotationsmodul-fuer-flux-ador\/#primaryimage","url":"https:\/\/fluxlasers.eu\/wp-content\/uploads\/2025\/02\/Captura-de-pantalla-2025-12-11-a-las-10.16.01.png","contentUrl":"https:\/\/fluxlasers.eu\/wp-content\/uploads\/2025\/02\/Captura-de-pantalla-2025-12-11-a-las-10.16.01.png","width":633,"height":609},{"@type":"BreadcrumbList","@id":"https:\/\/fluxlasers.eu\/de\/produkt\/rotationsmodul-fuer-flux-ador\/#breadcrumb","itemListElement":[{"@type":"ListItem","position":1,"name":"Portada","item":"https:\/\/fluxlasers.eu\/de\/startseite\/"},{"@type":"ListItem","position":2,"name":"Shop","item":"https:\/\/fluxlasers.eu\/de\/shop\/"},{"@type":"ListItem","position":3,"name":"Rotationsmodul f\u00fcr Flux Ador"}]},{"@type":"WebSite","@id":"https:\/\/fluxlasers.eu\/de\/#website","url":"https:\/\/fluxlasers.eu\/de\/","name":"Flux - Bomedia","description":"Lasercutter und -gravierer","publisher":{"@id":"https:\/\/fluxlasers.eu\/de\/#organization"},"potentialAction":[{"@type":"SearchAction","target":{"@type":"EntryPoint","urlTemplate":"https:\/\/fluxlasers.eu\/de\/?s={search_term_string}"},"query-input":{"@type":"PropertyValueSpecification","valueRequired":true,"valueName":"search_term_string"}}],"inLanguage":"de"},{"@type":"Organization","@id":"https:\/\/fluxlasers.eu\/de\/#organization","name":"Fluxlasers Espa\u00f1a","url":"https:\/\/fluxlasers.eu\/de\/","logo":{"@type":"ImageObject","inLanguage":"de","@id":"https:\/\/fluxlasers.eu\/de\/#\/schema\/logo\/image\/","url":"https:\/\/fluxlasers.eu\/wp-content\/uploads\/2021\/03\/logofluxspainc.png","contentUrl":"https:\/\/fluxlasers.eu\/wp-content\/uploads\/2021\/03\/logofluxspainc.png","width":350,"height":217,"caption":"Fluxlasers Espa\u00f1a"},"image":{"@id":"https:\/\/fluxlasers.eu\/de\/#\/schema\/logo\/image\/"}}]}},"_links":{"self":[{"href":"https:\/\/fluxlasers.eu\/de\/wp-json\/wp\/v2\/product\/10407","targetHints":{"allow":["GET"]}}],"collection":[{"href":"https:\/\/fluxlasers.eu\/de\/wp-json\/wp\/v2\/product"}],"about":[{"href":"https:\/\/fluxlasers.eu\/de\/wp-json\/wp\/v2\/types\/product"}],"replies":[{"embeddable":true,"href":"https:\/\/fluxlasers.eu\/de\/wp-json\/wp\/v2\/comments?post=10407"}],"wp:featuredmedia":[{"embeddable":true,"href":"https:\/\/fluxlasers.eu\/de\/wp-json\/wp\/v2\/media\/4313"}],"wp:attachment":[{"href":"https:\/\/fluxlasers.eu\/de\/wp-json\/wp\/v2\/media?parent=10407"}],"wp:term":[{"taxonomy":"product_brand","embeddable":true,"href":"https:\/\/fluxlasers.eu\/de\/wp-json\/wp\/v2\/product_brand?post=10407"},{"taxonomy":"product_cat","embeddable":true,"href":"https:\/\/fluxlasers.eu\/de\/wp-json\/wp\/v2\/product_cat?post=10407"},{"taxonomy":"product_tag","embeddable":true,"href":"https:\/\/fluxlasers.eu\/de\/wp-json\/wp\/v2\/product_tag?post=10407"}],"curies":[{"name":"wp","href":"https:\/\/api.w.org\/{rel}","templated":true}]}}