{"id":9726,"date":"2023-05-08T15:11:18","date_gmt":"2023-05-08T14:11:18","guid":{"rendered":"https:\/\/fluxlasers.eu\/finanzierung-fuer-unternehmen-und-selbststaendige\/"},"modified":"2026-02-27T15:02:53","modified_gmt":"2026-02-27T14:02:53","slug":"finanzierung-fuer-unternehmen-und-selbststaendige","status":"publish","type":"page","link":"https:\/\/fluxlasers.eu\/de\/finanzierung-fuer-unternehmen-und-selbststaendige\/","title":{"rendered":"Finanzierung f\u00fcr Unternehmen und Selbstst\u00e4ndige"},"content":{"rendered":"\n<h2 class=\"wp-block-heading\" id=\"financiacion-grenke\">Grenke Rent Finanzierung<\/h2>\n\n<div class=\"wp-block-columns is-layout-flex wp-container-core-columns-is-layout-9d6595d7 wp-block-columns-is-layout-flex\">\n<div class=\"wp-block-column is-layout-flow wp-block-column-is-layout-flow\" style=\"flex-basis:66.66%\">\n<p>Bomedia stellt Ihnen seine neuen Ger\u00e4te \u00fcber einen Leasingvertrag mit dem Finanzdienstleister Grenke zur Verf\u00fcgung.<\/p>\n\n\n\n<p><strong>Grenke Rent<\/strong> ist ein Unternehmen, das sich auf die Finanzierung von technologischem Equipment spezialisiert hat, wobei \u00fcber die im Vertrag festgelegte Laufzeit eine feste monatliche Rate gezahlt wird. Dieser Finanzdienstleister arbeitet mit Unternehmen und Selbstst\u00e4ndigen zusammen, nicht mit Privatpersonen. <\/p>\n\n\n\n<p>Unverbindliche Machbarkeitspr\u00fcfung.<\/p>\n\n\n\n<p>Erforderliche Angaben: Steuernummer (CIF\/NIF), Name des Unternehmens oder des Selbstst\u00e4ndigen, vollst\u00e4ndige Adresse, E-Mail und Tel.<\/p>\n\n\n\n<p>Schnelle R\u00fcckmeldung, innerhalb von weniger als 24 Stunden.<\/p>\n<\/div>\n\n\n\n<div class=\"wp-block-column is-layout-flow wp-block-column-is-layout-flow\" style=\"flex-basis:33.33%\">\n<figure class=\"wp-block-image size-full is-style-default\"><a href=\"https:\/\/www.grenke.es\/\"><img decoding=\"async\" src=\"https:\/\/boprint.net\/wp-content\/uploads\/2022\/09\/logogrenke.jpg\" alt=\"\" class=\"wp-image-2422\"\/><\/a><\/figure>\n<\/div>\n<\/div>\n\n<div class=\"wp-block-buttons is-content-justification-center is-layout-flex wp-container-core-buttons-is-layout-16018d1d wp-block-buttons-is-layout-flex\">\n<div class=\"wp-block-button\"><a class=\"wp-block-button__link has-vivid-cyan-blue-background-color has-background\" href=\"https:\/\/fluxlasers.eu\/de\/kontakt\/\" style=\"border-radius:4px\">Fordern Sie jetzt Ihre unverbindliche Pr\u00fcfung an<\/a><\/div>\n<\/div>\n\n<h3 class=\"wp-block-heading\">Was bietet Grenke Rent?<\/h3>\n\n<p><strong>  Vorteile:<\/strong><\/p>\n\n<ul class=\"wp-block-list\"><li>Ohne Anzahlung<\/li><li>Raten zu 100 % steuerlich absetzbar<\/li><li>Keine Belastung der Liquidit\u00e4t, keine Investition erforderlich. Keine Bilanzierung (neutral gegen\u00fcber Kreditrahmen). <\/li><\/ul>\n\n<p><strong>Voraussetzungen<\/strong>:<\/p>\n\n<ul class=\"wp-block-list\"><li>Mindestbestehen des Unternehmens: 2 Jahre.<\/li><li>Mindestbestehen f\u00fcr Selbstst\u00e4ndige: 3 Jahre.<\/li><li>B\u00fcrgschaft durch ein anderes Unternehmen oder einen anderen Selbstst\u00e4ndigen m\u00f6glich.<\/li><\/ul>\n\n<p><strong>Verf\u00fcgbare Laufzeiten:<\/strong><\/p>\n\n<ul class=\"wp-block-list\"><li>Verf\u00fcgbare Laufzeiten: 12, 24, 36, 48, 60, 72 Monate.<\/li><\/ul>\n\n<p><strong>Vertragsart:<\/strong><\/p>\n\n<ul class=\"wp-block-list\"><li>Digital, elektronische Signatur.<\/li><\/ul>\n\n<p><strong>Betr\u00e4ge<\/strong><\/p>\n\n<p>Beispiel: Anschaffung eines Ger\u00e4ts im Wert von 3.000 \u20ac zzgl. MwSt.<\/p>\n\n<p><strong>Wert des Ger\u00e4ts: 3.000 \u20ac zzgl. MwSt.<\/strong><\/p>\n\n<p>Monatliche oder viertelj\u00e4hrliche Raten m\u00f6glich<\/p>\n\n<p>Laufzeiten und Raten je nach Vertragsdauer.<\/p>\n\n<ul class=\"wp-block-list\"><li>Vertrag \u00fcber 12 Monate \u2013 Monatliche Rate: 308,70 \u20ac zzgl. MwSt.<\/li><li>Vertrag \u00fcber 24 Monate \u2013 Monatliche Rate: 157,50 \u20ac zzgl. MwSt.<\/li><li>Vertrag \u00fcber 36 Monate \u2013 Monatliche Rate: 112,50 \u20ac zzgl. MwSt.<\/li><li>Vertrag \u00fcber 48 Monate \u2013 Monatliche Rate: 87,60 \u20ac zzgl. MwSt.<\/li><li>Vertrag \u00fcber 60 Monate \u2013 Monatliche Rate: 75,30 \u20ac zzgl. MwSt.<\/li><li>Vertrag \u00fcber 72 Monate \u2013 Monatliche Rate: 63,90 \u20ac zzgl. MwSt.<\/li><\/ul>\n\n<p><strong>Nach Vertragsende haben Sie zwei Optionen.<\/strong><\/p>\n\n<ul class=\"wp-block-list\"><li>1) <strong>Das Ger\u00e4t in Ihr Eigentum \u00fcbernehmen.<\/strong><ul><li>\u00dcber eine Restwertzahlung. Kosten ca. 6 % des Neuwerts des Ger\u00e4ts. <\/li><li>Beispiel 3.000 \u20ac zzgl. MwSt. Restwert: 180 \u20ac zzgl. MwSt. <\/li><\/ul><\/li><li>2) <strong>Das Ger\u00e4t zur\u00fcckgeben.<\/strong><ul><li>Beendigung des Leasingvertrags.<\/li><\/ul><\/li><\/ul>\n\n<p><a href=\"https:\/\/www.grenke.es\/\">Detaillierte Informationen auf Grenke.es<\/a><\/p>\n","protected":false},"excerpt":{"rendered":"<p>Grenke Rent Finanzierung Bomedia stellt Ihnen seine neuen Ger\u00e4te \u00fcber einen Leasingvertrag mit dem Finanzdienstleister Grenke zur Verf\u00fcgung. Grenke Rent ist ein Unternehmen, das sich auf die Finanzierung von technologischem Equipment spezialisiert hat, wobei \u00fcber die im Vertrag festgelegte Laufzeit<\/p>\n","protected":false},"author":1,"featured_media":0,"parent":0,"menu_order":0,"comment_status":"closed","ping_status":"closed","template":"","meta":{"footnotes":""},"class_list":["post-9726","page","type-page","status-publish","hentry"],"yoast_head":"<!-- This site is optimized with the Yoast SEO plugin v27.0 - https:\/\/yoast.com\/product\/yoast-seo-wordpress\/ -->\n<title>Finanzierung f\u00fcr Unternehmen und Selbstst\u00e4ndige - Flux - Bomedia<\/title>\n<meta name=\"robots\" content=\"index, follow, max-snippet:-1, max-image-preview:large, max-video-preview:-1\" \/>\n<link rel=\"canonical\" href=\"https:\/\/fluxlasers.eu\/de\/finanzierung-fuer-unternehmen-und-selbststaendige\/\" \/>\n<meta property=\"og:locale\" content=\"de_DE\" \/>\n<meta property=\"og:type\" content=\"article\" \/>\n<meta property=\"og:title\" content=\"Finanzierung f\u00fcr Unternehmen und Selbstst\u00e4ndige - Flux - Bomedia\" \/>\n<meta property=\"og:description\" content=\"Grenke Rent Finanzierung Bomedia stellt Ihnen seine neuen Ger\u00e4te \u00fcber einen Leasingvertrag mit dem Finanzdienstleister Grenke zur Verf\u00fcgung. Grenke Rent ist ein Unternehmen, das sich auf die Finanzierung von technologischem Equipment spezialisiert hat, wobei \u00fcber die im Vertrag festgelegte Laufzeit\" \/>\n<meta property=\"og:url\" content=\"https:\/\/fluxlasers.eu\/de\/finanzierung-fuer-unternehmen-und-selbststaendige\/\" \/>\n<meta property=\"og:site_name\" content=\"Flux - Bomedia\" \/>\n<meta property=\"article:modified_time\" content=\"2026-02-27T14:02:53+00:00\" \/>\n<meta name=\"twitter:card\" content=\"summary_large_image\" \/>\n<meta name=\"twitter:label1\" content=\"Gesch\u00e4tzte Lesezeit\" \/>\n\t<meta name=\"twitter:data1\" content=\"1\u00a0Minute\" \/>\n<script type=\"application\/ld+json\" class=\"yoast-schema-graph\">{\"@context\":\"https:\/\/schema.org\",\"@graph\":[{\"@type\":\"WebPage\",\"@id\":\"https:\/\/fluxlasers.eu\/de\/finanzierung-fuer-unternehmen-und-selbststaendige\/\",\"url\":\"https:\/\/fluxlasers.eu\/de\/finanzierung-fuer-unternehmen-und-selbststaendige\/\",\"name\":\"Finanzierung f\u00fcr Unternehmen und Selbstst\u00e4ndige - Flux - Bomedia\",\"isPartOf\":{\"@id\":\"https:\/\/fluxlasers.eu\/de\/#website\"},\"primaryImageOfPage\":{\"@id\":\"https:\/\/fluxlasers.eu\/de\/finanzierung-fuer-unternehmen-und-selbststaendige\/#primaryimage\"},\"image\":{\"@id\":\"https:\/\/fluxlasers.eu\/de\/finanzierung-fuer-unternehmen-und-selbststaendige\/#primaryimage\"},\"thumbnailUrl\":\"https:\/\/boprint.net\/wp-content\/uploads\/2022\/09\/logogrenke.jpg\",\"datePublished\":\"2023-05-08T14:11:18+00:00\",\"dateModified\":\"2026-02-27T14:02:53+00:00\",\"breadcrumb\":{\"@id\":\"https:\/\/fluxlasers.eu\/de\/finanzierung-fuer-unternehmen-und-selbststaendige\/#breadcrumb\"},\"inLanguage\":\"de\",\"potentialAction\":[{\"@type\":\"ReadAction\",\"target\":[\"https:\/\/fluxlasers.eu\/de\/finanzierung-fuer-unternehmen-und-selbststaendige\/\"]}]},{\"@type\":\"ImageObject\",\"inLanguage\":\"de\",\"@id\":\"https:\/\/fluxlasers.eu\/de\/finanzierung-fuer-unternehmen-und-selbststaendige\/#primaryimage\",\"url\":\"https:\/\/boprint.net\/wp-content\/uploads\/2022\/09\/logogrenke.jpg\",\"contentUrl\":\"https:\/\/boprint.net\/wp-content\/uploads\/2022\/09\/logogrenke.jpg\"},{\"@type\":\"BreadcrumbList\",\"@id\":\"https:\/\/fluxlasers.eu\/de\/finanzierung-fuer-unternehmen-und-selbststaendige\/#breadcrumb\",\"itemListElement\":[{\"@type\":\"ListItem\",\"position\":1,\"name\":\"Portada\",\"item\":\"https:\/\/fluxlasers.eu\/de\/startseite\/\"},{\"@type\":\"ListItem\",\"position\":2,\"name\":\"Finanzierung f\u00fcr Unternehmen und Selbstst\u00e4ndige\"}]},{\"@type\":\"WebSite\",\"@id\":\"https:\/\/fluxlasers.eu\/de\/#website\",\"url\":\"https:\/\/fluxlasers.eu\/de\/\",\"name\":\"Flux - Bomedia\",\"description\":\"Lasercutter und -gravierer\",\"publisher\":{\"@id\":\"https:\/\/fluxlasers.eu\/de\/#organization\"},\"potentialAction\":[{\"@type\":\"SearchAction\",\"target\":{\"@type\":\"EntryPoint\",\"urlTemplate\":\"https:\/\/fluxlasers.eu\/de\/?s={search_term_string}\"},\"query-input\":{\"@type\":\"PropertyValueSpecification\",\"valueRequired\":true,\"valueName\":\"search_term_string\"}}],\"inLanguage\":\"de\"},{\"@type\":\"Organization\",\"@id\":\"https:\/\/fluxlasers.eu\/de\/#organization\",\"name\":\"Fluxlasers Espa\u00f1a\",\"url\":\"https:\/\/fluxlasers.eu\/de\/\",\"logo\":{\"@type\":\"ImageObject\",\"inLanguage\":\"de\",\"@id\":\"https:\/\/fluxlasers.eu\/de\/#\/schema\/logo\/image\/\",\"url\":\"https:\/\/fluxlasers.eu\/wp-content\/uploads\/2021\/03\/logofluxspainc.png\",\"contentUrl\":\"https:\/\/fluxlasers.eu\/wp-content\/uploads\/2021\/03\/logofluxspainc.png\",\"width\":350,\"height\":217,\"caption\":\"Fluxlasers Espa\u00f1a\"},\"image\":{\"@id\":\"https:\/\/fluxlasers.eu\/de\/#\/schema\/logo\/image\/\"}}]}<\/script>\n<!-- \/ Yoast SEO plugin. -->","yoast_head_json":{"title":"Finanzierung f\u00fcr Unternehmen und Selbstst\u00e4ndige - Flux - Bomedia","robots":{"index":"index","follow":"follow","max-snippet":"max-snippet:-1","max-image-preview":"max-image-preview:large","max-video-preview":"max-video-preview:-1"},"canonical":"https:\/\/fluxlasers.eu\/de\/finanzierung-fuer-unternehmen-und-selbststaendige\/","og_locale":"de_DE","og_type":"article","og_title":"Finanzierung f\u00fcr Unternehmen und Selbstst\u00e4ndige - Flux - Bomedia","og_description":"Grenke Rent Finanzierung Bomedia stellt Ihnen seine neuen Ger\u00e4te \u00fcber einen Leasingvertrag mit dem Finanzdienstleister Grenke zur Verf\u00fcgung. Grenke Rent ist ein Unternehmen, das sich auf die Finanzierung von technologischem Equipment spezialisiert hat, wobei \u00fcber die im Vertrag festgelegte Laufzeit","og_url":"https:\/\/fluxlasers.eu\/de\/finanzierung-fuer-unternehmen-und-selbststaendige\/","og_site_name":"Flux - Bomedia","article_modified_time":"2026-02-27T14:02:53+00:00","twitter_card":"summary_large_image","twitter_misc":{"Gesch\u00e4tzte Lesezeit":"1\u00a0Minute"},"schema":{"@context":"https:\/\/schema.org","@graph":[{"@type":"WebPage","@id":"https:\/\/fluxlasers.eu\/de\/finanzierung-fuer-unternehmen-und-selbststaendige\/","url":"https:\/\/fluxlasers.eu\/de\/finanzierung-fuer-unternehmen-und-selbststaendige\/","name":"Finanzierung f\u00fcr Unternehmen und Selbstst\u00e4ndige - Flux - Bomedia","isPartOf":{"@id":"https:\/\/fluxlasers.eu\/de\/#website"},"primaryImageOfPage":{"@id":"https:\/\/fluxlasers.eu\/de\/finanzierung-fuer-unternehmen-und-selbststaendige\/#primaryimage"},"image":{"@id":"https:\/\/fluxlasers.eu\/de\/finanzierung-fuer-unternehmen-und-selbststaendige\/#primaryimage"},"thumbnailUrl":"https:\/\/boprint.net\/wp-content\/uploads\/2022\/09\/logogrenke.jpg","datePublished":"2023-05-08T14:11:18+00:00","dateModified":"2026-02-27T14:02:53+00:00","breadcrumb":{"@id":"https:\/\/fluxlasers.eu\/de\/finanzierung-fuer-unternehmen-und-selbststaendige\/#breadcrumb"},"inLanguage":"de","potentialAction":[{"@type":"ReadAction","target":["https:\/\/fluxlasers.eu\/de\/finanzierung-fuer-unternehmen-und-selbststaendige\/"]}]},{"@type":"ImageObject","inLanguage":"de","@id":"https:\/\/fluxlasers.eu\/de\/finanzierung-fuer-unternehmen-und-selbststaendige\/#primaryimage","url":"https:\/\/boprint.net\/wp-content\/uploads\/2022\/09\/logogrenke.jpg","contentUrl":"https:\/\/boprint.net\/wp-content\/uploads\/2022\/09\/logogrenke.jpg"},{"@type":"BreadcrumbList","@id":"https:\/\/fluxlasers.eu\/de\/finanzierung-fuer-unternehmen-und-selbststaendige\/#breadcrumb","itemListElement":[{"@type":"ListItem","position":1,"name":"Portada","item":"https:\/\/fluxlasers.eu\/de\/startseite\/"},{"@type":"ListItem","position":2,"name":"Finanzierung f\u00fcr Unternehmen und Selbstst\u00e4ndige"}]},{"@type":"WebSite","@id":"https:\/\/fluxlasers.eu\/de\/#website","url":"https:\/\/fluxlasers.eu\/de\/","name":"Flux - Bomedia","description":"Lasercutter und -gravierer","publisher":{"@id":"https:\/\/fluxlasers.eu\/de\/#organization"},"potentialAction":[{"@type":"SearchAction","target":{"@type":"EntryPoint","urlTemplate":"https:\/\/fluxlasers.eu\/de\/?s={search_term_string}"},"query-input":{"@type":"PropertyValueSpecification","valueRequired":true,"valueName":"search_term_string"}}],"inLanguage":"de"},{"@type":"Organization","@id":"https:\/\/fluxlasers.eu\/de\/#organization","name":"Fluxlasers Espa\u00f1a","url":"https:\/\/fluxlasers.eu\/de\/","logo":{"@type":"ImageObject","inLanguage":"de","@id":"https:\/\/fluxlasers.eu\/de\/#\/schema\/logo\/image\/","url":"https:\/\/fluxlasers.eu\/wp-content\/uploads\/2021\/03\/logofluxspainc.png","contentUrl":"https:\/\/fluxlasers.eu\/wp-content\/uploads\/2021\/03\/logofluxspainc.png","width":350,"height":217,"caption":"Fluxlasers Espa\u00f1a"},"image":{"@id":"https:\/\/fluxlasers.eu\/de\/#\/schema\/logo\/image\/"}}]}},"_links":{"self":[{"href":"https:\/\/fluxlasers.eu\/de\/wp-json\/wp\/v2\/pages\/9726","targetHints":{"allow":["GET"]}}],"collection":[{"href":"https:\/\/fluxlasers.eu\/de\/wp-json\/wp\/v2\/pages"}],"about":[{"href":"https:\/\/fluxlasers.eu\/de\/wp-json\/wp\/v2\/types\/page"}],"author":[{"embeddable":true,"href":"https:\/\/fluxlasers.eu\/de\/wp-json\/wp\/v2\/users\/1"}],"replies":[{"embeddable":true,"href":"https:\/\/fluxlasers.eu\/de\/wp-json\/wp\/v2\/comments?post=9726"}],"version-history":[{"count":1,"href":"https:\/\/fluxlasers.eu\/de\/wp-json\/wp\/v2\/pages\/9726\/revisions"}],"predecessor-version":[{"id":9727,"href":"https:\/\/fluxlasers.eu\/de\/wp-json\/wp\/v2\/pages\/9726\/revisions\/9727"}],"wp:attachment":[{"href":"https:\/\/fluxlasers.eu\/de\/wp-json\/wp\/v2\/media?parent=9726"}],"curies":[{"name":"wp","href":"https:\/\/api.w.org\/{rel}","templated":true}]}}