{"id":9701,"date":"2023-04-27T06:53:24","date_gmt":"2023-04-27T05:53:24","guid":{"rendered":"https:\/\/fluxlasers.eu\/hexa-60-w\/"},"modified":"2026-03-04T08:57:31","modified_gmt":"2026-03-04T07:57:31","slug":"hexa-60-w","status":"publish","type":"page","link":"https:\/\/fluxlasers.eu\/de\/hexa-60-w\/","title":{"rendered":"Hexa 60 W"},"content":{"rendered":"\n<div style=\"height:28px\" aria-hidden=\"true\" class=\"wp-block-spacer\"><\/div>\n\n<h2 class=\"has-text-align-center has-black-color has-text-color wp-block-heading\" id=\"hexa\"><strong>HEXA<\/strong><\/h2>\n\n<h4 class=\"has-text-align-center has-black-color has-text-color wp-block-heading\" id=\"mas-alla-de-tu-profesion\">\u00dcber Ihren Beruf hinaus<\/h4>\n\n<div style=\"height:28px\" aria-hidden=\"true\" class=\"wp-block-spacer\"><\/div>\n\n<figure class=\"wp-block-video\"><video height=\"786\" style=\"aspect-ratio: 1920 \/ 786;\" width=\"1920\" autoplay=\"\" loop=\"\" muted=\"\" poster=\"\" preload=\"auto\" src=\"https:\/\/fluxlasers.eu\/wp-content\/uploads\/2022\/01\/hexabanner.mp4\"><\/video><\/figure>\n\n<div style=\"height:42px\" aria-hidden=\"true\" class=\"wp-block-spacer\"><\/div>\n\n<div class=\"wp-block-columns is-layout-flex wp-container-core-columns-is-layout-9d6595d7 wp-block-columns-is-layout-flex\">\n<div class=\"wp-block-column is-layout-flow wp-block-column-is-layout-flow\">\n<h3 class=\"has-text-align-center has-black-color has-text-color has-large-font-size wp-block-heading\" id=\"construido-para-la-produccion\">F\u00fcr die Produktion gebaut <\/h3>\n\n\n\n<p class=\"padding: 1em;\">Der gr\u00f6\u00dfte und tiefste Arbeitsbereich des FLUX HEXA wurde speziell f\u00fcr Ihre professionelle Produktion entwickelt. Die hohe Aufl\u00f6sung in Kombination mit einer h\u00f6heren Gravurgeschwindigkeit macht Ihre Arbeitserfahrung fl\u00fcssiger als je zuvor. <\/p>\n<\/div>\n\n\n\n<div class=\"wp-block-column is-layout-flow wp-block-column-is-layout-flow\">\n<figure class=\"wp-block-video\"><video height=\"1080\" style=\"aspect-ratio: 1920 \/ 1080;\" width=\"1920\" autoplay=\"\" loop=\"\" muted=\"\" src=\"https:\/\/fluxlasers.eu\/wp-content\/uploads\/2022\/01\/opencover.mp4\"><\/video><\/figure>\n\n\n\n<p><\/p>\n<\/div>\n<\/div>\n\n<div class=\"wp-block-columns is-layout-flex wp-container-core-columns-is-layout-9d6595d7 wp-block-columns-is-layout-flex\">\n<div class=\"wp-block-column is-layout-flow wp-block-column-is-layout-flow\"><\/div>\n\n\n\n<div class=\"wp-block-column is-layout-flow wp-block-column-is-layout-flow\">\n<div class=\"wp-block-buttons is-layout-flex wp-block-buttons-is-layout-flex\">\n<div class=\"wp-block-button has-custom-width wp-block-button__width-100 is-style-fill\"><a class=\"wp-block-button__link has-white-color has-text-color has-background\" href=\"https:\/\/fluxlasers.eu\/de\/produkt\/flux-hexa-co2-laserschneider-60w\/\" style=\"border-radius:16px;background-color:#d79e00\">Kaufen Sie jetzt Ihren HEXA<\/a><\/div>\n<\/div>\n<\/div>\n\n\n\n<div class=\"wp-block-column is-layout-flow wp-block-column-is-layout-flow\"><\/div>\n<\/div>\n\n<div class=\"wp-block-columns is-layout-flex wp-container-core-columns-is-layout-9d6595d7 wp-block-columns-is-layout-flex\">\n<div class=\"wp-block-column is-layout-flow wp-block-column-is-layout-flow\">\n<figure class=\"wp-block-video\"><video height=\"1080\" style=\"aspect-ratio: 1920 \/ 1080;\" width=\"1920\" autoplay=\"\" loop=\"\" muted=\"\" src=\"https:\/\/fluxlasers.eu\/wp-content\/uploads\/2022\/01\/Workarea.mp4\"><\/video><\/figure>\n<\/div>\n\n\n\n<div class=\"wp-block-column is-layout-flow wp-block-column-is-layout-flow\">\n<h3 class=\"has-text-align-center has-black-color has-text-color has-large-font-size wp-block-heading\" id=\"un-33-mas-de-superficie-de-trabajo\">33 % mehr Arbeitsfl\u00e4che<\/h3>\n\n\n\n<p>Mehr Kapazit\u00e4t, mehr M\u00f6glichkeiten. Mit einem Arbeitsbereich von 730 x 410 x 125 mm ist HEXA 33 % gr\u00f6\u00dfer und 40 mm tiefer. FLUX HEXA ist ein deutlich leistungsst\u00e4rkerer Laserschneider, um Ihre professionellen Anforderungen zu erf\u00fcllen. Standardm\u00e4\u00dfig ausgestattet mit einer verbesserten wabenf\u00f6rmigen Stahlplattform und Kegelabstandshaltern.   <\/p>\n<\/div>\n<\/div>\n\n<div class=\"wp-block-columns is-layout-flex wp-container-core-columns-is-layout-9d6595d7 wp-block-columns-is-layout-flex\">\n<div class=\"wp-block-column is-layout-flow wp-block-column-is-layout-flow\">\n<h3 class=\"has-text-align-center has-black-color has-text-color has-large-font-size wp-block-heading\" id=\"grabado-de-alta-velocidad-de-900-mm-s\">Hochgeschwindigkeitsgravur mit 900 mm\/s <\/h3>\n\n\n\n<p>Die leistungsst\u00e4rkeren Cortex-M4-Kernchips von HEXA erm\u00f6glichen Ihnen das Gravieren mit einer atemberaubenden Geschwindigkeit von 900 mm\/s.<\/p>\n<\/div>\n\n\n\n<div class=\"wp-block-column is-layout-flow wp-block-column-is-layout-flow\">\n<figure class=\"wp-block-video\"><video height=\"1080\" style=\"aspect-ratio: 1920 \/ 1080;\" width=\"1920\" autoplay=\"\" loop=\"\" muted=\"\" src=\"https:\/\/fluxlasers.eu\/wp-content\/uploads\/2022\/01\/speed-1.mp4\"><\/video><\/figure>\n<\/div>\n<\/div>\n\n<div class=\"wp-block-columns is-layout-flex wp-container-core-columns-is-layout-9d6595d7 wp-block-columns-is-layout-flex\">\n<div class=\"wp-block-column is-layout-flow wp-block-column-is-layout-flow\">\n<figure class=\"wp-block-video\"><video height=\"1080\" style=\"aspect-ratio: 1920 \/ 1080;\" width=\"1920\" autoplay=\"\" loop=\"\" muted=\"\" src=\"https:\/\/fluxlasers.eu\/wp-content\/uploads\/2022\/01\/Laser_OK.mp4\"><\/video><\/figure>\n<\/div>\n\n\n\n<div class=\"wp-block-column is-layout-flow wp-block-column-is-layout-flow\">\n<h3 class=\"has-text-align-center has-black-color has-text-color has-large-font-size wp-block-heading\" id=\"tubo-laser-de-alta-especificacion-de-60w\">Hochleistungs-Laserr\u00f6hre mit 60 W <\/h3>\n\n\n\n<p>Es handelt sich um eine neue Hochleistungs-Laserr\u00f6hre mit 60 W, die \u00fcber eine optische Fokussierlinse von 38 mm (1,5 Zoll) verf\u00fcgt. Auf die Laserr\u00f6hre gew\u00e4hren wir 1 Jahr Garantie. <\/p>\n<\/div>\n<\/div>\n\n<div class=\"wp-block-columns is-layout-flex wp-container-core-columns-is-layout-9d6595d7 wp-block-columns-is-layout-flex\">\n<div class=\"wp-block-column is-layout-flow wp-block-column-is-layout-flow\">\n<h3 class=\"has-text-align-center has-black-color has-text-color has-large-font-size wp-block-heading\" id=\"1000-dpi-complemento\">1000 DPI (Zusatz)<\/h3>\n\n\n\n<p>Jedes Detail z\u00e4hlt. Mit diesem neuen, deutlich reduzierten Laserpunkt k\u00f6nnen Sie eine Aufl\u00f6sung der n\u00e4chsten Generation von 1.000 DPI erreichen. <\/p>\n<\/div>\n\n\n\n<div class=\"wp-block-column is-layout-flow wp-block-column-is-layout-flow\">\n<figure class=\"wp-block-video\"><video height=\"1080\" style=\"aspect-ratio: 1920 \/ 1080;\" width=\"1920\" autoplay=\"\" loop=\"\" muted=\"\" src=\"https:\/\/fluxlasers.eu\/wp-content\/uploads\/2022\/01\/1000dpi_ok.mp4\"><\/video><\/figure>\n<\/div>\n<\/div>\n\n<div class=\"wp-block-columns is-layout-flex wp-container-core-columns-is-layout-9d6595d7 wp-block-columns-is-layout-flex\">\n<div class=\"wp-block-column is-layout-flow wp-block-column-is-layout-flow\"><\/div>\n\n\n\n<div class=\"wp-block-column is-layout-flow wp-block-column-is-layout-flow\">\n<div class=\"wp-block-buttons is-layout-flex wp-block-buttons-is-layout-flex\">\n<div class=\"wp-block-button has-custom-width wp-block-button__width-100 is-style-fill\"><a class=\"wp-block-button__link has-white-color has-text-color has-background\" href=\"https:\/\/fluxlasers.eu\/de\/produkt\/flux-hexa-co2-laserschneider-60w\/\" style=\"border-radius:16px;background-color:#d79e00\">Kaufen Sie jetzt Ihren HEXA<\/a><\/div>\n<\/div>\n<\/div>\n\n\n\n<div class=\"wp-block-column is-layout-flow wp-block-column-is-layout-flow\"><\/div>\n<\/div>\n\n<div class=\"wp-block-columns is-layout-flex wp-container-core-columns-is-layout-9d6595d7 wp-block-columns-is-layout-flex\">\n<div class=\"wp-block-column is-layout-flow wp-block-column-is-layout-flow\">\n<figure class=\"wp-block-video\"><video height=\"1080\" style=\"aspect-ratio: 1920 \/ 1080;\" width=\"1920\" autoplay=\"\" loop=\"\" muted=\"\" src=\"https:\/\/fluxlasers.eu\/wp-content\/uploads\/2022\/01\/autofocus.mp4\"><\/video><\/figure>\n<\/div>\n\n\n\n<div class=\"wp-block-column is-layout-flow wp-block-column-is-layout-flow\">\n<h3 class=\"has-text-align-center has-black-color has-text-color has-large-font-size wp-block-heading\" id=\"equipado-con-autofoco\">Mit Autofokus ausgestattet <\/h3>\n\n\n\n<p>Fokussieren Sie Ihren Laser in Sekundenschnelle mit der neuen elektrischen Hubplattform.<\/p>\n<\/div>\n<\/div>\n\n<div class=\"wp-block-columns is-layout-flex wp-container-core-columns-is-layout-9d6595d7 wp-block-columns-is-layout-flex\">\n<div class=\"wp-block-column is-layout-flow wp-block-column-is-layout-flow\">\n<h3 class=\"has-text-align-center has-black-color has-text-color has-large-font-size wp-block-heading\" id=\"12-mm-de-grosor-de-corte\">+12 mm Schnittdicke <\/h3>\n\n\n\n<p>Mit faszinierender Effizienz und Langlebigkeit des Lasers schneidet FLUX HEXA Dutzende von Materialien mit dem leistungsstarken CO2-Laser perfekt.<\/p>\n<\/div>\n\n\n\n<div class=\"wp-block-column is-layout-flow wp-block-column-is-layout-flow\">\n<figure class=\"wp-block-video\"><video height=\"1080\" style=\"aspect-ratio: 1920 \/ 1080;\" width=\"1920\" autoplay=\"\" loop=\"\" muted=\"\" src=\"https:\/\/fluxlasers.eu\/wp-content\/uploads\/2022\/01\/125mmok.mp4\"><\/video><\/figure>\n<\/div>\n<\/div>\n\n<div class=\"wp-block-columns is-layout-flex wp-container-core-columns-is-layout-9d6595d7 wp-block-columns-is-layout-flex\">\n<div class=\"wp-block-column is-layout-flow wp-block-column-is-layout-flow\" style=\"flex-basis:100%\">\n<div class=\"wp-block-columns is-layout-flex wp-container-core-columns-is-layout-9d6595d7 wp-block-columns-is-layout-flex\">\n<div class=\"wp-block-column is-layout-flow wp-block-column-is-layout-flow\">\n<div class=\"wp-block-columns is-layout-flex wp-container-core-columns-is-layout-9d6595d7 wp-block-columns-is-layout-flex\">\n<div class=\"wp-block-column is-layout-flow wp-block-column-is-layout-flow\">\n<h3 class=\"has-text-align-center has-black-color has-text-color has-large-font-size wp-block-heading\" id=\"plataforma-de-elevacion-electrica\">Elektrische Hubplattform<\/h3>\n\n\n\n<p>Tippen Sie zweimal, um die optimierte Plattformh\u00f6he automatisch anzupassen.<\/p>\n<\/div>\n\n\n\n<div class=\"wp-block-column is-layout-flow wp-block-column-is-layout-flow\">\n<h3 class=\"has-text-align-center has-black-color has-text-color has-large-font-size wp-block-heading\" id=\"ranura-de-limpieza-incorporada\">Integrierter Reinigungsschlitz<\/h3>\n\n\n\n<p>Bietet eine effiziente Reinigungserfahrung.<\/p>\n<\/div>\n<\/div>\n\n\n\n<div class=\"wp-block-columns is-layout-flex wp-container-core-columns-is-layout-9d6595d7 wp-block-columns-is-layout-flex\">\n<div class=\"wp-block-column is-layout-flow wp-block-column-is-layout-flow\">\n<figure class=\"wp-block-video\"><video height=\"1080\" style=\"aspect-ratio: 1920 \/ 1080;\" width=\"1920\" autoplay=\"\" loop=\"\" muted=\"\" src=\"https:\/\/fluxlasers.eu\/wp-content\/uploads\/2022\/01\/focus.mp4\"><\/video><\/figure>\n<\/div>\n\n\n\n<div class=\"wp-block-column is-layout-flow wp-block-column-is-layout-flow\">\n<figure class=\"wp-block-image size-large\"><img decoding=\"async\" width=\"1920\" height=\"1080\" src=\"https:\/\/fluxlasers.eu\/wp-content\/uploads\/2022\/01\/DSC02284-10-edited-scaled.jpg\" alt=\"\" class=\"wp-image-1880\" srcset=\"https:\/\/fluxlasers.eu\/wp-content\/uploads\/2022\/01\/DSC02284-10-edited-scaled.jpg 1920w, https:\/\/fluxlasers.eu\/wp-content\/uploads\/2022\/01\/DSC02284-10-edited-300x169.jpg 300w, https:\/\/fluxlasers.eu\/wp-content\/uploads\/2022\/01\/DSC02284-10-edited-1024x576.jpg 1024w, https:\/\/fluxlasers.eu\/wp-content\/uploads\/2022\/01\/DSC02284-10-edited-768x432.jpg 768w, https:\/\/fluxlasers.eu\/wp-content\/uploads\/2022\/01\/DSC02284-10-edited-1536x864.jpg 1536w, https:\/\/fluxlasers.eu\/wp-content\/uploads\/2022\/01\/DSC02284-10-edited-2048x1152.jpg 2048w, https:\/\/fluxlasers.eu\/wp-content\/uploads\/2022\/01\/DSC02284-10-edited-600x338.jpg 600w, https:\/\/fluxlasers.eu\/wp-content\/uploads\/2022\/01\/DSC02284-10-edited-107x60.jpg 107w, https:\/\/fluxlasers.eu\/wp-content\/uploads\/2022\/01\/DSC02284-10-edited-160x90.jpg 160w\" sizes=\"(max-width: 1920px) 100vw, 1920px\" \/><\/figure>\n<\/div>\n<\/div>\n\n\n\n<div class=\"wp-block-columns is-layout-flex wp-container-core-columns-is-layout-9d6595d7 wp-block-columns-is-layout-flex\">\n<div class=\"wp-block-column is-layout-flow wp-block-column-is-layout-flow\"><\/div>\n\n\n\n<div class=\"wp-block-column is-layout-flow wp-block-column-is-layout-flow\">\n<div class=\"wp-block-buttons is-layout-flex wp-block-buttons-is-layout-flex\">\n<div class=\"wp-block-button has-custom-width wp-block-button__width-100 is-style-fill\"><a class=\"wp-block-button__link has-white-color has-text-color has-background\" href=\"https:\/\/fluxlasers.eu\/de\/produkt\/flux-hexa-co2-laserschneider-60w\/\" style=\"border-radius:16px;background-color:#d79e00\">Kaufen Sie jetzt Ihren HEXA<\/a><\/div>\n<\/div>\n<\/div>\n\n\n\n<div class=\"wp-block-column is-layout-flow wp-block-column-is-layout-flow\"><\/div>\n<\/div>\n\n\n\n<div class=\"wp-block-columns is-layout-flex wp-container-core-columns-is-layout-9d6595d7 wp-block-columns-is-layout-flex\">\n<div class=\"wp-block-column is-layout-flow wp-block-column-is-layout-flow\">\n<h3 class=\"has-text-align-center has-black-color has-text-color wp-block-heading\" id=\"facil-de-conectar\">Einfach zu verbinden<\/h3>\n\n\n\n<h4 class=\"has-text-align-center wp-block-heading\">Nie gebunden, mehrere Verbindungsoptionen.<\/h4>\n\n\n\n<div class=\"wp-block-image\"><figure class=\"aligncenter size-large\"><img decoding=\"async\" width=\"713\" height=\"132\" src=\"https:\/\/fluxlasers.eu\/wp-content\/uploads\/2022\/01\/wificonnect.png\" alt=\"\" class=\"wp-image-1887\" srcset=\"https:\/\/fluxlasers.eu\/wp-content\/uploads\/2022\/01\/wificonnect.png 713w, https:\/\/fluxlasers.eu\/wp-content\/uploads\/2022\/01\/wificonnect-300x56.png 300w, https:\/\/fluxlasers.eu\/wp-content\/uploads\/2022\/01\/wificonnect-600x111.png 600w, https:\/\/fluxlasers.eu\/wp-content\/uploads\/2022\/01\/wificonnect-190x35.png 190w, https:\/\/fluxlasers.eu\/wp-content\/uploads\/2022\/01\/wificonnect-486x90.png 486w\" sizes=\"(max-width: 713px) 100vw, 713px\" \/><\/figure><\/div>\n<\/div>\n<\/div>\n\n\n\n<h3 class=\"has-text-align-center has-black-color has-text-color wp-block-heading\" id=\"seguro\">Sicher<\/h3>\n\n\n\n<h4 class=\"has-text-align-center wp-block-heading\">Sicherheit ist niemals ein Kompromiss.<\/h4>\n\n\n\n<div class=\"wp-block-columns is-layout-flex wp-container-core-columns-is-layout-9d6595d7 wp-block-columns-is-layout-flex\">\n<div class=\"wp-block-column is-layout-flow wp-block-column-is-layout-flow\">\n<p class=\"has-text-align-center\">Wir haben Ihren R\u00fccken frei, w\u00e4hrend Sie kreativ sind! Die Sicherheitssensoren warnen bei unvorhergesehenen Bewegungen, \u00dcberhitzungswarnung und Feueralarm. <\/p>\n<\/div>\n\n\n\n<div class=\"wp-block-column is-layout-flow wp-block-column-is-layout-flow\">\n<figure class=\"wp-block-video\"><video height=\"1080\" style=\"aspect-ratio: 1920 \/ 1080;\" width=\"1920\" autoplay=\"\" loop=\"\" muted=\"\" src=\"https:\/\/fluxlasers.eu\/wp-content\/uploads\/2022\/01\/stop.mp4\"><\/video><\/figure>\n<\/div>\n<\/div>\n\n\n\n<div class=\"wp-block-columns is-layout-flex wp-container-core-columns-is-layout-9d6595d7 wp-block-columns-is-layout-flex\">\n<div class=\"wp-block-column is-layout-flow wp-block-column-is-layout-flow\">\n<figure class=\"wp-block-video\"><video height=\"1080\" style=\"aspect-ratio: 1920 \/ 1080;\" width=\"1920\" autoplay=\"\" loop=\"\" muted=\"\" src=\"https:\/\/fluxlasers.eu\/wp-content\/uploads\/2022\/01\/Door-damper.mp4\"><\/video><\/figure>\n<\/div>\n\n\n\n<div class=\"wp-block-column is-layout-flow wp-block-column-is-layout-flow\">\n<p>Kombination aus Sto\u00dfd\u00e4mpfern und hochklappbarer R\u00fcckabdeckung, was sowohl die Sicherheit als auch den Komfort erh\u00f6ht.<\/p>\n<\/div>\n<\/div>\n<\/div>\n<\/div>\n<\/div>\n<\/div>\n\n<div class=\"wp-block-columns is-layout-flex wp-container-core-columns-is-layout-9d6595d7 wp-block-columns-is-layout-flex\">\n<div class=\"wp-block-column is-layout-flow wp-block-column-is-layout-flow\">\n<div class=\"wp-block-columns is-layout-flex wp-container-core-columns-is-layout-9d6595d7 wp-block-columns-is-layout-flex\">\n<div class=\"wp-block-column is-layout-flow wp-block-column-is-layout-flow\"><\/div>\n\n\n\n<div class=\"wp-block-column is-layout-flow wp-block-column-is-layout-flow\">\n<div class=\"wp-block-buttons is-layout-flex wp-block-buttons-is-layout-flex\">\n<div class=\"wp-block-button has-custom-width wp-block-button__width-100 is-style-fill\"><a class=\"wp-block-button__link has-white-color has-text-color has-background\" href=\"https:\/\/fluxlasers.eu\/de\/produkt\/flux-hexa-co2-laserschneider-60w\/\" style=\"border-radius:16px;background-color:#d79e00\">Kaufen Sie jetzt Ihren HEXA<\/a><\/div>\n<\/div>\n<\/div>\n\n\n\n<div class=\"wp-block-column is-layout-flow wp-block-column-is-layout-flow\"><\/div>\n<\/div>\n<\/div>\n<\/div>\n","protected":false},"excerpt":{"rendered":"<p>HEXA \u00dcber Ihren Beruf hinaus F\u00fcr die Produktion gebaut Der gr\u00f6\u00dfte und tiefste Arbeitsbereich des FLUX HEXA wurde speziell f\u00fcr Ihre professionelle Produktion entwickelt. Die hohe Aufl\u00f6sung in Kombination mit einer h\u00f6heren Gravurgeschwindigkeit macht Ihre Arbeitserfahrung fl\u00fcssiger als je zuvor.<\/p>\n","protected":false},"author":1,"featured_media":9703,"parent":0,"menu_order":0,"comment_status":"closed","ping_status":"closed","template":"","meta":{"footnotes":""},"class_list":["post-9701","page","type-page","status-publish","has-post-thumbnail","hentry"],"yoast_head":"<!-- This site is optimized with the Yoast SEO plugin v27.0 - https:\/\/yoast.com\/product\/yoast-seo-wordpress\/ -->\n<title>Hexa 60 W - Flux - Bomedia<\/title>\n<meta name=\"robots\" content=\"index, follow, max-snippet:-1, max-image-preview:large, max-video-preview:-1\" \/>\n<link rel=\"canonical\" href=\"https:\/\/fluxlasers.eu\/de\/hexa-60-w\/\" \/>\n<meta property=\"og:locale\" content=\"de_DE\" \/>\n<meta property=\"og:type\" content=\"article\" \/>\n<meta property=\"og:title\" content=\"Hexa 60 W - Flux - Bomedia\" \/>\n<meta property=\"og:description\" content=\"HEXA \u00dcber Ihren Beruf hinaus F\u00fcr die Produktion gebaut Der gr\u00f6\u00dfte und tiefste Arbeitsbereich des FLUX HEXA wurde speziell f\u00fcr Ihre professionelle Produktion entwickelt. Die hohe Aufl\u00f6sung in Kombination mit einer h\u00f6heren Gravurgeschwindigkeit macht Ihre Arbeitserfahrung fl\u00fcssiger als je zuvor.\" \/>\n<meta property=\"og:url\" content=\"https:\/\/fluxlasers.eu\/de\/hexa-60-w\/\" \/>\n<meta property=\"og:site_name\" content=\"Flux - Bomedia\" \/>\n<meta property=\"article:modified_time\" content=\"2026-03-04T07:57:31+00:00\" \/>\n<meta property=\"og:image\" content=\"https:\/\/fluxlasers.eu\/wp-content\/uploads\/2023\/04\/hexalong.jpg\" \/>\n\t<meta property=\"og:image:width\" content=\"560\" \/>\n\t<meta property=\"og:image:height\" content=\"130\" \/>\n\t<meta property=\"og:image:type\" content=\"image\/jpeg\" \/>\n<meta name=\"twitter:card\" content=\"summary_large_image\" \/>\n<meta name=\"twitter:label1\" content=\"Gesch\u00e4tzte Lesezeit\" \/>\n\t<meta name=\"twitter:data1\" content=\"2 Minuten\" \/>\n<script type=\"application\/ld+json\" class=\"yoast-schema-graph\">{\"@context\":\"https:\/\/schema.org\",\"@graph\":[{\"@type\":\"WebPage\",\"@id\":\"https:\/\/fluxlasers.eu\/de\/hexa-60-w\/\",\"url\":\"https:\/\/fluxlasers.eu\/de\/hexa-60-w\/\",\"name\":\"Hexa 60 W - Flux - Bomedia\",\"isPartOf\":{\"@id\":\"https:\/\/fluxlasers.eu\/de\/#website\"},\"primaryImageOfPage\":{\"@id\":\"https:\/\/fluxlasers.eu\/de\/hexa-60-w\/#primaryimage\"},\"image\":{\"@id\":\"https:\/\/fluxlasers.eu\/de\/hexa-60-w\/#primaryimage\"},\"thumbnailUrl\":\"https:\/\/fluxlasers.eu\/wp-content\/uploads\/2023\/04\/hexalong.jpg\",\"datePublished\":\"2023-04-27T05:53:24+00:00\",\"dateModified\":\"2026-03-04T07:57:31+00:00\",\"breadcrumb\":{\"@id\":\"https:\/\/fluxlasers.eu\/de\/hexa-60-w\/#breadcrumb\"},\"inLanguage\":\"de\",\"potentialAction\":[{\"@type\":\"ReadAction\",\"target\":[\"https:\/\/fluxlasers.eu\/de\/hexa-60-w\/\"]}]},{\"@type\":\"ImageObject\",\"inLanguage\":\"de\",\"@id\":\"https:\/\/fluxlasers.eu\/de\/hexa-60-w\/#primaryimage\",\"url\":\"https:\/\/fluxlasers.eu\/wp-content\/uploads\/2023\/04\/hexalong.jpg\",\"contentUrl\":\"https:\/\/fluxlasers.eu\/wp-content\/uploads\/2023\/04\/hexalong.jpg\",\"width\":560,\"height\":130},{\"@type\":\"BreadcrumbList\",\"@id\":\"https:\/\/fluxlasers.eu\/de\/hexa-60-w\/#breadcrumb\",\"itemListElement\":[{\"@type\":\"ListItem\",\"position\":1,\"name\":\"Portada\",\"item\":\"https:\/\/fluxlasers.eu\/de\/startseite\/\"},{\"@type\":\"ListItem\",\"position\":2,\"name\":\"Hexa 60 W\"}]},{\"@type\":\"WebSite\",\"@id\":\"https:\/\/fluxlasers.eu\/de\/#website\",\"url\":\"https:\/\/fluxlasers.eu\/de\/\",\"name\":\"Flux - Bomedia\",\"description\":\"Lasercutter und -gravierer\",\"publisher\":{\"@id\":\"https:\/\/fluxlasers.eu\/de\/#organization\"},\"potentialAction\":[{\"@type\":\"SearchAction\",\"target\":{\"@type\":\"EntryPoint\",\"urlTemplate\":\"https:\/\/fluxlasers.eu\/de\/?s={search_term_string}\"},\"query-input\":{\"@type\":\"PropertyValueSpecification\",\"valueRequired\":true,\"valueName\":\"search_term_string\"}}],\"inLanguage\":\"de\"},{\"@type\":\"Organization\",\"@id\":\"https:\/\/fluxlasers.eu\/de\/#organization\",\"name\":\"Fluxlasers Espa\u00f1a\",\"url\":\"https:\/\/fluxlasers.eu\/de\/\",\"logo\":{\"@type\":\"ImageObject\",\"inLanguage\":\"de\",\"@id\":\"https:\/\/fluxlasers.eu\/de\/#\/schema\/logo\/image\/\",\"url\":\"https:\/\/fluxlasers.eu\/wp-content\/uploads\/2021\/03\/logofluxspainc.png\",\"contentUrl\":\"https:\/\/fluxlasers.eu\/wp-content\/uploads\/2021\/03\/logofluxspainc.png\",\"width\":350,\"height\":217,\"caption\":\"Fluxlasers Espa\u00f1a\"},\"image\":{\"@id\":\"https:\/\/fluxlasers.eu\/de\/#\/schema\/logo\/image\/\"}}]}<\/script>\n<!-- \/ Yoast SEO plugin. -->","yoast_head_json":{"title":"Hexa 60 W - Flux - Bomedia","robots":{"index":"index","follow":"follow","max-snippet":"max-snippet:-1","max-image-preview":"max-image-preview:large","max-video-preview":"max-video-preview:-1"},"canonical":"https:\/\/fluxlasers.eu\/de\/hexa-60-w\/","og_locale":"de_DE","og_type":"article","og_title":"Hexa 60 W - Flux - Bomedia","og_description":"HEXA \u00dcber Ihren Beruf hinaus F\u00fcr die Produktion gebaut Der gr\u00f6\u00dfte und tiefste Arbeitsbereich des FLUX HEXA wurde speziell f\u00fcr Ihre professionelle Produktion entwickelt. Die hohe Aufl\u00f6sung in Kombination mit einer h\u00f6heren Gravurgeschwindigkeit macht Ihre Arbeitserfahrung fl\u00fcssiger als je zuvor.","og_url":"https:\/\/fluxlasers.eu\/de\/hexa-60-w\/","og_site_name":"Flux - Bomedia","article_modified_time":"2026-03-04T07:57:31+00:00","og_image":[{"width":560,"height":130,"url":"https:\/\/fluxlasers.eu\/wp-content\/uploads\/2023\/04\/hexalong.jpg","type":"image\/jpeg"}],"twitter_card":"summary_large_image","twitter_misc":{"Gesch\u00e4tzte Lesezeit":"2 Minuten"},"schema":{"@context":"https:\/\/schema.org","@graph":[{"@type":"WebPage","@id":"https:\/\/fluxlasers.eu\/de\/hexa-60-w\/","url":"https:\/\/fluxlasers.eu\/de\/hexa-60-w\/","name":"Hexa 60 W - Flux - Bomedia","isPartOf":{"@id":"https:\/\/fluxlasers.eu\/de\/#website"},"primaryImageOfPage":{"@id":"https:\/\/fluxlasers.eu\/de\/hexa-60-w\/#primaryimage"},"image":{"@id":"https:\/\/fluxlasers.eu\/de\/hexa-60-w\/#primaryimage"},"thumbnailUrl":"https:\/\/fluxlasers.eu\/wp-content\/uploads\/2023\/04\/hexalong.jpg","datePublished":"2023-04-27T05:53:24+00:00","dateModified":"2026-03-04T07:57:31+00:00","breadcrumb":{"@id":"https:\/\/fluxlasers.eu\/de\/hexa-60-w\/#breadcrumb"},"inLanguage":"de","potentialAction":[{"@type":"ReadAction","target":["https:\/\/fluxlasers.eu\/de\/hexa-60-w\/"]}]},{"@type":"ImageObject","inLanguage":"de","@id":"https:\/\/fluxlasers.eu\/de\/hexa-60-w\/#primaryimage","url":"https:\/\/fluxlasers.eu\/wp-content\/uploads\/2023\/04\/hexalong.jpg","contentUrl":"https:\/\/fluxlasers.eu\/wp-content\/uploads\/2023\/04\/hexalong.jpg","width":560,"height":130},{"@type":"BreadcrumbList","@id":"https:\/\/fluxlasers.eu\/de\/hexa-60-w\/#breadcrumb","itemListElement":[{"@type":"ListItem","position":1,"name":"Portada","item":"https:\/\/fluxlasers.eu\/de\/startseite\/"},{"@type":"ListItem","position":2,"name":"Hexa 60 W"}]},{"@type":"WebSite","@id":"https:\/\/fluxlasers.eu\/de\/#website","url":"https:\/\/fluxlasers.eu\/de\/","name":"Flux - Bomedia","description":"Lasercutter und -gravierer","publisher":{"@id":"https:\/\/fluxlasers.eu\/de\/#organization"},"potentialAction":[{"@type":"SearchAction","target":{"@type":"EntryPoint","urlTemplate":"https:\/\/fluxlasers.eu\/de\/?s={search_term_string}"},"query-input":{"@type":"PropertyValueSpecification","valueRequired":true,"valueName":"search_term_string"}}],"inLanguage":"de"},{"@type":"Organization","@id":"https:\/\/fluxlasers.eu\/de\/#organization","name":"Fluxlasers Espa\u00f1a","url":"https:\/\/fluxlasers.eu\/de\/","logo":{"@type":"ImageObject","inLanguage":"de","@id":"https:\/\/fluxlasers.eu\/de\/#\/schema\/logo\/image\/","url":"https:\/\/fluxlasers.eu\/wp-content\/uploads\/2021\/03\/logofluxspainc.png","contentUrl":"https:\/\/fluxlasers.eu\/wp-content\/uploads\/2021\/03\/logofluxspainc.png","width":350,"height":217,"caption":"Fluxlasers Espa\u00f1a"},"image":{"@id":"https:\/\/fluxlasers.eu\/de\/#\/schema\/logo\/image\/"}}]}},"_links":{"self":[{"href":"https:\/\/fluxlasers.eu\/de\/wp-json\/wp\/v2\/pages\/9701","targetHints":{"allow":["GET"]}}],"collection":[{"href":"https:\/\/fluxlasers.eu\/de\/wp-json\/wp\/v2\/pages"}],"about":[{"href":"https:\/\/fluxlasers.eu\/de\/wp-json\/wp\/v2\/types\/page"}],"author":[{"embeddable":true,"href":"https:\/\/fluxlasers.eu\/de\/wp-json\/wp\/v2\/users\/1"}],"replies":[{"embeddable":true,"href":"https:\/\/fluxlasers.eu\/de\/wp-json\/wp\/v2\/comments?post=9701"}],"version-history":[{"count":2,"href":"https:\/\/fluxlasers.eu\/de\/wp-json\/wp\/v2\/pages\/9701\/revisions"}],"predecessor-version":[{"id":11656,"href":"https:\/\/fluxlasers.eu\/de\/wp-json\/wp\/v2\/pages\/9701\/revisions\/11656"}],"wp:featuredmedia":[{"embeddable":true,"href":"https:\/\/fluxlasers.eu\/de\/wp-json\/wp\/v2\/media\/9703"}],"wp:attachment":[{"href":"https:\/\/fluxlasers.eu\/de\/wp-json\/wp\/v2\/media?parent=9701"}],"curies":[{"name":"wp","href":"https:\/\/api.w.org\/{rel}","templated":true}]}}