{"id":7980,"date":"2020-05-01T12:45:41","date_gmt":"2020-05-01T11:45:41","guid":{"rendered":"https:\/\/fluxlasers.eu\/cookie-richtlinie\/"},"modified":"2026-02-27T13:33:24","modified_gmt":"2026-02-27T12:33:24","slug":"cookie-richtlinie","status":"publish","type":"page","link":"https:\/\/fluxlasers.eu\/de\/cookie-richtlinie\/","title":{"rendered":"Cookie-Richtlinie"},"content":{"rendered":"\n<h2 class=\"wp-block-heading\">Cookie-Richtlinie<\/h2>\n\n<p><strong>Definition von Cookies<\/strong><br\/>Cookies sind kleine Dateien, die beim Zugriff auf bestimmte Webseiten auf dem Ger\u00e4t des Nutzers gespeichert werden und es erm\u00f6glichen, Informationen \u00fcber das Surfverhalten oder die Pr\u00e4ferenzen des Nutzers zu speichern.<\/p>\n\n<hr class=\"wp-block-separator has-alpha-channel-opacity\"\/>\n\n<h2 class=\"wp-block-heading\">Arten von Cookies, die wir verwenden<\/h2>\n\n<ul class=\"wp-block-list\">\n<li><strong>Technische oder notwendige Cookies<\/strong><br\/>Unerl\u00e4sslich f\u00fcr das Funktionieren der Website und den Kaufprozess.<\/li>\n\n\n\n<li><strong>Pr\u00e4ferenz-Cookies<\/strong><br\/>Erm\u00f6glichen das Speichern von Sprache, Region oder anderen Einstellungen.<\/li>\n\n\n\n<li><strong>Analyse-Cookies<\/strong><br\/>Helfen uns zu verstehen, wie Nutzer mit der Website interagieren (z. B. Google Analytics).<\/li>\n\n\n\n<li><strong>Werbe- oder Marketing-Cookies<\/strong><br\/>Werden verwendet, um personalisierte Werbung anzuzeigen und die Wirksamkeit von Kampagnen zu messen (z. B. Meta-Pixel, Google Ads).<\/li>\n<\/ul>\n\n<hr class=\"wp-block-separator has-alpha-channel-opacity\"\/>\n\n<h2 class=\"wp-block-heading\">Einwilligungsmanagement<\/h2>\n\n<p>Beim Zugriff auf die Website sieht der Nutzer ein <strong>Cookie-Banner<\/strong> mit klaren Optionen:<\/p>\n\n<ul class=\"wp-block-list\">\n<li><strong>Alle akzeptieren<\/strong><\/li>\n\n\n\n<li><strong>Ablehnen<\/strong><\/li>\n\n\n\n<li><strong>Cookies konfigurieren<\/strong> (erm\u00f6glicht die Auswahl nach Kategorien).<\/li>\n<\/ul>\n\n<p>Die Einwilligung kann jederzeit \u00fcber das im Fu\u00dfbereich verf\u00fcgbare Einstellungsmen\u00fc ge\u00e4ndert oder widerrufen werden.<\/p>\n\n<hr class=\"wp-block-separator has-alpha-channel-opacity\"\/>\n\n<h2 class=\"wp-block-heading\">So deaktivieren Sie Cookies im Browser<\/h2>\n\n<p>Der Nutzer kann Cookies \u00fcber die Einstellungen seines Browsers (Chrome, Firefox, Safari, Edge) einschr\u00e4nken, blockieren oder l\u00f6schen.<br\/>Das Blockieren technischer Cookies kann die ordnungsgem\u00e4\u00dfe Funktion der Website beeintr\u00e4chtigen.<\/p>\n","protected":false},"excerpt":{"rendered":"<p>Cookie-Richtlinie Definition von CookiesCookies sind kleine Dateien, die beim Zugriff auf bestimmte Webseiten auf dem Ger\u00e4t des Nutzers gespeichert werden und es erm\u00f6glichen, Informationen \u00fcber das Surfverhalten oder die Pr\u00e4ferenzen des Nutzers zu speichern. Arten von Cookies, die wir verwenden<\/p>\n","protected":false},"author":1,"featured_media":0,"parent":0,"menu_order":0,"comment_status":"closed","ping_status":"closed","template":"","meta":{"footnotes":""},"class_list":["post-7980","page","type-page","status-publish","hentry"],"yoast_head":"<!-- This site is optimized with the Yoast SEO plugin v27.0 - https:\/\/yoast.com\/product\/yoast-seo-wordpress\/ -->\n<title>Cookie-Richtlinie - Flux - Bomedia<\/title>\n<meta name=\"robots\" content=\"index, follow, max-snippet:-1, max-image-preview:large, max-video-preview:-1\" \/>\n<link rel=\"canonical\" href=\"https:\/\/fluxlasers.eu\/de\/cookie-richtlinie\/\" \/>\n<meta property=\"og:locale\" content=\"de_DE\" \/>\n<meta property=\"og:type\" content=\"article\" \/>\n<meta property=\"og:title\" content=\"Cookie-Richtlinie - Flux - Bomedia\" \/>\n<meta property=\"og:description\" content=\"Cookie-Richtlinie Definition von CookiesCookies sind kleine Dateien, die beim Zugriff auf bestimmte Webseiten auf dem Ger\u00e4t des Nutzers gespeichert werden und es erm\u00f6glichen, Informationen \u00fcber das Surfverhalten oder die Pr\u00e4ferenzen des Nutzers zu speichern. Arten von Cookies, die wir verwenden\" \/>\n<meta property=\"og:url\" content=\"https:\/\/fluxlasers.eu\/de\/cookie-richtlinie\/\" \/>\n<meta property=\"og:site_name\" content=\"Flux - Bomedia\" \/>\n<meta property=\"article:modified_time\" content=\"2026-02-27T12:33:24+00:00\" \/>\n<meta name=\"twitter:card\" content=\"summary_large_image\" \/>\n<meta name=\"twitter:label1\" content=\"Gesch\u00e4tzte Lesezeit\" \/>\n\t<meta name=\"twitter:data1\" content=\"1\u00a0Minute\" \/>\n<script type=\"application\/ld+json\" class=\"yoast-schema-graph\">{\"@context\":\"https:\/\/schema.org\",\"@graph\":[{\"@type\":\"WebPage\",\"@id\":\"https:\/\/fluxlasers.eu\/de\/cookie-richtlinie\/\",\"url\":\"https:\/\/fluxlasers.eu\/de\/cookie-richtlinie\/\",\"name\":\"Cookie-Richtlinie - Flux - Bomedia\",\"isPartOf\":{\"@id\":\"https:\/\/fluxlasers.eu\/de\/#website\"},\"datePublished\":\"2020-05-01T11:45:41+00:00\",\"dateModified\":\"2026-02-27T12:33:24+00:00\",\"breadcrumb\":{\"@id\":\"https:\/\/fluxlasers.eu\/de\/cookie-richtlinie\/#breadcrumb\"},\"inLanguage\":\"de\",\"potentialAction\":[{\"@type\":\"ReadAction\",\"target\":[\"https:\/\/fluxlasers.eu\/de\/cookie-richtlinie\/\"]}]},{\"@type\":\"BreadcrumbList\",\"@id\":\"https:\/\/fluxlasers.eu\/de\/cookie-richtlinie\/#breadcrumb\",\"itemListElement\":[{\"@type\":\"ListItem\",\"position\":1,\"name\":\"Portada\",\"item\":\"https:\/\/fluxlasers.eu\/de\/startseite\/\"},{\"@type\":\"ListItem\",\"position\":2,\"name\":\"Cookie-Richtlinie\"}]},{\"@type\":\"WebSite\",\"@id\":\"https:\/\/fluxlasers.eu\/de\/#website\",\"url\":\"https:\/\/fluxlasers.eu\/de\/\",\"name\":\"Flux - Bomedia\",\"description\":\"Lasercutter und -gravierer\",\"publisher\":{\"@id\":\"https:\/\/fluxlasers.eu\/de\/#organization\"},\"potentialAction\":[{\"@type\":\"SearchAction\",\"target\":{\"@type\":\"EntryPoint\",\"urlTemplate\":\"https:\/\/fluxlasers.eu\/de\/?s={search_term_string}\"},\"query-input\":{\"@type\":\"PropertyValueSpecification\",\"valueRequired\":true,\"valueName\":\"search_term_string\"}}],\"inLanguage\":\"de\"},{\"@type\":\"Organization\",\"@id\":\"https:\/\/fluxlasers.eu\/de\/#organization\",\"name\":\"Fluxlasers Espa\u00f1a\",\"url\":\"https:\/\/fluxlasers.eu\/de\/\",\"logo\":{\"@type\":\"ImageObject\",\"inLanguage\":\"de\",\"@id\":\"https:\/\/fluxlasers.eu\/de\/#\/schema\/logo\/image\/\",\"url\":\"https:\/\/fluxlasers.eu\/wp-content\/uploads\/2021\/03\/logofluxspainc.png\",\"contentUrl\":\"https:\/\/fluxlasers.eu\/wp-content\/uploads\/2021\/03\/logofluxspainc.png\",\"width\":350,\"height\":217,\"caption\":\"Fluxlasers Espa\u00f1a\"},\"image\":{\"@id\":\"https:\/\/fluxlasers.eu\/de\/#\/schema\/logo\/image\/\"}}]}<\/script>\n<!-- \/ Yoast SEO plugin. -->","yoast_head_json":{"title":"Cookie-Richtlinie - Flux - Bomedia","robots":{"index":"index","follow":"follow","max-snippet":"max-snippet:-1","max-image-preview":"max-image-preview:large","max-video-preview":"max-video-preview:-1"},"canonical":"https:\/\/fluxlasers.eu\/de\/cookie-richtlinie\/","og_locale":"de_DE","og_type":"article","og_title":"Cookie-Richtlinie - Flux - Bomedia","og_description":"Cookie-Richtlinie Definition von CookiesCookies sind kleine Dateien, die beim Zugriff auf bestimmte Webseiten auf dem Ger\u00e4t des Nutzers gespeichert werden und es erm\u00f6glichen, Informationen \u00fcber das Surfverhalten oder die Pr\u00e4ferenzen des Nutzers zu speichern. Arten von Cookies, die wir verwenden","og_url":"https:\/\/fluxlasers.eu\/de\/cookie-richtlinie\/","og_site_name":"Flux - Bomedia","article_modified_time":"2026-02-27T12:33:24+00:00","twitter_card":"summary_large_image","twitter_misc":{"Gesch\u00e4tzte Lesezeit":"1\u00a0Minute"},"schema":{"@context":"https:\/\/schema.org","@graph":[{"@type":"WebPage","@id":"https:\/\/fluxlasers.eu\/de\/cookie-richtlinie\/","url":"https:\/\/fluxlasers.eu\/de\/cookie-richtlinie\/","name":"Cookie-Richtlinie - Flux - Bomedia","isPartOf":{"@id":"https:\/\/fluxlasers.eu\/de\/#website"},"datePublished":"2020-05-01T11:45:41+00:00","dateModified":"2026-02-27T12:33:24+00:00","breadcrumb":{"@id":"https:\/\/fluxlasers.eu\/de\/cookie-richtlinie\/#breadcrumb"},"inLanguage":"de","potentialAction":[{"@type":"ReadAction","target":["https:\/\/fluxlasers.eu\/de\/cookie-richtlinie\/"]}]},{"@type":"BreadcrumbList","@id":"https:\/\/fluxlasers.eu\/de\/cookie-richtlinie\/#breadcrumb","itemListElement":[{"@type":"ListItem","position":1,"name":"Portada","item":"https:\/\/fluxlasers.eu\/de\/startseite\/"},{"@type":"ListItem","position":2,"name":"Cookie-Richtlinie"}]},{"@type":"WebSite","@id":"https:\/\/fluxlasers.eu\/de\/#website","url":"https:\/\/fluxlasers.eu\/de\/","name":"Flux - Bomedia","description":"Lasercutter und -gravierer","publisher":{"@id":"https:\/\/fluxlasers.eu\/de\/#organization"},"potentialAction":[{"@type":"SearchAction","target":{"@type":"EntryPoint","urlTemplate":"https:\/\/fluxlasers.eu\/de\/?s={search_term_string}"},"query-input":{"@type":"PropertyValueSpecification","valueRequired":true,"valueName":"search_term_string"}}],"inLanguage":"de"},{"@type":"Organization","@id":"https:\/\/fluxlasers.eu\/de\/#organization","name":"Fluxlasers Espa\u00f1a","url":"https:\/\/fluxlasers.eu\/de\/","logo":{"@type":"ImageObject","inLanguage":"de","@id":"https:\/\/fluxlasers.eu\/de\/#\/schema\/logo\/image\/","url":"https:\/\/fluxlasers.eu\/wp-content\/uploads\/2021\/03\/logofluxspainc.png","contentUrl":"https:\/\/fluxlasers.eu\/wp-content\/uploads\/2021\/03\/logofluxspainc.png","width":350,"height":217,"caption":"Fluxlasers Espa\u00f1a"},"image":{"@id":"https:\/\/fluxlasers.eu\/de\/#\/schema\/logo\/image\/"}}]}},"_links":{"self":[{"href":"https:\/\/fluxlasers.eu\/de\/wp-json\/wp\/v2\/pages\/7980","targetHints":{"allow":["GET"]}}],"collection":[{"href":"https:\/\/fluxlasers.eu\/de\/wp-json\/wp\/v2\/pages"}],"about":[{"href":"https:\/\/fluxlasers.eu\/de\/wp-json\/wp\/v2\/types\/page"}],"author":[{"embeddable":true,"href":"https:\/\/fluxlasers.eu\/de\/wp-json\/wp\/v2\/users\/1"}],"replies":[{"embeddable":true,"href":"https:\/\/fluxlasers.eu\/de\/wp-json\/wp\/v2\/comments?post=7980"}],"version-history":[{"count":1,"href":"https:\/\/fluxlasers.eu\/de\/wp-json\/wp\/v2\/pages\/7980\/revisions"}],"predecessor-version":[{"id":7990,"href":"https:\/\/fluxlasers.eu\/de\/wp-json\/wp\/v2\/pages\/7980\/revisions\/7990"}],"wp:attachment":[{"href":"https:\/\/fluxlasers.eu\/de\/wp-json\/wp\/v2\/media?parent=7980"}],"curies":[{"name":"wp","href":"https:\/\/api.w.org\/{rel}","templated":true}]}}