{"id":7968,"date":"2020-02-11T10:56:42","date_gmt":"2020-02-11T09:56:42","guid":{"rendered":"https:\/\/fluxlasers.eu\/haeufig-gestellte-fragen-faqs\/"},"modified":"2026-02-27T13:33:15","modified_gmt":"2026-02-27T12:33:15","slug":"haeufig-gestellte-fragen-faqs","status":"publish","type":"page","link":"https:\/\/fluxlasers.eu\/de\/haeufig-gestellte-fragen-faqs\/","title":{"rendered":"H\u00e4ufig gestellte Fragen (FAQs)"},"content":{"rendered":"\n<h4 class=\"wp-block-heading\"><strong>Allgemein<\/strong> <\/h4>\n\n<h4 class=\"collapseomatic \" id=\"id69e4d49898c92\"  tabindex=\"0\" title=\"1. Was ist Beamo?\"    >1. Was ist Beamo?<\/h4><div id=\"target-id69e4d49898c92\" class=\"collapseomatic_content \"> Beamo ist ein kleiner CO2-Laser-Schneid- und Gravierer f\u00fcr den Schreibtisch mit einem leistungsstarken 30-W-CO2-Laser, der organische Materialien und auch einige Metalle schneiden und gravieren kann. Mit ihrem revolution\u00e4ren Design und der intuitiven Benutzeroberfl\u00e4che sind Sie nur wenige Schritte davon entfernt, beim Erstellen wunderbarer Dinge Spa\u00df zu haben.  <\/div> <h4 class=\"collapseomatic \" id=\"id69e4d49898d3e\"  tabindex=\"0\" title=\"2. Ist die Installation der Beamo schwierig?\"    >2. Ist die Installation der Beamo schwierig?<\/h4><div id=\"target-id69e4d49898d3e\" class=\"collapseomatic_content \"> Beamo unterst\u00fctzt Dateiformate, die Ihnen vertraut sein werden, wie JPG, PNG, SVG und DXF. Unsere Software ist einfach zu bedienen. Mit dem mitgelieferten Tutorial k\u00f6nnen Sie nahezu sofort loslegen.   <\/div> <h4 class=\"collapseomatic \" id=\"id69e4d49898d78\"  tabindex=\"0\" title=\"3. Ich bin neu dabei. Was ist, wenn ich Fragen habe?\"    >3. Ich bin neu dabei. Was ist, wenn ich Fragen habe?<\/h4><div id=\"target-id69e4d49898d78\" class=\"collapseomatic_content \"> Antworten auf die h\u00e4ufigsten Fragen finden Sie ganz einfach in unserem Hilfe-Center, das wir regelm\u00e4\u00dfig aktualisieren. Sie k\u00f6nnen sich auch an unseren Online-Kundendienst wenden \u2013 unser Support-Team hilft Ihnen gerne weiter.  <\/div> <h4 class=\"collapseomatic \" id=\"id69e4d49898da8\"  tabindex=\"0\" title=\"4. Welche Garantie gibt es?\"    >4. Welche Garantie gibt es?<\/h4><div id=\"target-id69e4d49898da8\" class=\"collapseomatic_content \"> Wir bieten 12 Monate Garantie auf die Beamo und 3 Monate auf den Laser. Wenn ein Problem auftritt, wenden Sie sich bitte an unser Technikteam, damit wir die erforderliche Reparatur bestimmen k\u00f6nnen. Bei Bedarf stellen wir Ersatzteile und Tutorials bereit; es fallen lediglich Versandkosten an.   <\/div>\n\n<p><\/p>\n\n<h4 class=\"wp-block-heading\"><strong>Zur Hardware<\/strong><\/h4>\n\n<h4 class=\"collapseomatic \" id=\"id69e4d49898dd4\"  tabindex=\"0\" title=\"1. Wie wird die Maschine bel\u00fcftet? \"    >1. Wie wird die Maschine bel\u00fcftet? <\/h4><div id=\"target-id69e4d49898dd4\" class=\"collapseomatic_content \"> Beamo ist mit einer Luftpumpe und einem leistungsstarken Abluftventilator ausgestattet. Die Luftpumpe verhindert, dass das Material anbrennt, w\u00e4hrend der Abluftventilator Rauch und D\u00e4mpfe abf\u00fchrt.  <\/div> <h4 class=\"collapseomatic \" id=\"id69e4d49898dfe\"  tabindex=\"0\" title=\"2. Wie gro\u00df ist die Arbeitsfl\u00e4che?\"    >2. Wie gro\u00df ist die Arbeitsfl\u00e4che?<\/h4><div id=\"target-id69e4d49898dfe\" class=\"collapseomatic_content \"> Die Arbeitsfl\u00e4che misst 30 cm x 21 cm x 4,5 cm. Sie verf\u00fcgt \u00fcber eine Wabenplatte f\u00fcr Materialien bis zu 3 cm Dicke. Die Platte kann manuell verstellt oder herausgenommen werden, um Materialien bis zu 8 cm Dicke aufzunehmen.   <\/div> <h4 class=\"collapseomatic \" id=\"id69e4d49898e26\"  tabindex=\"0\" title=\"3. Wird Beamo mit einer Waben-Schneidplattform geliefert?\"    >3. Wird Beamo mit einer Waben-Schneidplattform geliefert?<\/h4><div id=\"target-id69e4d49898e26\" class=\"collapseomatic_content \"> Ja. Die Plattform kann manuell entfernt werden und schafft nach dem Entfernen 22 mm zus\u00e4tzlichen Platz f\u00fcr Materialien. Mit dem Boden\u00f6ffnungs-Kit f\u00fcr Beamo gibt es keine Begrenzung f\u00fcr die Materialdicke.   <\/div> <h4 class=\"collapseomatic \" id=\"id69e4d49898e59\"  tabindex=\"0\" title=\"4. Wo sollte ich die Beamo aufstellen?\"    >4. Wo sollte ich die Beamo aufstellen?<\/h4><div id=\"target-id69e4d49898e59\" class=\"collapseomatic_content \"> Beim Arbeiten erzeugt der Laser Rauch und D\u00e4mpfe. Wir empfehlen daher, einen gut bel\u00fcfteten Standort zu w\u00e4hlen und f\u00fcr die Abluft nach drau\u00dfen den mitgelieferten Abluftschlauch zu verwenden. <\/div> <h4 class=\"collapseomatic \" id=\"id69e4d49898e86\"  tabindex=\"0\" title=\"5. Welche Wartungsarbeiten sind erforderlich?\"    >5. Welche Wartungsarbeiten sind erforderlich?<\/h4><div id=\"target-id69e4d49898e86\" class=\"collapseomatic_content \"> Um dauerhaft eine gleichbleibende Gravur- bzw. Schnittqualit\u00e4t zu gew\u00e4hrleisten, pr\u00fcfen und reinigen Sie Linsen und Spiegel regelm\u00e4\u00dfig. In der Regel einmal pro Woche, abh\u00e4ngig von der Nutzungsh\u00e4ufigkeit. Schmieren Sie die Schienen und pr\u00fcfen Sie regelm\u00e4\u00dfig den Wasserstand des K\u00fchltanks.   <\/div> <h4 class=\"collapseomatic \" id=\"id69e4d49898eb1\"  tabindex=\"0\" title=\"6. Gibt es Verbrauchsmaterialien?\"    >6. Gibt es Verbrauchsmaterialien?<\/h4><div id=\"target-id69e4d49898eb1\" class=\"collapseomatic_content \"> Bei normaler Nutzung hat die CO2-Laserr\u00f6hre eine Lebensdauer von 6 Monaten bis 1 Jahr. Linsen und Spiegel k\u00f6nnen bei \u00fcblicher Wartung ein Jahr oder l\u00e4nger halten. Wenn ein Austausch erforderlich ist, k\u00f6nnen Sie in unserem Tutorial nachsehen, wie Sie die Teile selbst wechseln. Wir arbeiten noch an der Preisliste und werden diese Informationen so bald wie m\u00f6glich aktualisieren.    <\/div> <\/p>\n\n<p><\/p>\n\n<h4 class=\"wp-block-heading\"><strong>Zum Laser<\/strong> <\/h4>\n\n<h4 class=\"collapseomatic \" id=\"id69e4d49898eda\"  tabindex=\"0\" title=\"1. Welche Leistung hat die Laserr\u00f6hre?\"    >1. Welche Leistung hat die Laserr\u00f6hre?<\/h4><div id=\"target-id69e4d49898eda\" class=\"collapseomatic_content \"> Beamo ist mit einer 30-W-CO2-Laserr\u00f6hre mit einer durchschnittlichen Wellenl\u00e4nge von 10.640 nm ausgestattet.<\/div> <h4 class=\"collapseomatic \" id=\"id69e4d49898f01\"  tabindex=\"0\" title=\"2. Welche Materialien kann Beamo schneiden und gravieren?\"    >2. Welche Materialien kann Beamo schneiden und gravieren?<\/h4><div id=\"target-id69e4d49898f01\" class=\"collapseomatic_content \"> Beamo kann Holz, Leder, Karton, Acryl, Gummi, Lebensmittel und mehr schneiden und gravieren. Die maximale Schnittdicke betr\u00e4gt 5 mm (variiert je nach Material). Beamo kann au\u00dferdem auf eloxiertem Aluminium und Edelstahl gravieren, verf\u00fcgt jedoch nicht \u00fcber ausreichend Schneidleistung f\u00fcr diese Materialien.   <\/div> <h4 class=\"collapseomatic \" id=\"id69e4d49898f28\"  tabindex=\"0\" title=\"3. Ist es m\u00f6glich, tiefer zu schneiden als die angegebene maximale Schnittdicke?\"    >3. Ist es m\u00f6glich, tiefer zu schneiden als die angegebene maximale Schnittdicke?<\/h4><div id=\"target-id69e4d49898f28\" class=\"collapseomatic_content \"> Ja. Die angegebene maximale Schnittdicke bezieht sich auf einen einzelnen Schnitt bei mittlerer Geschwindigkeit. Wenn Sie die Schnittgeschwindigkeit reduzieren oder den Schnitt erneut ausf\u00fchren, k\u00f6nnen Sie dickere Teile schneiden. Beispielsweise betr\u00e4gt die maximale Schnittdicke f\u00fcr Acryl 5 mm, aber Sie k\u00f6nnen 10 mm Acryl oder mehr schneiden, wenn Sie die Geschwindigkeit reduzieren oder mehrere Durchg\u00e4nge hintereinander ausf\u00fchren. t<\/div> <h4 class=\"collapseomatic \" id=\"id69e4d49898f4f\"  tabindex=\"0\" title=\"4. Deckt die Kamera die gesamte Arbeitsfl\u00e4che ab?\"    >4. Deckt die Kamera die gesamte Arbeitsfl\u00e4che ab?<\/h4><div id=\"target-id69e4d49898f4f\" class=\"collapseomatic_content \"> Fast vollst\u00e4ndig. Die Kamera deckt den oberen Rand um 1 cm nicht ab. Bitte lesen Sie die Spezifikationen, um die genauen Abmessungen zu erfahren.   <\/div> <h4 class=\"collapseomatic \" id=\"id69e4d49898f81\"  tabindex=\"0\" title=\"5. Welche Sicherheitsvorkehrungen sollte ich treffen?\"    >5. Welche Sicherheitsvorkehrungen sollte ich treffen?<\/h4><div id=\"target-id69e4d49898f81\" class=\"collapseomatic_content \"> Beamo ist mit mehreren Sicherheitsma\u00dfnahmen ausgestattet, wie der Erkennung des \u00d6ffnens des Deckels und dem Not-Aus-Schalter. Dennoch sollten Sie die Beamo w\u00e4hrend des Betriebs m\u00f6glichst niemals unbeaufsichtigt lassen.  <\/div> <h4 class=\"collapseomatic \" id=\"id69e4d49898fab\"  tabindex=\"0\" title=\"6. Kann Beamo Metall schneiden?\"    >6. Kann Beamo Metall schneiden?<\/h4><div id=\"target-id69e4d49898fab\" class=\"collapseomatic_content \"> Die Leistung reicht nicht aus, um Metall zu schneiden, aber Beamo kann eloxiertes Aluminium und Edelstahl mit unserer speziellen Beschichtung gravieren. <\/div> <h4 class=\"collapseomatic \" id=\"id69e4d49898fd3\"  tabindex=\"0\" title=\"7. Was ist die FLUX-Beschichtung f\u00fcr Edelstahl?\"    >7. Was ist die FLUX-Beschichtung f\u00fcr Edelstahl?<\/h4><div id=\"target-id69e4d49898fd3\" class=\"collapseomatic_content \"> Sie k\u00f6nnen mit Beamo nur dann auf Edelstahl gravieren, wenn er mit unserer speziellen Beschichtung versehen ist. Tragen Sie vor dem Start die Beschichtung auf das Material auf, um dauerhafte Ergebnisse zu erzielen.  <\/div> <\/p>\n\n<p><\/p>\n\n<h4 class=\"wp-block-heading\"><strong>Zur Software<\/strong><\/h4>\n\n<p> <h4 class=\"collapseomatic \" id=\"id69e4d49898ff9\"  tabindex=\"0\" title=\"1. Ist Beam Studio kostenlos?\"    >1. Ist Beam Studio kostenlos?<\/h4><div id=\"target-id69e4d49898ff9\" class=\"collapseomatic_content \"> Ja, es ist v\u00f6llig kostenlos. Wir laden Sie ein, es sogar schon herunterzuladen, bevor Sie Ihre Beamo erhalten. Wir freuen uns auf Ihr Feedback!   <\/div> <h4 class=\"collapseomatic \" id=\"id69e4d49899020\"  tabindex=\"0\" title=\" 2. Welche Dateitypen unterst\u00fctzt Beam Studio?\"    > 2. Welche Dateitypen unterst\u00fctzt Beam Studio?<\/h4><div id=\"target-id69e4d49899020\" class=\"collapseomatic_content \"> Beam Studio ist kompatibel mit den Dateiformaten JPG, PNG, SVG und DXF. <\/div> <h4 class=\"collapseomatic \" id=\"id69e4d49899046\"  tabindex=\"0\" title=\"3. Wof\u00fcr ist das Touchpanel?\"    >3. Wof\u00fcr ist das Touchpanel?<\/h4><div id=\"target-id69e4d49899046\" class=\"collapseomatic_content \"> Damit k\u00f6nnen Sie eine Aufgabe starten, pausieren und stoppen sowie den Status Ihrer Beamo steuern und \u00fcberwachen \u2013 alles mit nur einem Finger.  <\/div> <h4 class=\"collapseomatic \" id=\"id69e4d4989906d\"  tabindex=\"0\" title=\"4. Kann Beamo unabh\u00e4ngig arbeiten?\"    >4. Kann Beamo unabh\u00e4ngig arbeiten?<\/h4><div id=\"target-id69e4d4989906d\" class=\"collapseomatic_content \"> Wenn Sie die Dateien zuvor in Beam Studio importieren, werden sie vor Beginn der Aufgabe auf die Beamo geladen. So k\u00f6nnen Sie den Computer jederzeit von der Beamo trennen, sobald Sie eine Aufgabe gestartet haben. Sie k\u00f6nnen Dateien auch direkt auf die Beamo importieren, per USB oder indem Sie \u00fcber das Touchpanel eine der zuletzt verwendeten Aufgaben ausw\u00e4hlen.   <\/div> <h4 class=\"collapseomatic \" id=\"id69e4d49899093\"  tabindex=\"0\" title=\"5. Wie verbinde ich die Beamo mit meinem Laptop?\"    >5. Wie verbinde ich die Beamo mit meinem Laptop?<\/h4><div id=\"target-id69e4d49899093\" class=\"collapseomatic_content \"> Sie k\u00f6nnen die Beamo \u00fcber WLAN, Ethernet oder den Smartphone-Hotspot verbinden. <\/div> <h4 class=\"collapseomatic \" id=\"id69e4d498990b9\"  tabindex=\"0\" title=\"6. Welche Betriebssysteme unterst\u00fctzt Beam Studio?\"    >6. Welche Betriebssysteme unterst\u00fctzt Beam Studio?<\/h4><div id=\"target-id69e4d498990b9\" class=\"collapseomatic_content \"> Beam Studio ist kompatibel mit Windows, macOS, Linux und Chrome OS. <\/div>\n","protected":false},"excerpt":{"rendered":"<p>Allgemein Zur Hardware Zum Laser Zur Software<\/p>\n","protected":false},"author":1,"featured_media":0,"parent":0,"menu_order":0,"comment_status":"closed","ping_status":"closed","template":"","meta":{"footnotes":""},"class_list":["post-7968","page","type-page","status-publish","hentry"],"yoast_head":"<!-- This site is optimized with the Yoast SEO plugin v27.0 - https:\/\/yoast.com\/product\/yoast-seo-wordpress\/ -->\n<title>H\u00e4ufig gestellte Fragen (FAQs) - Flux - Bomedia<\/title>\n<meta name=\"robots\" content=\"index, follow, max-snippet:-1, max-image-preview:large, max-video-preview:-1\" \/>\n<link rel=\"canonical\" href=\"https:\/\/fluxlasers.eu\/de\/haeufig-gestellte-fragen-faqs\/\" \/>\n<meta property=\"og:locale\" content=\"de_DE\" \/>\n<meta property=\"og:type\" content=\"article\" \/>\n<meta property=\"og:title\" content=\"H\u00e4ufig gestellte Fragen (FAQs) - Flux - Bomedia\" \/>\n<meta property=\"og:description\" content=\"Allgemein Zur Hardware Zum Laser Zur Software\" \/>\n<meta property=\"og:url\" content=\"https:\/\/fluxlasers.eu\/de\/haeufig-gestellte-fragen-faqs\/\" \/>\n<meta property=\"og:site_name\" content=\"Flux - Bomedia\" \/>\n<meta property=\"article:modified_time\" content=\"2026-02-27T12:33:15+00:00\" \/>\n<meta name=\"twitter:card\" content=\"summary_large_image\" \/>\n<meta name=\"twitter:label1\" content=\"Gesch\u00e4tzte Lesezeit\" \/>\n\t<meta name=\"twitter:data1\" content=\"5 Minuten\" \/>\n<script type=\"application\/ld+json\" class=\"yoast-schema-graph\">{\"@context\":\"https:\/\/schema.org\",\"@graph\":[{\"@type\":\"WebPage\",\"@id\":\"https:\/\/fluxlasers.eu\/de\/haeufig-gestellte-fragen-faqs\/\",\"url\":\"https:\/\/fluxlasers.eu\/de\/haeufig-gestellte-fragen-faqs\/\",\"name\":\"H\u00e4ufig gestellte Fragen (FAQs) - Flux - Bomedia\",\"isPartOf\":{\"@id\":\"https:\/\/fluxlasers.eu\/de\/#website\"},\"datePublished\":\"2020-02-11T09:56:42+00:00\",\"dateModified\":\"2026-02-27T12:33:15+00:00\",\"breadcrumb\":{\"@id\":\"https:\/\/fluxlasers.eu\/de\/haeufig-gestellte-fragen-faqs\/#breadcrumb\"},\"inLanguage\":\"de\",\"potentialAction\":[{\"@type\":\"ReadAction\",\"target\":[\"https:\/\/fluxlasers.eu\/de\/haeufig-gestellte-fragen-faqs\/\"]}]},{\"@type\":\"BreadcrumbList\",\"@id\":\"https:\/\/fluxlasers.eu\/de\/haeufig-gestellte-fragen-faqs\/#breadcrumb\",\"itemListElement\":[{\"@type\":\"ListItem\",\"position\":1,\"name\":\"Portada\",\"item\":\"https:\/\/fluxlasers.eu\/de\/startseite\/\"},{\"@type\":\"ListItem\",\"position\":2,\"name\":\"H\u00e4ufig gestellte Fragen (FAQs)\"}]},{\"@type\":\"WebSite\",\"@id\":\"https:\/\/fluxlasers.eu\/de\/#website\",\"url\":\"https:\/\/fluxlasers.eu\/de\/\",\"name\":\"Flux - Bomedia\",\"description\":\"Lasercutter und -gravierer\",\"publisher\":{\"@id\":\"https:\/\/fluxlasers.eu\/de\/#organization\"},\"potentialAction\":[{\"@type\":\"SearchAction\",\"target\":{\"@type\":\"EntryPoint\",\"urlTemplate\":\"https:\/\/fluxlasers.eu\/de\/?s={search_term_string}\"},\"query-input\":{\"@type\":\"PropertyValueSpecification\",\"valueRequired\":true,\"valueName\":\"search_term_string\"}}],\"inLanguage\":\"de\"},{\"@type\":\"Organization\",\"@id\":\"https:\/\/fluxlasers.eu\/de\/#organization\",\"name\":\"Fluxlasers Espa\u00f1a\",\"url\":\"https:\/\/fluxlasers.eu\/de\/\",\"logo\":{\"@type\":\"ImageObject\",\"inLanguage\":\"de\",\"@id\":\"https:\/\/fluxlasers.eu\/de\/#\/schema\/logo\/image\/\",\"url\":\"https:\/\/fluxlasers.eu\/wp-content\/uploads\/2021\/03\/logofluxspainc.png\",\"contentUrl\":\"https:\/\/fluxlasers.eu\/wp-content\/uploads\/2021\/03\/logofluxspainc.png\",\"width\":350,\"height\":217,\"caption\":\"Fluxlasers Espa\u00f1a\"},\"image\":{\"@id\":\"https:\/\/fluxlasers.eu\/de\/#\/schema\/logo\/image\/\"}}]}<\/script>\n<!-- \/ Yoast SEO plugin. -->","yoast_head_json":{"title":"H\u00e4ufig gestellte Fragen (FAQs) - Flux - Bomedia","robots":{"index":"index","follow":"follow","max-snippet":"max-snippet:-1","max-image-preview":"max-image-preview:large","max-video-preview":"max-video-preview:-1"},"canonical":"https:\/\/fluxlasers.eu\/de\/haeufig-gestellte-fragen-faqs\/","og_locale":"de_DE","og_type":"article","og_title":"H\u00e4ufig gestellte Fragen (FAQs) - Flux - Bomedia","og_description":"Allgemein Zur Hardware Zum Laser Zur Software","og_url":"https:\/\/fluxlasers.eu\/de\/haeufig-gestellte-fragen-faqs\/","og_site_name":"Flux - Bomedia","article_modified_time":"2026-02-27T12:33:15+00:00","twitter_card":"summary_large_image","twitter_misc":{"Gesch\u00e4tzte Lesezeit":"5 Minuten"},"schema":{"@context":"https:\/\/schema.org","@graph":[{"@type":"WebPage","@id":"https:\/\/fluxlasers.eu\/de\/haeufig-gestellte-fragen-faqs\/","url":"https:\/\/fluxlasers.eu\/de\/haeufig-gestellte-fragen-faqs\/","name":"H\u00e4ufig gestellte Fragen (FAQs) - Flux - Bomedia","isPartOf":{"@id":"https:\/\/fluxlasers.eu\/de\/#website"},"datePublished":"2020-02-11T09:56:42+00:00","dateModified":"2026-02-27T12:33:15+00:00","breadcrumb":{"@id":"https:\/\/fluxlasers.eu\/de\/haeufig-gestellte-fragen-faqs\/#breadcrumb"},"inLanguage":"de","potentialAction":[{"@type":"ReadAction","target":["https:\/\/fluxlasers.eu\/de\/haeufig-gestellte-fragen-faqs\/"]}]},{"@type":"BreadcrumbList","@id":"https:\/\/fluxlasers.eu\/de\/haeufig-gestellte-fragen-faqs\/#breadcrumb","itemListElement":[{"@type":"ListItem","position":1,"name":"Portada","item":"https:\/\/fluxlasers.eu\/de\/startseite\/"},{"@type":"ListItem","position":2,"name":"H\u00e4ufig gestellte Fragen (FAQs)"}]},{"@type":"WebSite","@id":"https:\/\/fluxlasers.eu\/de\/#website","url":"https:\/\/fluxlasers.eu\/de\/","name":"Flux - Bomedia","description":"Lasercutter und -gravierer","publisher":{"@id":"https:\/\/fluxlasers.eu\/de\/#organization"},"potentialAction":[{"@type":"SearchAction","target":{"@type":"EntryPoint","urlTemplate":"https:\/\/fluxlasers.eu\/de\/?s={search_term_string}"},"query-input":{"@type":"PropertyValueSpecification","valueRequired":true,"valueName":"search_term_string"}}],"inLanguage":"de"},{"@type":"Organization","@id":"https:\/\/fluxlasers.eu\/de\/#organization","name":"Fluxlasers Espa\u00f1a","url":"https:\/\/fluxlasers.eu\/de\/","logo":{"@type":"ImageObject","inLanguage":"de","@id":"https:\/\/fluxlasers.eu\/de\/#\/schema\/logo\/image\/","url":"https:\/\/fluxlasers.eu\/wp-content\/uploads\/2021\/03\/logofluxspainc.png","contentUrl":"https:\/\/fluxlasers.eu\/wp-content\/uploads\/2021\/03\/logofluxspainc.png","width":350,"height":217,"caption":"Fluxlasers Espa\u00f1a"},"image":{"@id":"https:\/\/fluxlasers.eu\/de\/#\/schema\/logo\/image\/"}}]}},"_links":{"self":[{"href":"https:\/\/fluxlasers.eu\/de\/wp-json\/wp\/v2\/pages\/7968","targetHints":{"allow":["GET"]}}],"collection":[{"href":"https:\/\/fluxlasers.eu\/de\/wp-json\/wp\/v2\/pages"}],"about":[{"href":"https:\/\/fluxlasers.eu\/de\/wp-json\/wp\/v2\/types\/page"}],"author":[{"embeddable":true,"href":"https:\/\/fluxlasers.eu\/de\/wp-json\/wp\/v2\/users\/1"}],"replies":[{"embeddable":true,"href":"https:\/\/fluxlasers.eu\/de\/wp-json\/wp\/v2\/comments?post=7968"}],"version-history":[{"count":1,"href":"https:\/\/fluxlasers.eu\/de\/wp-json\/wp\/v2\/pages\/7968\/revisions"}],"predecessor-version":[{"id":7970,"href":"https:\/\/fluxlasers.eu\/de\/wp-json\/wp\/v2\/pages\/7968\/revisions\/7970"}],"wp:attachment":[{"href":"https:\/\/fluxlasers.eu\/de\/wp-json\/wp\/v2\/media?parent=7968"}],"curies":[{"name":"wp","href":"https:\/\/api.w.org\/{rel}","templated":true}]}}