{"id":5761,"date":"2022-07-22T08:55:13","date_gmt":"2022-07-22T07:55:13","guid":{"rendered":"https:\/\/fluxlasers.eu\/flux-laserschneider-fuer-den-bildungsbereich\/"},"modified":"2026-02-27T11:57:22","modified_gmt":"2026-02-27T10:57:22","slug":"flux-laserschneider-fuer-den-bildungsbereich","status":"publish","type":"page","link":"https:\/\/fluxlasers.eu\/de\/flux-laserschneider-fuer-den-bildungsbereich\/","title":{"rendered":"Flux \u2013 Laserschneider f\u00fcr den Bildungsbereich"},"content":{"rendered":"\n<h1 class=\"has-text-align-center wp-block-heading\">Flux \u2013 Laserschneider f\u00fcr den Bildungsbereich<\/h1>\n\n<p class=\"has-text-align-center has-medium-font-size\">Die <strong>Laserschneidmaschinen von Flux<\/strong> sind <strong>ideal f\u00fcr Bildungsprojekte<\/strong> und alle Arten von <strong>Aus- und Weiterbildungseinrichtungen<\/strong>. <\/p>\n\n<figure class=\"wp-block-image size-large\"><img decoding=\"async\" width=\"1024\" height=\"271\" src=\"https:\/\/fluxlasers.eu\/wp-content\/uploads\/2022\/06\/fluxedu1-1024x271.png\" alt=\"\" class=\"wp-image-2252\" srcset=\"https:\/\/fluxlasers.eu\/wp-content\/uploads\/2022\/06\/fluxedu1-1024x271.png 1024w, https:\/\/fluxlasers.eu\/wp-content\/uploads\/2022\/06\/fluxedu1-300x79.png 300w, https:\/\/fluxlasers.eu\/wp-content\/uploads\/2022\/06\/fluxedu1-768x203.png 768w, https:\/\/fluxlasers.eu\/wp-content\/uploads\/2022\/06\/fluxedu1-600x159.png 600w, https:\/\/fluxlasers.eu\/wp-content\/uploads\/2022\/06\/fluxedu1-190x50.png 190w, https:\/\/fluxlasers.eu\/wp-content\/uploads\/2022\/06\/fluxedu1-341x90.png 341w, https:\/\/fluxlasers.eu\/wp-content\/uploads\/2022\/06\/fluxedu1.png 1400w\" sizes=\"(max-width: 1024px) 100vw, 1024px\" \/><\/figure>\n\n<div style=\"height:10px\" aria-hidden=\"true\" class=\"wp-block-spacer\"><\/div>\n\n<div class=\"wp-block-buttons is-content-justification-center is-layout-flex wp-container-core-buttons-is-layout-16018d1d wp-block-buttons-is-layout-flex\">\n<div class=\"wp-block-button has-custom-width wp-block-button__width-75\"><a class=\"wp-block-button__link has-vivid-cyan-blue-background-color has-background\" href=\"https:\/\/fluxlasers.eu\/contacto\/\" style=\"border-radius:14px\"><strong>Informationen zu F\u00f6rderungen und Angeboten f\u00fcr den Bildungssektor<\/strong><\/a><\/div>\n<\/div>\n\n<div style=\"height:10px\" aria-hidden=\"true\" class=\"wp-block-spacer\"><\/div>\n\n<div class=\"wp-block-columns is-layout-flex wp-container-core-columns-is-layout-9d6595d7 wp-block-columns-is-layout-flex\">\n<div class=\"wp-block-column is-layout-flow wp-block-column-is-layout-flow\" style=\"flex-basis:100%\">\n<p>Erstellen Sie <strong>unterhaltsame und inspirierende Unterrichtsmaterialien<\/strong> f\u00fcr Klassenzimmer, Makerspaces, Fab Labs, Bibliotheken oder Lernzentren <strong>mit den FLUX-Laserschneidern<\/strong>. So k\u00f6nnen Sie das <strong>Lernen f\u00fcr alle Altersgruppen noch spannender gestalten<\/strong>. <\/p>\n<\/div>\n<\/div>\n\n<div class=\"wp-block-columns is-layout-flex wp-container-core-columns-is-layout-9d6595d7 wp-block-columns-is-layout-flex\">\n<div class=\"wp-block-column is-layout-flow wp-block-column-is-layout-flow\" style=\"flex-basis:30%\">\n<div class=\"wp-block-image\"><figure class=\"aligncenter size-full\"><img decoding=\"async\" width=\"1000\" height=\"713\" src=\"https:\/\/fluxlasers.eu\/wp-content\/uploads\/2022\/02\/certificflux.png\" alt=\"\" class=\"wp-image-1955\" srcset=\"https:\/\/fluxlasers.eu\/wp-content\/uploads\/2022\/02\/certificflux.png 1000w, https:\/\/fluxlasers.eu\/wp-content\/uploads\/2022\/02\/certificflux-300x214.png 300w, https:\/\/fluxlasers.eu\/wp-content\/uploads\/2022\/02\/certificflux-768x548.png 768w, https:\/\/fluxlasers.eu\/wp-content\/uploads\/2022\/02\/certificflux-600x428.png 600w, https:\/\/fluxlasers.eu\/wp-content\/uploads\/2022\/02\/certificflux-84x60.png 84w, https:\/\/fluxlasers.eu\/wp-content\/uploads\/2022\/02\/certificflux-126x90.png 126w\" sizes=\"(max-width: 1000px) 100vw, 1000px\" \/><\/figure><\/div>\n<\/div>\n\n\n\n<div class=\"wp-block-column is-vertically-aligned-center is-layout-flow wp-block-column-is-layout-flow\" style=\"flex-basis:70%\">\n<h3 class=\"wp-block-heading\"><strong>Bomedia ist der offizielle Flux-Distributor f\u00fcr den Bildungssektor<\/strong> in Spanien, und wir bieten alle Arten von<strong> Ressourcen f\u00fcr Schulungen und Support<\/strong> f\u00fcr Bildungseinrichtungen sowie<strong> Sonderangebote<\/strong> f\u00fcr diesen Bereich.<\/h3>\n<\/div>\n<\/div>\n\n<figure class=\"wp-block-pullquote has-white-color has-light-green-cyan-to-vivid-green-cyan-gradient-background has-text-color has-background\" style=\"font-style:normal;font-weight:400\"><blockquote><p>Schulen und Bildungseinrichtungen k\u00f6nnen auf<strong> FINANZIELLE F\u00d6RDERUNGEN<\/strong> zugreifen, wie die <strong>NEXT-GENERATION-FONDS<\/strong> und <strong>21ST CENTURY SKILLS<\/strong>, um innovative Technologien f\u00fcr die Bildung anzuschaffen.<\/p><p><strong>ERF\u00dcLLEN ALLE CE-SICHERHEITSANFORDERUNGEN MIT ZERTIFIZIERTER KLASSE C1<\/strong><\/p><cite>Laserschneidmaschinen, wie sie von Flux angeboten werden, f\u00f6rdern Schl\u00fcsselkompetenzen wie kritisches Denken, Kreativit\u00e4t und Probleml\u00f6sung.<\/cite><\/blockquote><\/figure>\n\n<div style=\"height:10px\" aria-hidden=\"true\" class=\"wp-block-spacer\"><\/div>\n\n<div class=\"wp-block-buttons is-content-justification-center is-layout-flex wp-container-core-buttons-is-layout-16018d1d wp-block-buttons-is-layout-flex\">\n<div class=\"wp-block-button has-custom-width wp-block-button__width-75\"><a class=\"wp-block-button__link has-vivid-cyan-blue-background-color has-background\" href=\"https:\/\/fluxlasers.eu\/contacto\/\" style=\"border-radius:14px\"><strong>Informationen zu F\u00f6rderungen und Angeboten f\u00fcr den Bildungssektor<\/strong><\/a><\/div>\n<\/div>\n\n<div style=\"height:23px\" aria-hidden=\"true\" class=\"wp-block-spacer\"><\/div>\n\n<div class=\"wp-block-columns is-layout-flex wp-container-core-columns-is-layout-9d6595d7 wp-block-columns-is-layout-flex\">\n<div class=\"wp-block-column is-layout-flow wp-block-column-is-layout-flow\" style=\"flex-basis:33.33%\">\n<h3 class=\"wp-block-heading\">Vorteile eines Laserschneiders im Klassenzimmer<\/h3>\n\n\n\n<ul class=\"wp-block-list\"><li>Kritisches Denken<\/li><li>Zusammenarbeit im Klassenzimmer<\/li><li>Die Kreativit\u00e4t der Sch\u00fclerinnen und Sch\u00fcler f\u00f6rdern<\/li><li>Lernen durch Tun<\/li><\/ul>\n\n\n\n<h3 class=\"wp-block-heading\">Grundschule und Sekundarstufe<\/h3>\n\n\n\n<ul class=\"wp-block-list\"><li>MINT-Unterricht<\/li><li>Architektur<\/li><li>Modedesign<\/li><li>Kunst und Fotografie<\/li><li>Naturwissenschaftlicher Unterricht<\/li><li>Individuelle Projekte<\/li><\/ul>\n<\/div>\n\n\n\n<div class=\"wp-block-column is-vertically-aligned-top is-layout-flow wp-block-column-is-layout-flow\" style=\"flex-basis:66.66%\">\n<h3 class=\"wp-block-heading\">Makerspaces und Lernr\u00e4ume<\/h3>\n\n\n\n<p><strong>Laser im Klassenzimmer<\/strong> k\u00f6nnen F\u00e4higkeiten in <strong>kritischem Denken<\/strong> und <strong>Probleml\u00f6sung<\/strong> entwickeln, die <strong>Kreativit\u00e4t<\/strong> f\u00f6rdern, die Zusammenarbeit unter Gleichaltrigen st\u00e4rken und Lehrkr\u00e4fte engagierter und erfolgreicher machen.<\/p>\n\n\n\n<figure class=\"wp-block-video\"><video height=\"720\" style=\"aspect-ratio: 1280 \/ 720;\" width=\"1280\" autoplay=\"\" controls=\"\" muted=\"\" poster=\"https:\/\/fluxlasers.eu\/wp-content\/uploads\/2022\/07\/edupreview.png\" src=\"https:\/\/fluxlasers.eu\/wp-content\/uploads\/2022\/07\/FLUX-Laser-Cutter-in-Fluxspace.mp4\"><\/video><\/figure>\n<\/div>\n<\/div>\n\n<div class=\"wp-block-columns is-layout-flex wp-container-core-columns-is-layout-9d6595d7 wp-block-columns-is-layout-flex\">\n<div class=\"wp-block-column is-layout-flow wp-block-column-is-layout-flow\">\n<figure class=\"wp-block-image size-full\"><img decoding=\"async\" width=\"727\" height=\"408\" src=\"https:\/\/fluxlasers.eu\/wp-content\/uploads\/2022\/06\/gsmarena_015.jpeg\" alt=\"\" class=\"wp-image-2251\" srcset=\"https:\/\/fluxlasers.eu\/wp-content\/uploads\/2022\/06\/gsmarena_015.jpeg 727w, https:\/\/fluxlasers.eu\/wp-content\/uploads\/2022\/06\/gsmarena_015-300x168.jpeg 300w, https:\/\/fluxlasers.eu\/wp-content\/uploads\/2022\/06\/gsmarena_015-600x337.jpeg 600w, https:\/\/fluxlasers.eu\/wp-content\/uploads\/2022\/06\/gsmarena_015-107x60.jpeg 107w, https:\/\/fluxlasers.eu\/wp-content\/uploads\/2022\/06\/gsmarena_015-160x90.jpeg 160w\" sizes=\"(max-width: 727px) 100vw, 727px\" \/><\/figure>\n\n\n\n<h3 class=\"wp-block-heading\">Ressourcen f\u00fcr alle Altersgruppen<\/h3>\n\n\n\n<p>Die <strong>meisten Ressourcen<\/strong> konzentrieren sich auf den Einsatz von Laserschneidern durch Sch\u00fclerinnen und Sch\u00fcler in der <strong>Sekundarstufe und Oberstufe<\/strong>. Wie wir jedoch bereits <strong>bei 3D-Druckern festgestellt haben, k\u00f6nnen Lernende jeden Alters ein Design erstellen, und eine erwachsene Person kann das Endprodukt<\/strong> herstellen. <\/p>\n<\/div>\n\n\n\n<div class=\"wp-block-column is-layout-flow wp-block-column-is-layout-flow\">\n<figure class=\"wp-block-image size-full\"><img decoding=\"async\" width=\"686\" height=\"392\" src=\"https:\/\/fluxlasers.eu\/wp-content\/uploads\/2023\/04\/camera_preview-compressed_crop_04.gif\" alt=\"\" class=\"wp-image-2613\"\/><\/figure>\n\n\n\n<h3 class=\"wp-block-heading\">Mobil<\/h3>\n\n\n\n<p>Eine sehr interessante Funktion der <strong>FLUX Beamo Go App<\/strong> (iOS und Android) ist, dass eine Sch\u00fclerin oder ein Sch\u00fcler ein Design auf Papier zeichnen, mit einem Smartphone oder iPad <strong>ein Foto aufnehmen, es an Beamo senden und ausdrucken<\/strong> kann. Diese Methode<strong> erm\u00f6glicht es den Sch\u00fclerinnen und Sch\u00fclern,<\/strong> ganz einfach Projekte mit dem Beamo-Laserschneider zu erstellen! <\/p>\n<\/div>\n\n\n\n<div class=\"wp-block-column is-layout-flow wp-block-column-is-layout-flow\">\n<figure class=\"wp-block-image size-full\"><img decoding=\"async\" width=\"400\" height=\"225\" src=\"https:\/\/fluxlasers.eu\/wp-content\/uploads\/2023\/04\/previewbeam.gif\" alt=\"\" class=\"wp-image-2610\"\/><\/figure>\n\n\n\n<h3 class=\"wp-block-heading\">Einfachheit<\/h3>\n\n\n\n<p>Unsere Produkte werden mit einer <strong>benutzerfreundlichen Beam-Studio-Software f\u00fcr alle Betriebssysteme geliefert; au\u00dferdem gibt es eine Webversion, die keine Installation ben\u00f6tigt<\/strong>. Nutzen Sie unsere integrierte Kamera, um Ihre Designs auszurichten. Erstellen Sie Ihre Projekte in wenigen Minuten und entdecken Sie die einfache Bedienung unserer Produkte.  <\/p>\n<\/div>\n<\/div>\n\n<hr class=\"wp-block-separator\"\/>\n\n<div style=\"height:10px\" aria-hidden=\"true\" class=\"wp-block-spacer\"><\/div>\n\n<div class=\"wp-block-buttons is-content-justification-center is-layout-flex wp-container-core-buttons-is-layout-16018d1d wp-block-buttons-is-layout-flex\">\n<div class=\"wp-block-button has-custom-width wp-block-button__width-75\"><a class=\"wp-block-button__link has-vivid-cyan-blue-background-color has-background\" href=\"https:\/\/fluxlasers.eu\/contacto\/\" style=\"border-radius:14px\"><strong>Informationen zu F\u00f6rderungen und Angeboten f\u00fcr den Bildungssektor<\/strong><\/a><\/div>\n<\/div>\n\n<div style=\"height:10px\" aria-hidden=\"true\" class=\"wp-block-spacer\"><\/div>\n\n<h3 class=\"has-text-align-center wp-block-heading\">Makerspace der Universit\u00e4t\/Fab Lab<\/h3>\n\n<div style=\"height:29px\" aria-hidden=\"true\" class=\"wp-block-spacer\"><\/div>\n\n<div class=\"wp-block-columns is-layout-flex wp-container-core-columns-is-layout-9d6595d7 wp-block-columns-is-layout-flex\">\n<div class=\"wp-block-column is-layout-flow wp-block-column-is-layout-flow\" style=\"flex-basis:66.66%\">\n<h5 class=\"wp-block-heading\">Makerspaces, die Kreativit\u00e4t wecken! <\/h5>\n\n\n\n<p class=\"has-medium-font-size\">Von Lerntechnologie-Produkten bis hin zu CNC-Fr\u00e4sen und Laserschneidern bieten diese R\u00e4ume unglaubliche Ressourcen, damit Studierende ihr disruptives Potenzial entfalten k\u00f6nnen.<\/p>\n<\/div>\n\n\n\n<div class=\"wp-block-column is-layout-flow wp-block-column-is-layout-flow\" style=\"flex-basis:33.33%\">\n<figure class=\"wp-block-image size-full\"><img decoding=\"async\" width=\"1920\" height=\"1281\" src=\"https:\/\/fluxlasers.eu\/wp-content\/uploads\/2022\/07\/B2S1.jpeg\" alt=\"\" class=\"wp-image-2300\" srcset=\"https:\/\/fluxlasers.eu\/wp-content\/uploads\/2022\/07\/B2S1.jpeg 1920w, https:\/\/fluxlasers.eu\/wp-content\/uploads\/2022\/07\/B2S1-300x200.jpeg 300w, https:\/\/fluxlasers.eu\/wp-content\/uploads\/2022\/07\/B2S1-1024x683.jpeg 1024w, https:\/\/fluxlasers.eu\/wp-content\/uploads\/2022\/07\/B2S1-768x512.jpeg 768w, https:\/\/fluxlasers.eu\/wp-content\/uploads\/2022\/07\/B2S1-1536x1025.jpeg 1536w, https:\/\/fluxlasers.eu\/wp-content\/uploads\/2022\/07\/B2S1-600x400.jpeg 600w, https:\/\/fluxlasers.eu\/wp-content\/uploads\/2022\/07\/B2S1-90x60.jpeg 90w, https:\/\/fluxlasers.eu\/wp-content\/uploads\/2022\/07\/B2S1-135x90.jpeg 135w\" sizes=\"(max-width: 1920px) 100vw, 1920px\" \/><\/figure>\n<\/div>\n<\/div>\n\n<div class=\"wp-block-columns is-layout-flex wp-container-core-columns-is-layout-9d6595d7 wp-block-columns-is-layout-flex\">\n<div class=\"wp-block-column is-layout-flow wp-block-column-is-layout-flow\" style=\"flex-basis:33.33%\">\n<figure class=\"wp-block-image size-full\"><img decoding=\"async\" width=\"1920\" height=\"1281\" src=\"https:\/\/fluxlasers.eu\/wp-content\/uploads\/2022\/07\/B2S7-1.jpeg\" alt=\"\" class=\"wp-image-2299\" srcset=\"https:\/\/fluxlasers.eu\/wp-content\/uploads\/2022\/07\/B2S7-1.jpeg 1920w, https:\/\/fluxlasers.eu\/wp-content\/uploads\/2022\/07\/B2S7-1-300x200.jpeg 300w, https:\/\/fluxlasers.eu\/wp-content\/uploads\/2022\/07\/B2S7-1-1024x683.jpeg 1024w, https:\/\/fluxlasers.eu\/wp-content\/uploads\/2022\/07\/B2S7-1-768x512.jpeg 768w, https:\/\/fluxlasers.eu\/wp-content\/uploads\/2022\/07\/B2S7-1-1536x1025.jpeg 1536w, https:\/\/fluxlasers.eu\/wp-content\/uploads\/2022\/07\/B2S7-1-600x400.jpeg 600w, https:\/\/fluxlasers.eu\/wp-content\/uploads\/2022\/07\/B2S7-1-90x60.jpeg 90w, https:\/\/fluxlasers.eu\/wp-content\/uploads\/2022\/07\/B2S7-1-135x90.jpeg 135w\" sizes=\"(max-width: 1920px) 100vw, 1920px\" \/><\/figure>\n<\/div>\n\n\n\n<div class=\"wp-block-column is-layout-flow wp-block-column-is-layout-flow\" style=\"flex-basis:66.66%\">\n<h5 class=\"wp-block-heading\">Vorbereitung auf die Zukunft<\/h5>\n\n\n\n<p class=\"has-medium-font-size\">Durch den Einsatz von Technologie von klein auf erwerben Sch\u00fclerinnen und Sch\u00fcler die notwendigen F\u00e4higkeiten, um zuk\u00fcnftige Herausforderungen zu meistern, und verlieren die Scheu vor neuen Werkzeugen und Technologien.<\/p>\n<\/div>\n<\/div>\n\n<div class=\"wp-block-columns is-layout-flex wp-container-core-columns-is-layout-9d6595d7 wp-block-columns-is-layout-flex\">\n<div class=\"wp-block-column is-layout-flow wp-block-column-is-layout-flow\" style=\"flex-basis:66.66%\">\n<h5 class=\"wp-block-heading\">Vom Klassenzimmer zum Unternehmertum! <\/h5>\n\n\n\n<p class=\"has-medium-font-size\">Makerspaces erm\u00f6glichen es Sch\u00fclerinnen und Sch\u00fclern, ihre Ideen in die Realit\u00e4t umzusetzen, f\u00f6rdern ihren Unternehmergeist und zeigen, wie sie mit nur wenigen einfachen Werkzeugen ein Unternehmen starten k\u00f6nnen.<\/p>\n<\/div>\n\n\n\n<div class=\"wp-block-column is-layout-flow wp-block-column-is-layout-flow\" style=\"flex-basis:33.33%\">\n<figure class=\"wp-block-image size-full\"><img decoding=\"async\" width=\"1200\" height=\"900\" src=\"https:\/\/fluxlasers.eu\/wp-content\/uploads\/2022\/07\/spiderrobot.jpg\" alt=\"\" class=\"wp-image-2312\" srcset=\"https:\/\/fluxlasers.eu\/wp-content\/uploads\/2022\/07\/spiderrobot.jpg 1200w, https:\/\/fluxlasers.eu\/wp-content\/uploads\/2022\/07\/spiderrobot-300x225.jpg 300w, https:\/\/fluxlasers.eu\/wp-content\/uploads\/2022\/07\/spiderrobot-1024x768.jpg 1024w, https:\/\/fluxlasers.eu\/wp-content\/uploads\/2022\/07\/spiderrobot-768x576.jpg 768w, https:\/\/fluxlasers.eu\/wp-content\/uploads\/2022\/07\/spiderrobot-600x450.jpg 600w, https:\/\/fluxlasers.eu\/wp-content\/uploads\/2022\/07\/spiderrobot-80x60.jpg 80w, https:\/\/fluxlasers.eu\/wp-content\/uploads\/2022\/07\/spiderrobot-120x90.jpg 120w\" sizes=\"(max-width: 1200px) 100vw, 1200px\" \/><\/figure>\n<\/div>\n<\/div>\n","protected":false},"excerpt":{"rendered":"<p>Bringen Sie eine FLUX-Maschine ins Klassenzimmer, in den Makerspace, ins Fab Lab, in die Bibliothek oder ins Lernzentrum. F\u00f6rdern Sie die F\u00e4higkeiten der Sch\u00fclerinnen und Sch\u00fcler mit einem praxisnahen Ansatz und gezielter Anleitung. Vom Schneiden von Dinosauriern oder K\u00f6rperteilen f\u00fcr den Biologieunterricht bis hin zum Erstellen von Geb\u00e4udeprototypen f\u00fcr die Architektur \u2013 FLUX verbessert Ihre Lernumgebung.  <\/p>\n","protected":false},"author":1,"featured_media":5777,"parent":0,"menu_order":0,"comment_status":"closed","ping_status":"closed","template":"","meta":{"footnotes":""},"class_list":["post-5761","page","type-page","status-publish","has-post-thumbnail","hentry"],"yoast_head":"<!-- This site is optimized with the Yoast SEO plugin v27.0 - https:\/\/yoast.com\/product\/yoast-seo-wordpress\/ -->\n<title>Flux \u2013 Laserschneider f\u00fcr den Bildungsbereich - Flux - Bomedia<\/title>\n<meta name=\"robots\" content=\"index, follow, max-snippet:-1, max-image-preview:large, max-video-preview:-1\" \/>\n<link rel=\"canonical\" href=\"https:\/\/fluxlasers.eu\/de\/flux-laserschneider-fuer-den-bildungsbereich\/\" \/>\n<meta property=\"og:locale\" content=\"de_DE\" \/>\n<meta property=\"og:type\" content=\"article\" \/>\n<meta property=\"og:title\" content=\"Flux \u2013 Laserschneider f\u00fcr den Bildungsbereich - Flux - Bomedia\" \/>\n<meta property=\"og:description\" content=\"Bringen Sie eine FLUX-Maschine ins Klassenzimmer, in den Makerspace, ins Fab Lab, in die Bibliothek oder ins Lernzentrum. F\u00f6rdern Sie die F\u00e4higkeiten der Sch\u00fclerinnen und Sch\u00fcler mit einem praxisnahen Ansatz und gezielter Anleitung. Vom Schneiden von Dinosauriern oder K\u00f6rperteilen f\u00fcr den Biologieunterricht bis hin zum Erstellen von Geb\u00e4udeprototypen f\u00fcr die Architektur \u2013 FLUX verbessert Ihre Lernumgebung.\" \/>\n<meta property=\"og:url\" content=\"https:\/\/fluxlasers.eu\/de\/flux-laserschneider-fuer-den-bildungsbereich\/\" \/>\n<meta property=\"og:site_name\" content=\"Flux - Bomedia\" \/>\n<meta property=\"article:modified_time\" content=\"2026-02-27T10:57:22+00:00\" \/>\n<meta property=\"og:image\" content=\"https:\/\/fluxlasers.eu\/wp-content\/uploads\/2023\/04\/educationlong.jpg\" \/>\n\t<meta property=\"og:image:width\" content=\"560\" \/>\n\t<meta property=\"og:image:height\" content=\"130\" \/>\n\t<meta property=\"og:image:type\" content=\"image\/jpeg\" \/>\n<meta name=\"twitter:card\" content=\"summary_large_image\" \/>\n<meta name=\"twitter:label1\" content=\"Gesch\u00e4tzte Lesezeit\" \/>\n\t<meta name=\"twitter:data1\" content=\"3 Minuten\" \/>\n<script type=\"application\/ld+json\" class=\"yoast-schema-graph\">{\"@context\":\"https:\/\/schema.org\",\"@graph\":[{\"@type\":\"WebPage\",\"@id\":\"https:\/\/fluxlasers.eu\/de\/flux-laserschneider-fuer-den-bildungsbereich\/\",\"url\":\"https:\/\/fluxlasers.eu\/de\/flux-laserschneider-fuer-den-bildungsbereich\/\",\"name\":\"Flux \u2013 Laserschneider f\u00fcr den Bildungsbereich - Flux - Bomedia\",\"isPartOf\":{\"@id\":\"https:\/\/fluxlasers.eu\/de\/#website\"},\"primaryImageOfPage\":{\"@id\":\"https:\/\/fluxlasers.eu\/de\/flux-laserschneider-fuer-den-bildungsbereich\/#primaryimage\"},\"image\":{\"@id\":\"https:\/\/fluxlasers.eu\/de\/flux-laserschneider-fuer-den-bildungsbereich\/#primaryimage\"},\"thumbnailUrl\":\"https:\/\/fluxlasers.eu\/wp-content\/uploads\/2023\/04\/educationlong.jpg\",\"datePublished\":\"2022-07-22T07:55:13+00:00\",\"dateModified\":\"2026-02-27T10:57:22+00:00\",\"breadcrumb\":{\"@id\":\"https:\/\/fluxlasers.eu\/de\/flux-laserschneider-fuer-den-bildungsbereich\/#breadcrumb\"},\"inLanguage\":\"de\",\"potentialAction\":[{\"@type\":\"ReadAction\",\"target\":[\"https:\/\/fluxlasers.eu\/de\/flux-laserschneider-fuer-den-bildungsbereich\/\"]}]},{\"@type\":\"ImageObject\",\"inLanguage\":\"de\",\"@id\":\"https:\/\/fluxlasers.eu\/de\/flux-laserschneider-fuer-den-bildungsbereich\/#primaryimage\",\"url\":\"https:\/\/fluxlasers.eu\/wp-content\/uploads\/2023\/04\/educationlong.jpg\",\"contentUrl\":\"https:\/\/fluxlasers.eu\/wp-content\/uploads\/2023\/04\/educationlong.jpg\",\"width\":560,\"height\":130},{\"@type\":\"BreadcrumbList\",\"@id\":\"https:\/\/fluxlasers.eu\/de\/flux-laserschneider-fuer-den-bildungsbereich\/#breadcrumb\",\"itemListElement\":[{\"@type\":\"ListItem\",\"position\":1,\"name\":\"Portada\",\"item\":\"https:\/\/fluxlasers.eu\/de\/startseite\/\"},{\"@type\":\"ListItem\",\"position\":2,\"name\":\"Flux \u2013 Laserschneider f\u00fcr den Bildungsbereich\"}]},{\"@type\":\"WebSite\",\"@id\":\"https:\/\/fluxlasers.eu\/de\/#website\",\"url\":\"https:\/\/fluxlasers.eu\/de\/\",\"name\":\"Flux - Bomedia\",\"description\":\"Lasercutter und -gravierer\",\"publisher\":{\"@id\":\"https:\/\/fluxlasers.eu\/de\/#organization\"},\"potentialAction\":[{\"@type\":\"SearchAction\",\"target\":{\"@type\":\"EntryPoint\",\"urlTemplate\":\"https:\/\/fluxlasers.eu\/de\/?s={search_term_string}\"},\"query-input\":{\"@type\":\"PropertyValueSpecification\",\"valueRequired\":true,\"valueName\":\"search_term_string\"}}],\"inLanguage\":\"de\"},{\"@type\":\"Organization\",\"@id\":\"https:\/\/fluxlasers.eu\/de\/#organization\",\"name\":\"Fluxlasers Espa\u00f1a\",\"url\":\"https:\/\/fluxlasers.eu\/de\/\",\"logo\":{\"@type\":\"ImageObject\",\"inLanguage\":\"de\",\"@id\":\"https:\/\/fluxlasers.eu\/de\/#\/schema\/logo\/image\/\",\"url\":\"https:\/\/fluxlasers.eu\/wp-content\/uploads\/2021\/03\/logofluxspainc.png\",\"contentUrl\":\"https:\/\/fluxlasers.eu\/wp-content\/uploads\/2021\/03\/logofluxspainc.png\",\"width\":350,\"height\":217,\"caption\":\"Fluxlasers Espa\u00f1a\"},\"image\":{\"@id\":\"https:\/\/fluxlasers.eu\/de\/#\/schema\/logo\/image\/\"}}]}<\/script>\n<!-- \/ Yoast SEO plugin. -->","yoast_head_json":{"title":"Flux \u2013 Laserschneider f\u00fcr den Bildungsbereich - Flux - Bomedia","robots":{"index":"index","follow":"follow","max-snippet":"max-snippet:-1","max-image-preview":"max-image-preview:large","max-video-preview":"max-video-preview:-1"},"canonical":"https:\/\/fluxlasers.eu\/de\/flux-laserschneider-fuer-den-bildungsbereich\/","og_locale":"de_DE","og_type":"article","og_title":"Flux \u2013 Laserschneider f\u00fcr den Bildungsbereich - Flux - Bomedia","og_description":"Bringen Sie eine FLUX-Maschine ins Klassenzimmer, in den Makerspace, ins Fab Lab, in die Bibliothek oder ins Lernzentrum. F\u00f6rdern Sie die F\u00e4higkeiten der Sch\u00fclerinnen und Sch\u00fcler mit einem praxisnahen Ansatz und gezielter Anleitung. Vom Schneiden von Dinosauriern oder K\u00f6rperteilen f\u00fcr den Biologieunterricht bis hin zum Erstellen von Geb\u00e4udeprototypen f\u00fcr die Architektur \u2013 FLUX verbessert Ihre Lernumgebung.","og_url":"https:\/\/fluxlasers.eu\/de\/flux-laserschneider-fuer-den-bildungsbereich\/","og_site_name":"Flux - Bomedia","article_modified_time":"2026-02-27T10:57:22+00:00","og_image":[{"width":560,"height":130,"url":"https:\/\/fluxlasers.eu\/wp-content\/uploads\/2023\/04\/educationlong.jpg","type":"image\/jpeg"}],"twitter_card":"summary_large_image","twitter_misc":{"Gesch\u00e4tzte Lesezeit":"3 Minuten"},"schema":{"@context":"https:\/\/schema.org","@graph":[{"@type":"WebPage","@id":"https:\/\/fluxlasers.eu\/de\/flux-laserschneider-fuer-den-bildungsbereich\/","url":"https:\/\/fluxlasers.eu\/de\/flux-laserschneider-fuer-den-bildungsbereich\/","name":"Flux \u2013 Laserschneider f\u00fcr den Bildungsbereich - Flux - Bomedia","isPartOf":{"@id":"https:\/\/fluxlasers.eu\/de\/#website"},"primaryImageOfPage":{"@id":"https:\/\/fluxlasers.eu\/de\/flux-laserschneider-fuer-den-bildungsbereich\/#primaryimage"},"image":{"@id":"https:\/\/fluxlasers.eu\/de\/flux-laserschneider-fuer-den-bildungsbereich\/#primaryimage"},"thumbnailUrl":"https:\/\/fluxlasers.eu\/wp-content\/uploads\/2023\/04\/educationlong.jpg","datePublished":"2022-07-22T07:55:13+00:00","dateModified":"2026-02-27T10:57:22+00:00","breadcrumb":{"@id":"https:\/\/fluxlasers.eu\/de\/flux-laserschneider-fuer-den-bildungsbereich\/#breadcrumb"},"inLanguage":"de","potentialAction":[{"@type":"ReadAction","target":["https:\/\/fluxlasers.eu\/de\/flux-laserschneider-fuer-den-bildungsbereich\/"]}]},{"@type":"ImageObject","inLanguage":"de","@id":"https:\/\/fluxlasers.eu\/de\/flux-laserschneider-fuer-den-bildungsbereich\/#primaryimage","url":"https:\/\/fluxlasers.eu\/wp-content\/uploads\/2023\/04\/educationlong.jpg","contentUrl":"https:\/\/fluxlasers.eu\/wp-content\/uploads\/2023\/04\/educationlong.jpg","width":560,"height":130},{"@type":"BreadcrumbList","@id":"https:\/\/fluxlasers.eu\/de\/flux-laserschneider-fuer-den-bildungsbereich\/#breadcrumb","itemListElement":[{"@type":"ListItem","position":1,"name":"Portada","item":"https:\/\/fluxlasers.eu\/de\/startseite\/"},{"@type":"ListItem","position":2,"name":"Flux \u2013 Laserschneider f\u00fcr den Bildungsbereich"}]},{"@type":"WebSite","@id":"https:\/\/fluxlasers.eu\/de\/#website","url":"https:\/\/fluxlasers.eu\/de\/","name":"Flux - Bomedia","description":"Lasercutter und -gravierer","publisher":{"@id":"https:\/\/fluxlasers.eu\/de\/#organization"},"potentialAction":[{"@type":"SearchAction","target":{"@type":"EntryPoint","urlTemplate":"https:\/\/fluxlasers.eu\/de\/?s={search_term_string}"},"query-input":{"@type":"PropertyValueSpecification","valueRequired":true,"valueName":"search_term_string"}}],"inLanguage":"de"},{"@type":"Organization","@id":"https:\/\/fluxlasers.eu\/de\/#organization","name":"Fluxlasers Espa\u00f1a","url":"https:\/\/fluxlasers.eu\/de\/","logo":{"@type":"ImageObject","inLanguage":"de","@id":"https:\/\/fluxlasers.eu\/de\/#\/schema\/logo\/image\/","url":"https:\/\/fluxlasers.eu\/wp-content\/uploads\/2021\/03\/logofluxspainc.png","contentUrl":"https:\/\/fluxlasers.eu\/wp-content\/uploads\/2021\/03\/logofluxspainc.png","width":350,"height":217,"caption":"Fluxlasers Espa\u00f1a"},"image":{"@id":"https:\/\/fluxlasers.eu\/de\/#\/schema\/logo\/image\/"}}]}},"_links":{"self":[{"href":"https:\/\/fluxlasers.eu\/de\/wp-json\/wp\/v2\/pages\/5761","targetHints":{"allow":["GET"]}}],"collection":[{"href":"https:\/\/fluxlasers.eu\/de\/wp-json\/wp\/v2\/pages"}],"about":[{"href":"https:\/\/fluxlasers.eu\/de\/wp-json\/wp\/v2\/types\/page"}],"author":[{"embeddable":true,"href":"https:\/\/fluxlasers.eu\/de\/wp-json\/wp\/v2\/users\/1"}],"replies":[{"embeddable":true,"href":"https:\/\/fluxlasers.eu\/de\/wp-json\/wp\/v2\/comments?post=5761"}],"version-history":[{"count":1,"href":"https:\/\/fluxlasers.eu\/de\/wp-json\/wp\/v2\/pages\/5761\/revisions"}],"predecessor-version":[{"id":5780,"href":"https:\/\/fluxlasers.eu\/de\/wp-json\/wp\/v2\/pages\/5761\/revisions\/5780"}],"wp:featuredmedia":[{"embeddable":true,"href":"https:\/\/fluxlasers.eu\/de\/wp-json\/wp\/v2\/media\/5777"}],"wp:attachment":[{"href":"https:\/\/fluxlasers.eu\/de\/wp-json\/wp\/v2\/media?parent=5761"}],"curies":[{"name":"wp","href":"https:\/\/api.w.org\/{rel}","templated":true}]}}